{"id":4434,"date":"2025-03-16T20:19:01","date_gmt":"2025-03-16T18:19:01","guid":{"rendered":"https:\/\/shop.hippolyte.fi\/?post_type=product&#038;p=4434"},"modified":"2025-11-06T11:49:57","modified_gmt":"2025-11-06T09:49:57","slug":"helga-harenstam-anna-strand-the-exposed-eye-1","status":"publish","type":"product","link":"https:\/\/shop.hippolyte.fi\/en\/product\/helga-harenstam-anna-strand-the-exposed-eye-1\/","title":{"rendered":"Helga H\u00e4renstam &amp; Anna Strand: The Exposed Eye #1"},"content":{"rendered":"<p>Dear Reader,<\/p>\n<p>During a breezy sea vacation, we entered into an agreement that over the next year, we would embark on a shared game. The game was to give each other assignments that were formulated: \u201cDo something about\u2026\u201d The ellipses were to be replaced with something one of us thought the other should take on. The assignment, once completed, contained the seed for the next one, and it would continue in this vein until it somehow came to and end.<\/p>\n<p>We started with a man who was called Raftworks Abrahamsson and moved around after that in realities and escapisms, among children, X-rays, deserted houses, archives, sorrows, photo labs, sadists, harbor towns, slaughterhouses, amusement parks, dreams, coffins, and cyclopes. We impacted life and were impacted by life. We traveled to Vindeln, to Paris, to Helsinki, and in time. We mixed together and were mixed together.<\/p>\n<p>The result of those completed assignments is what you now hold in your hand.<\/p>\n<p>Warmest regards,<br \/>\nAnna Strand &amp; Helga H\u00e4renstam<\/p>\n","protected":false},"excerpt":{"rendered":"<p>ISBN: 978-91-986244-9-6<br \/>\nPublisher: Sailor Press<br \/>\nYear: 2024<br \/>\nPhotography: Helga H\u00e4renstam &amp; Anna Strand<br \/>\nTexts: Helga H\u00e4renstam &amp; Anna Strand<br \/>\nTranslation: Robin Planton, Suzanne Martin Cheadle<br \/>\nGraphic design: Matilda Pl\u00f6jel<br \/>\nTypographer: Thomas Hirter<br \/>\nRepro: Eva-Ter\u00e9z G\u00f6lin<br \/>\nPrinting: By Wind, \u00d6desh\u00f6g, Sweden<br \/>\nEnglish edition: 300<br \/>\nSwedish edition: 600<br \/>\nLanguage: English \/ Swedish<br \/>\nPages: 168<br \/>\nDimensions: 24 x 17 cm<\/p>\n","protected":false},"featured_media":4436,"template":"","meta":{"_acf_changed":false},"product_brand":[],"product_cat":[409],"product_tag":[],"artists":[471,470],"location":[],"publisher":[469],"years":[433],"class_list":{"0":"post-4434","1":"product","2":"type-product","3":"status-publish","4":"has-post-thumbnail","6":"product_cat-artist-books","7":"product_shipping_class-posti-xxs-max-3-x-25-x-35-cm-2kg","8":"artists-anna-strand","9":"artists-helga-harenstam","10":"publisher-sailor-press","11":"years-433","13":"first","14":"instock","15":"purchasable","16":"product-type-simple"},"acf":[],"yoast_head":"<!-- This site is optimized with the Yoast SEO plugin v26.0 - https:\/\/yoast.com\/wordpress\/plugins\/seo\/ -->\n<title>Helga H\u00e4renstam &amp; Anna Strand: The Exposed Eye #1 - Online shop for photographic art<\/title>\n<meta name=\"robots\" content=\"index, follow, max-snippet:-1, max-image-preview:large, max-video-preview:-1\" \/>\n<link rel=\"canonical\" href=\"https:\/\/shop.hippolyte.fi\/en\/product\/helga-harenstam-anna-strand-the-exposed-eye-1\/\" \/>\n<meta property=\"og:locale\" content=\"en_US\" \/>\n<meta property=\"og:type\" content=\"article\" \/>\n<meta property=\"og:title\" content=\"Helga H\u00e4renstam &amp; Anna Strand: The Exposed Eye #1 - Online shop for photographic art\" \/>\n<meta property=\"og:description\" content=\"ISBN: 978-91-986244-9-6 Publisher: Sailor Press Year: 2024 Photography: Helga H\u00e4renstam &amp; Anna Strand Texts: Helga H\u00e4renstam &amp; Anna Strand Translation: Robin Planton, Suzanne Martin Cheadle Graphic design: Matilda Pl\u00f6jel Typographer: Thomas Hirter Repro: Eva-Ter\u00e9z G\u00f6lin Printing: By Wind, \u00d6desh\u00f6g, Sweden English edition: 300 Swedish edition: 600 Language: English \/ Swedish Pages: 168 Dimensions: 24 x 17 cm\" \/>\n<meta property=\"og:url\" content=\"https:\/\/shop.hippolyte.fi\/en\/product\/helga-harenstam-anna-strand-the-exposed-eye-1\/\" \/>\n<meta property=\"og:site_name\" content=\"Online shop for photographic art\" \/>\n<meta property=\"article:modified_time\" content=\"2025-11-06T09:49:57+00:00\" \/>\n<meta property=\"og:image\" content=\"https:\/\/shop.hippolyte.fi\/wp-content\/uploads\/2025\/03\/harenstam-strand-exposedeye.jpg\" \/>\n\t<meta property=\"og:image:width\" content=\"1900\" \/>\n\t<meta property=\"og:image:height\" content=\"1900\" \/>\n\t<meta property=\"og:image:type\" content=\"image\/jpeg\" \/>\n<meta name=\"twitter:card\" content=\"summary_large_image\" \/>\n<meta name=\"twitter:label1\" content=\"Est. reading time\" \/>\n\t<meta name=\"twitter:data1\" content=\"2 minutes\" \/>\n<script type=\"application\/ld+json\" class=\"yoast-schema-graph\">{\"@context\":\"https:\/\/schema.org\",\"@graph\":[{\"@type\":\"WebPage\",\"@id\":\"https:\/\/shop.hippolyte.fi\/en\/product\/helga-harenstam-anna-strand-the-exposed-eye-1\/\",\"url\":\"https:\/\/shop.hippolyte.fi\/en\/product\/helga-harenstam-anna-strand-the-exposed-eye-1\/\",\"name\":\"Helga H\u00e4renstam &amp; Anna Strand: The Exposed Eye #1 - Online shop for photographic art\",\"isPartOf\":{\"@id\":\"https:\/\/shop.hippolyte.fi\/en\/#website\"},\"primaryImageOfPage\":{\"@id\":\"https:\/\/shop.hippolyte.fi\/en\/product\/helga-harenstam-anna-strand-the-exposed-eye-1\/#primaryimage\"},\"image\":{\"@id\":\"https:\/\/shop.hippolyte.fi\/en\/product\/helga-harenstam-anna-strand-the-exposed-eye-1\/#primaryimage\"},\"thumbnailUrl\":\"https:\/\/shop.hippolyte.fi\/wp-content\/uploads\/2025\/03\/harenstam-strand-exposedeye.jpg\",\"datePublished\":\"2025-03-16T18:19:01+00:00\",\"dateModified\":\"2025-11-06T09:49:57+00:00\",\"breadcrumb\":{\"@id\":\"https:\/\/shop.hippolyte.fi\/en\/product\/helga-harenstam-anna-strand-the-exposed-eye-1\/#breadcrumb\"},\"inLanguage\":\"en-US\",\"potentialAction\":[{\"@type\":\"ReadAction\",\"target\":[\"https:\/\/shop.hippolyte.fi\/en\/product\/helga-harenstam-anna-strand-the-exposed-eye-1\/\"]}]},{\"@type\":\"ImageObject\",\"inLanguage\":\"en-US\",\"@id\":\"https:\/\/shop.hippolyte.fi\/en\/product\/helga-harenstam-anna-strand-the-exposed-eye-1\/#primaryimage\",\"url\":\"https:\/\/shop.hippolyte.fi\/wp-content\/uploads\/2025\/03\/harenstam-strand-exposedeye.jpg\",\"contentUrl\":\"https:\/\/shop.hippolyte.fi\/wp-content\/uploads\/2025\/03\/harenstam-strand-exposedeye.jpg\",\"width\":1900,\"height\":1900},{\"@type\":\"BreadcrumbList\",\"@id\":\"https:\/\/shop.hippolyte.fi\/en\/product\/helga-harenstam-anna-strand-the-exposed-eye-1\/#breadcrumb\",\"itemListElement\":[{\"@type\":\"ListItem\",\"position\":1,\"name\":\"Etusivu\",\"item\":\"https:\/\/shop.hippolyte.fi\/en\/\"},{\"@type\":\"ListItem\",\"position\":2,\"name\":\"Shop\",\"item\":\"https:\/\/shop.hippolyte.fi\/en\/shop\/\"},{\"@type\":\"ListItem\",\"position\":3,\"name\":\"Helga H\u00e4renstam &amp; Anna Strand: The Exposed Eye #1\"}]},{\"@type\":\"WebSite\",\"@id\":\"https:\/\/shop.hippolyte.fi\/en\/#website\",\"url\":\"https:\/\/shop.hippolyte.fi\/en\/\",\"name\":\"Online shop for photographic art\",\"description\":\"Verkkokaupassa myyd\u00e4\u00e4n teoksia ja valokuvataidekirjoja. OTOS-tapahtuman aikana my\u00f6s tapahtuman teoksia.\",\"potentialAction\":[{\"@type\":\"SearchAction\",\"target\":{\"@type\":\"EntryPoint\",\"urlTemplate\":\"https:\/\/shop.hippolyte.fi\/en\/?s={search_term_string}\"},\"query-input\":{\"@type\":\"PropertyValueSpecification\",\"valueRequired\":true,\"valueName\":\"search_term_string\"}}],\"inLanguage\":\"en-US\"}]}<\/script>\n<!-- \/ Yoast SEO plugin. -->","yoast_head_json":{"title":"Helga H\u00e4renstam &amp; Anna Strand: The Exposed Eye #1 - Online shop for photographic art","robots":{"index":"index","follow":"follow","max-snippet":"max-snippet:-1","max-image-preview":"max-image-preview:large","max-video-preview":"max-video-preview:-1"},"canonical":"https:\/\/shop.hippolyte.fi\/en\/product\/helga-harenstam-anna-strand-the-exposed-eye-1\/","og_locale":"en_US","og_type":"article","og_title":"Helga H\u00e4renstam &amp; Anna Strand: The Exposed Eye #1 - Online shop for photographic art","og_description":"ISBN: 978-91-986244-9-6 Publisher: Sailor Press Year: 2024 Photography: Helga H\u00e4renstam &amp; Anna Strand Texts: Helga H\u00e4renstam &amp; Anna Strand Translation: Robin Planton, Suzanne Martin Cheadle Graphic design: Matilda Pl\u00f6jel Typographer: Thomas Hirter Repro: Eva-Ter\u00e9z G\u00f6lin Printing: By Wind, \u00d6desh\u00f6g, Sweden English edition: 300 Swedish edition: 600 Language: English \/ Swedish Pages: 168 Dimensions: 24 x 17 cm","og_url":"https:\/\/shop.hippolyte.fi\/en\/product\/helga-harenstam-anna-strand-the-exposed-eye-1\/","og_site_name":"Online shop for photographic art","article_modified_time":"2025-11-06T09:49:57+00:00","og_image":[{"width":1900,"height":1900,"url":"https:\/\/shop.hippolyte.fi\/wp-content\/uploads\/2025\/03\/harenstam-strand-exposedeye.jpg","type":"image\/jpeg"}],"twitter_card":"summary_large_image","twitter_misc":{"Est. reading time":"2 minutes"},"schema":{"@context":"https:\/\/schema.org","@graph":[{"@type":"WebPage","@id":"https:\/\/shop.hippolyte.fi\/en\/product\/helga-harenstam-anna-strand-the-exposed-eye-1\/","url":"https:\/\/shop.hippolyte.fi\/en\/product\/helga-harenstam-anna-strand-the-exposed-eye-1\/","name":"Helga H\u00e4renstam &amp; Anna Strand: The Exposed Eye #1 - Online shop for photographic art","isPartOf":{"@id":"https:\/\/shop.hippolyte.fi\/en\/#website"},"primaryImageOfPage":{"@id":"https:\/\/shop.hippolyte.fi\/en\/product\/helga-harenstam-anna-strand-the-exposed-eye-1\/#primaryimage"},"image":{"@id":"https:\/\/shop.hippolyte.fi\/en\/product\/helga-harenstam-anna-strand-the-exposed-eye-1\/#primaryimage"},"thumbnailUrl":"https:\/\/shop.hippolyte.fi\/wp-content\/uploads\/2025\/03\/harenstam-strand-exposedeye.jpg","datePublished":"2025-03-16T18:19:01+00:00","dateModified":"2025-11-06T09:49:57+00:00","breadcrumb":{"@id":"https:\/\/shop.hippolyte.fi\/en\/product\/helga-harenstam-anna-strand-the-exposed-eye-1\/#breadcrumb"},"inLanguage":"en-US","potentialAction":[{"@type":"ReadAction","target":["https:\/\/shop.hippolyte.fi\/en\/product\/helga-harenstam-anna-strand-the-exposed-eye-1\/"]}]},{"@type":"ImageObject","inLanguage":"en-US","@id":"https:\/\/shop.hippolyte.fi\/en\/product\/helga-harenstam-anna-strand-the-exposed-eye-1\/#primaryimage","url":"https:\/\/shop.hippolyte.fi\/wp-content\/uploads\/2025\/03\/harenstam-strand-exposedeye.jpg","contentUrl":"https:\/\/shop.hippolyte.fi\/wp-content\/uploads\/2025\/03\/harenstam-strand-exposedeye.jpg","width":1900,"height":1900},{"@type":"BreadcrumbList","@id":"https:\/\/shop.hippolyte.fi\/en\/product\/helga-harenstam-anna-strand-the-exposed-eye-1\/#breadcrumb","itemListElement":[{"@type":"ListItem","position":1,"name":"Etusivu","item":"https:\/\/shop.hippolyte.fi\/en\/"},{"@type":"ListItem","position":2,"name":"Shop","item":"https:\/\/shop.hippolyte.fi\/en\/shop\/"},{"@type":"ListItem","position":3,"name":"Helga H\u00e4renstam &amp; Anna Strand: The Exposed Eye #1"}]},{"@type":"WebSite","@id":"https:\/\/shop.hippolyte.fi\/en\/#website","url":"https:\/\/shop.hippolyte.fi\/en\/","name":"Online shop for photographic art","description":"Verkkokaupassa myyd\u00e4\u00e4n teoksia ja valokuvataidekirjoja. OTOS-tapahtuman aikana my\u00f6s tapahtuman teoksia.","potentialAction":[{"@type":"SearchAction","target":{"@type":"EntryPoint","urlTemplate":"https:\/\/shop.hippolyte.fi\/en\/?s={search_term_string}"},"query-input":{"@type":"PropertyValueSpecification","valueRequired":true,"valueName":"search_term_string"}}],"inLanguage":"en-US"}]}},"_links":{"self":[{"href":"https:\/\/shop.hippolyte.fi\/en\/wp-json\/wp\/v2\/product\/4434","targetHints":{"allow":["GET"]}}],"collection":[{"href":"https:\/\/shop.hippolyte.fi\/en\/wp-json\/wp\/v2\/product"}],"about":[{"href":"https:\/\/shop.hippolyte.fi\/en\/wp-json\/wp\/v2\/types\/product"}],"wp:featuredmedia":[{"embeddable":true,"href":"https:\/\/shop.hippolyte.fi\/en\/wp-json\/wp\/v2\/media\/4436"}],"wp:attachment":[{"href":"https:\/\/shop.hippolyte.fi\/en\/wp-json\/wp\/v2\/media?parent=4434"}],"wp:term":[{"taxonomy":"product_brand","embeddable":true,"href":"https:\/\/shop.hippolyte.fi\/en\/wp-json\/wp\/v2\/product_brand?post=4434"},{"taxonomy":"product_cat","embeddable":true,"href":"https:\/\/shop.hippolyte.fi\/en\/wp-json\/wp\/v2\/product_cat?post=4434"},{"taxonomy":"product_tag","embeddable":true,"href":"https:\/\/shop.hippolyte.fi\/en\/wp-json\/wp\/v2\/product_tag?post=4434"},{"taxonomy":"artists","embeddable":true,"href":"https:\/\/shop.hippolyte.fi\/en\/wp-json\/wp\/v2\/artists?post=4434"},{"taxonomy":"location","embeddable":true,"href":"https:\/\/shop.hippolyte.fi\/en\/wp-json\/wp\/v2\/location?post=4434"},{"taxonomy":"publisher","embeddable":true,"href":"https:\/\/shop.hippolyte.fi\/en\/wp-json\/wp\/v2\/publisher?post=4434"},{"taxonomy":"years","embeddable":true,"href":"https:\/\/shop.hippolyte.fi\/en\/wp-json\/wp\/v2\/years?post=4434"}],"curies":[{"name":"wp","href":"https:\/\/api.w.org\/{rel}","templated":true}]}}