{"id":4458,"date":"2025-05-13T12:49:25","date_gmt":"2025-05-13T09:49:25","guid":{"rendered":"https:\/\/shop.hippolyte.fi\/?post_type=product&#038;p=4458"},"modified":"2025-11-06T11:49:57","modified_gmt":"2025-11-06T09:49:57","slug":"nelli-palomaki-shared-en","status":"publish","type":"product","link":"https:\/\/shop.hippolyte.fi\/en\/product\/nelli-palomaki-shared-en\/","title":{"rendered":"Nelli Palom\u00e4ki: SHARED"},"content":{"rendered":"<p>SHARED, a newest book by a Finnish photographer Nelli Palom\u00e4ki, explores siblinghood through portraiture. Essay \u2018On Siblinghood\u2019 is written by a Finnish essayist and literary translator Antti Nyl\u00e9n.<\/p>\n","protected":false},"excerpt":{"rendered":"<p>ISBN: 978-952-94-8761-5<br \/>\nPublisher: Self-published<br \/>\nYear: 2024<br \/>\nPhotography: Nelli Palom\u00e4ki<br \/>\nEssay: Antti Nyl\u00e9n<br \/>\nEnglish translation: Jean Ramsay<br \/>\nProofreading (English): Minna Jeffery<br \/>\nDesign: Tytti Halonen<br \/>\nReproduction: Petri Kuokka, Aarnipaja<br \/>\nPrinting: Markprint, Lahti<br \/>\nBinding: Lahen Kirjansitomo<br \/>\nEdition: 250<br \/>\nLanguage: Finnish and English<br \/>\nPages: 64<br \/>\nDimensions: 40 x 27,5 cm<br \/>\nDimensions: 22 x 22 cm<\/p>\n","protected":false},"featured_media":4460,"template":"","meta":{"_acf_changed":false},"product_brand":[],"product_cat":[409,454],"product_tag":[],"artists":[472],"location":[],"publisher":[411],"years":[433],"class_list":{"0":"post-4458","1":"product","2":"type-product","3":"status-publish","4":"has-post-thumbnail","6":"product_cat-artist-books","7":"product_cat-photobook-awards","8":"product_shipping_class-posti-s-max-11-x-32-x-42-cm-25-kg","9":"artists-palomaki-nelli","10":"publisher-itsejulkaistu","11":"years-433","13":"first","14":"outofstock","15":"taxable","16":"shipping-taxable","17":"purchasable","18":"product-type-simple"},"acf":[],"yoast_head":"<!-- This site is optimized with the Yoast SEO plugin v26.0 - https:\/\/yoast.com\/wordpress\/plugins\/seo\/ -->\n<title>Nelli Palom\u00e4ki: SHARED - Online shop for photographic art<\/title>\n<meta name=\"robots\" content=\"index, follow, max-snippet:-1, max-image-preview:large, max-video-preview:-1\" \/>\n<link rel=\"canonical\" href=\"https:\/\/shop.hippolyte.fi\/en\/product\/nelli-palomaki-shared-en\/\" \/>\n<meta property=\"og:locale\" content=\"en_US\" \/>\n<meta property=\"og:type\" content=\"article\" \/>\n<meta property=\"og:title\" content=\"Nelli Palom\u00e4ki: SHARED - Online shop for photographic art\" \/>\n<meta property=\"og:description\" content=\"ISBN: 978-952-94-8761-5 Publisher: Self-published Year: 2024 Photography: Nelli Palom\u00e4ki Essay: Antti Nyl\u00e9n English translation: Jean Ramsay Proofreading (English): Minna Jeffery Design: Tytti Halonen Reproduction: Petri Kuokka, Aarnipaja Printing: Markprint, Lahti Binding: Lahen Kirjansitomo Edition: 250 Language: Finnish and English Pages: 64 Dimensions: 40 x 27,5 cm Dimensions: 22 x 22 cm\" \/>\n<meta property=\"og:url\" content=\"https:\/\/shop.hippolyte.fi\/en\/product\/nelli-palomaki-shared-en\/\" \/>\n<meta property=\"og:site_name\" content=\"Online shop for photographic art\" \/>\n<meta property=\"article:modified_time\" content=\"2025-11-06T09:49:57+00:00\" \/>\n<meta property=\"og:image\" content=\"https:\/\/shop.hippolyte.fi\/wp-content\/uploads\/2025\/05\/palomaki-shared.jpg\" \/>\n\t<meta property=\"og:image:width\" content=\"1800\" \/>\n\t<meta property=\"og:image:height\" content=\"1800\" \/>\n\t<meta property=\"og:image:type\" content=\"image\/jpeg\" \/>\n<meta name=\"twitter:card\" content=\"summary_large_image\" \/>\n<meta name=\"twitter:label1\" content=\"Est. reading time\" \/>\n\t<meta name=\"twitter:data1\" content=\"1 minute\" \/>\n<script type=\"application\/ld+json\" class=\"yoast-schema-graph\">{\"@context\":\"https:\/\/schema.org\",\"@graph\":[{\"@type\":\"WebPage\",\"@id\":\"https:\/\/shop.hippolyte.fi\/en\/product\/nelli-palomaki-shared-en\/\",\"url\":\"https:\/\/shop.hippolyte.fi\/en\/product\/nelli-palomaki-shared-en\/\",\"name\":\"Nelli Palom\u00e4ki: SHARED - Online shop for photographic art\",\"isPartOf\":{\"@id\":\"https:\/\/shop.hippolyte.fi\/en\/#website\"},\"primaryImageOfPage\":{\"@id\":\"https:\/\/shop.hippolyte.fi\/en\/product\/nelli-palomaki-shared-en\/#primaryimage\"},\"image\":{\"@id\":\"https:\/\/shop.hippolyte.fi\/en\/product\/nelli-palomaki-shared-en\/#primaryimage\"},\"thumbnailUrl\":\"https:\/\/shop.hippolyte.fi\/wp-content\/uploads\/2025\/05\/palomaki-shared.jpg\",\"datePublished\":\"2025-05-13T09:49:25+00:00\",\"dateModified\":\"2025-11-06T09:49:57+00:00\",\"breadcrumb\":{\"@id\":\"https:\/\/shop.hippolyte.fi\/en\/product\/nelli-palomaki-shared-en\/#breadcrumb\"},\"inLanguage\":\"en-US\",\"potentialAction\":[{\"@type\":\"ReadAction\",\"target\":[\"https:\/\/shop.hippolyte.fi\/en\/product\/nelli-palomaki-shared-en\/\"]}]},{\"@type\":\"ImageObject\",\"inLanguage\":\"en-US\",\"@id\":\"https:\/\/shop.hippolyte.fi\/en\/product\/nelli-palomaki-shared-en\/#primaryimage\",\"url\":\"https:\/\/shop.hippolyte.fi\/wp-content\/uploads\/2025\/05\/palomaki-shared.jpg\",\"contentUrl\":\"https:\/\/shop.hippolyte.fi\/wp-content\/uploads\/2025\/05\/palomaki-shared.jpg\",\"width\":1800,\"height\":1800},{\"@type\":\"BreadcrumbList\",\"@id\":\"https:\/\/shop.hippolyte.fi\/en\/product\/nelli-palomaki-shared-en\/#breadcrumb\",\"itemListElement\":[{\"@type\":\"ListItem\",\"position\":1,\"name\":\"Etusivu\",\"item\":\"https:\/\/shop.hippolyte.fi\/en\/\"},{\"@type\":\"ListItem\",\"position\":2,\"name\":\"Shop\",\"item\":\"https:\/\/shop.hippolyte.fi\/en\/shop\/\"},{\"@type\":\"ListItem\",\"position\":3,\"name\":\"Nelli Palom\u00e4ki: SHARED\"}]},{\"@type\":\"WebSite\",\"@id\":\"https:\/\/shop.hippolyte.fi\/en\/#website\",\"url\":\"https:\/\/shop.hippolyte.fi\/en\/\",\"name\":\"Online shop for photographic art\",\"description\":\"Verkkokaupassa myyd\u00e4\u00e4n teoksia ja valokuvataidekirjoja. OTOS-tapahtuman aikana my\u00f6s tapahtuman teoksia.\",\"potentialAction\":[{\"@type\":\"SearchAction\",\"target\":{\"@type\":\"EntryPoint\",\"urlTemplate\":\"https:\/\/shop.hippolyte.fi\/en\/?s={search_term_string}\"},\"query-input\":{\"@type\":\"PropertyValueSpecification\",\"valueRequired\":true,\"valueName\":\"search_term_string\"}}],\"inLanguage\":\"en-US\"}]}<\/script>\n<!-- \/ Yoast SEO plugin. -->","yoast_head_json":{"title":"Nelli Palom\u00e4ki: SHARED - Online shop for photographic art","robots":{"index":"index","follow":"follow","max-snippet":"max-snippet:-1","max-image-preview":"max-image-preview:large","max-video-preview":"max-video-preview:-1"},"canonical":"https:\/\/shop.hippolyte.fi\/en\/product\/nelli-palomaki-shared-en\/","og_locale":"en_US","og_type":"article","og_title":"Nelli Palom\u00e4ki: SHARED - Online shop for photographic art","og_description":"ISBN: 978-952-94-8761-5 Publisher: Self-published Year: 2024 Photography: Nelli Palom\u00e4ki Essay: Antti Nyl\u00e9n English translation: Jean Ramsay Proofreading (English): Minna Jeffery Design: Tytti Halonen Reproduction: Petri Kuokka, Aarnipaja Printing: Markprint, Lahti Binding: Lahen Kirjansitomo Edition: 250 Language: Finnish and English Pages: 64 Dimensions: 40 x 27,5 cm Dimensions: 22 x 22 cm","og_url":"https:\/\/shop.hippolyte.fi\/en\/product\/nelli-palomaki-shared-en\/","og_site_name":"Online shop for photographic art","article_modified_time":"2025-11-06T09:49:57+00:00","og_image":[{"width":1800,"height":1800,"url":"https:\/\/shop.hippolyte.fi\/wp-content\/uploads\/2025\/05\/palomaki-shared.jpg","type":"image\/jpeg"}],"twitter_card":"summary_large_image","twitter_misc":{"Est. reading time":"1 minute"},"schema":{"@context":"https:\/\/schema.org","@graph":[{"@type":"WebPage","@id":"https:\/\/shop.hippolyte.fi\/en\/product\/nelli-palomaki-shared-en\/","url":"https:\/\/shop.hippolyte.fi\/en\/product\/nelli-palomaki-shared-en\/","name":"Nelli Palom\u00e4ki: SHARED - Online shop for photographic art","isPartOf":{"@id":"https:\/\/shop.hippolyte.fi\/en\/#website"},"primaryImageOfPage":{"@id":"https:\/\/shop.hippolyte.fi\/en\/product\/nelli-palomaki-shared-en\/#primaryimage"},"image":{"@id":"https:\/\/shop.hippolyte.fi\/en\/product\/nelli-palomaki-shared-en\/#primaryimage"},"thumbnailUrl":"https:\/\/shop.hippolyte.fi\/wp-content\/uploads\/2025\/05\/palomaki-shared.jpg","datePublished":"2025-05-13T09:49:25+00:00","dateModified":"2025-11-06T09:49:57+00:00","breadcrumb":{"@id":"https:\/\/shop.hippolyte.fi\/en\/product\/nelli-palomaki-shared-en\/#breadcrumb"},"inLanguage":"en-US","potentialAction":[{"@type":"ReadAction","target":["https:\/\/shop.hippolyte.fi\/en\/product\/nelli-palomaki-shared-en\/"]}]},{"@type":"ImageObject","inLanguage":"en-US","@id":"https:\/\/shop.hippolyte.fi\/en\/product\/nelli-palomaki-shared-en\/#primaryimage","url":"https:\/\/shop.hippolyte.fi\/wp-content\/uploads\/2025\/05\/palomaki-shared.jpg","contentUrl":"https:\/\/shop.hippolyte.fi\/wp-content\/uploads\/2025\/05\/palomaki-shared.jpg","width":1800,"height":1800},{"@type":"BreadcrumbList","@id":"https:\/\/shop.hippolyte.fi\/en\/product\/nelli-palomaki-shared-en\/#breadcrumb","itemListElement":[{"@type":"ListItem","position":1,"name":"Etusivu","item":"https:\/\/shop.hippolyte.fi\/en\/"},{"@type":"ListItem","position":2,"name":"Shop","item":"https:\/\/shop.hippolyte.fi\/en\/shop\/"},{"@type":"ListItem","position":3,"name":"Nelli Palom\u00e4ki: SHARED"}]},{"@type":"WebSite","@id":"https:\/\/shop.hippolyte.fi\/en\/#website","url":"https:\/\/shop.hippolyte.fi\/en\/","name":"Online shop for photographic art","description":"Verkkokaupassa myyd\u00e4\u00e4n teoksia ja valokuvataidekirjoja. OTOS-tapahtuman aikana my\u00f6s tapahtuman teoksia.","potentialAction":[{"@type":"SearchAction","target":{"@type":"EntryPoint","urlTemplate":"https:\/\/shop.hippolyte.fi\/en\/?s={search_term_string}"},"query-input":{"@type":"PropertyValueSpecification","valueRequired":true,"valueName":"search_term_string"}}],"inLanguage":"en-US"}]}},"_links":{"self":[{"href":"https:\/\/shop.hippolyte.fi\/en\/wp-json\/wp\/v2\/product\/4458","targetHints":{"allow":["GET"]}}],"collection":[{"href":"https:\/\/shop.hippolyte.fi\/en\/wp-json\/wp\/v2\/product"}],"about":[{"href":"https:\/\/shop.hippolyte.fi\/en\/wp-json\/wp\/v2\/types\/product"}],"wp:featuredmedia":[{"embeddable":true,"href":"https:\/\/shop.hippolyte.fi\/en\/wp-json\/wp\/v2\/media\/4460"}],"wp:attachment":[{"href":"https:\/\/shop.hippolyte.fi\/en\/wp-json\/wp\/v2\/media?parent=4458"}],"wp:term":[{"taxonomy":"product_brand","embeddable":true,"href":"https:\/\/shop.hippolyte.fi\/en\/wp-json\/wp\/v2\/product_brand?post=4458"},{"taxonomy":"product_cat","embeddable":true,"href":"https:\/\/shop.hippolyte.fi\/en\/wp-json\/wp\/v2\/product_cat?post=4458"},{"taxonomy":"product_tag","embeddable":true,"href":"https:\/\/shop.hippolyte.fi\/en\/wp-json\/wp\/v2\/product_tag?post=4458"},{"taxonomy":"artists","embeddable":true,"href":"https:\/\/shop.hippolyte.fi\/en\/wp-json\/wp\/v2\/artists?post=4458"},{"taxonomy":"location","embeddable":true,"href":"https:\/\/shop.hippolyte.fi\/en\/wp-json\/wp\/v2\/location?post=4458"},{"taxonomy":"publisher","embeddable":true,"href":"https:\/\/shop.hippolyte.fi\/en\/wp-json\/wp\/v2\/publisher?post=4458"},{"taxonomy":"years","embeddable":true,"href":"https:\/\/shop.hippolyte.fi\/en\/wp-json\/wp\/v2\/years?post=4458"}],"curies":[{"name":"wp","href":"https:\/\/api.w.org\/{rel}","templated":true}]}}