{"id":4491,"date":"2025-06-15T13:25:58","date_gmt":"2025-06-15T10:25:58","guid":{"rendered":"https:\/\/shop.hippolyte.fi\/?post_type=product&#038;p=4491"},"modified":"2025-11-06T11:49:57","modified_gmt":"2025-11-06T09:49:57","slug":"katya-lesiv-i-love-you","status":"publish","type":"product","link":"https:\/\/shop.hippolyte.fi\/en\/product\/katya-lesiv-i-love-you\/","title":{"rendered":"Katya Lesiv: I love you"},"content":{"rendered":"<p>I love you, a photographic project by artist Katya Lesiv, is about stages of maturity and about appreciating their natural manifestations. It serves as a documentary account, illustrating how the rhythms of life overlap for two particular peonies.<\/p>\n<p><em>One day I bought an unbloomed white peony from an older woman at the market. As it blossomed, it became remarkably showy and beautiful. Then, on May 24th, I bought another unbloomed peony from the same woman and put them in two glasses of water side by side. The first one kept unfurling its petals with each passing hour, while the second had just begun unfolding its petals. The next day, they were equally showy and beautiful. Two days later, the first peony withered while the second remained showy and beautiful.<\/em><\/p>\n<p>\u2013 Katya Lesiv<\/p>\n","protected":false},"excerpt":{"rendered":"<p>ISBN: 978-617-7948-03-1<br \/>\nPublisher: IST Publishing<br \/>\nYear: 2020<br \/>\nPhotography, Concept and Text: Katya Lesiv<br \/>\nTranslations: Victor Chorniy<br \/>\nLanguage: English<br \/>\nEdition: 500<br \/>\nDimensions: 30 x 20,5 cm<\/p>\n","protected":false},"featured_media":4636,"template":"","meta":{"_acf_changed":false},"product_brand":[],"product_cat":[409],"product_tag":[],"artists":[474],"location":[],"publisher":[473],"years":[448],"class_list":{"0":"post-4491","1":"product","2":"type-product","3":"status-publish","4":"has-post-thumbnail","6":"product_cat-artist-books","7":"product_shipping_class-posti-xxs-max-3-x-25-x-35-cm-2kg","8":"artists-lesiv-katya","9":"publisher-ist-publishing","10":"years-448","12":"first","13":"instock","14":"taxable","15":"shipping-taxable","16":"purchasable","17":"product-type-simple"},"acf":[],"yoast_head":"<!-- This site is optimized with the Yoast SEO plugin v26.0 - https:\/\/yoast.com\/wordpress\/plugins\/seo\/ -->\n<title>Katya Lesiv: I love you - Online shop for photographic art<\/title>\n<meta name=\"robots\" content=\"index, follow, max-snippet:-1, max-image-preview:large, max-video-preview:-1\" \/>\n<link rel=\"canonical\" href=\"https:\/\/shop.hippolyte.fi\/en\/product\/katya-lesiv-i-love-you\/\" \/>\n<meta property=\"og:locale\" content=\"en_US\" \/>\n<meta property=\"og:type\" content=\"article\" \/>\n<meta property=\"og:title\" content=\"Katya Lesiv: I love you - Online shop for photographic art\" \/>\n<meta property=\"og:description\" content=\"ISBN: 978-617-7948-03-1 Publisher: IST Publishing Year: 2020 Photography, Concept and Text: Katya Lesiv Translations: Victor Chorniy Language: English Edition: 500 Dimensions: 30 x 20,5 cm\" \/>\n<meta property=\"og:url\" content=\"https:\/\/shop.hippolyte.fi\/en\/product\/katya-lesiv-i-love-you\/\" \/>\n<meta property=\"og:site_name\" content=\"Online shop for photographic art\" \/>\n<meta property=\"article:modified_time\" content=\"2025-11-06T09:49:57+00:00\" \/>\n<meta property=\"og:image\" content=\"https:\/\/shop.hippolyte.fi\/wp-content\/uploads\/2025\/06\/lesiv-iloveyou-1-1024x1024.jpg\" \/>\n\t<meta property=\"og:image:width\" content=\"1024\" \/>\n\t<meta property=\"og:image:height\" content=\"1024\" \/>\n\t<meta property=\"og:image:type\" content=\"image\/jpeg\" \/>\n<meta name=\"twitter:card\" content=\"summary_large_image\" \/>\n<meta name=\"twitter:label1\" content=\"Est. reading time\" \/>\n\t<meta name=\"twitter:data1\" content=\"2 minutes\" \/>\n<script type=\"application\/ld+json\" class=\"yoast-schema-graph\">{\"@context\":\"https:\/\/schema.org\",\"@graph\":[{\"@type\":\"WebPage\",\"@id\":\"https:\/\/shop.hippolyte.fi\/en\/product\/katya-lesiv-i-love-you\/\",\"url\":\"https:\/\/shop.hippolyte.fi\/en\/product\/katya-lesiv-i-love-you\/\",\"name\":\"Katya Lesiv: I love you - Online shop for photographic art\",\"isPartOf\":{\"@id\":\"https:\/\/shop.hippolyte.fi\/en\/#website\"},\"primaryImageOfPage\":{\"@id\":\"https:\/\/shop.hippolyte.fi\/en\/product\/katya-lesiv-i-love-you\/#primaryimage\"},\"image\":{\"@id\":\"https:\/\/shop.hippolyte.fi\/en\/product\/katya-lesiv-i-love-you\/#primaryimage\"},\"thumbnailUrl\":\"https:\/\/shop.hippolyte.fi\/wp-content\/uploads\/2025\/06\/lesiv-iloveyou-1.jpg\",\"datePublished\":\"2025-06-15T10:25:58+00:00\",\"dateModified\":\"2025-11-06T09:49:57+00:00\",\"breadcrumb\":{\"@id\":\"https:\/\/shop.hippolyte.fi\/en\/product\/katya-lesiv-i-love-you\/#breadcrumb\"},\"inLanguage\":\"en-US\",\"potentialAction\":[{\"@type\":\"ReadAction\",\"target\":[\"https:\/\/shop.hippolyte.fi\/en\/product\/katya-lesiv-i-love-you\/\"]}]},{\"@type\":\"ImageObject\",\"inLanguage\":\"en-US\",\"@id\":\"https:\/\/shop.hippolyte.fi\/en\/product\/katya-lesiv-i-love-you\/#primaryimage\",\"url\":\"https:\/\/shop.hippolyte.fi\/wp-content\/uploads\/2025\/06\/lesiv-iloveyou-1.jpg\",\"contentUrl\":\"https:\/\/shop.hippolyte.fi\/wp-content\/uploads\/2025\/06\/lesiv-iloveyou-1.jpg\",\"width\":1800,\"height\":1800},{\"@type\":\"BreadcrumbList\",\"@id\":\"https:\/\/shop.hippolyte.fi\/en\/product\/katya-lesiv-i-love-you\/#breadcrumb\",\"itemListElement\":[{\"@type\":\"ListItem\",\"position\":1,\"name\":\"Etusivu\",\"item\":\"https:\/\/shop.hippolyte.fi\/en\/\"},{\"@type\":\"ListItem\",\"position\":2,\"name\":\"Shop\",\"item\":\"https:\/\/shop.hippolyte.fi\/en\/shop\/\"},{\"@type\":\"ListItem\",\"position\":3,\"name\":\"Katya Lesiv: I love you\"}]},{\"@type\":\"WebSite\",\"@id\":\"https:\/\/shop.hippolyte.fi\/en\/#website\",\"url\":\"https:\/\/shop.hippolyte.fi\/en\/\",\"name\":\"Online shop for photographic art\",\"description\":\"Verkkokaupassa myyd\u00e4\u00e4n teoksia ja valokuvataidekirjoja. OTOS-tapahtuman aikana my\u00f6s tapahtuman teoksia.\",\"potentialAction\":[{\"@type\":\"SearchAction\",\"target\":{\"@type\":\"EntryPoint\",\"urlTemplate\":\"https:\/\/shop.hippolyte.fi\/en\/?s={search_term_string}\"},\"query-input\":{\"@type\":\"PropertyValueSpecification\",\"valueRequired\":true,\"valueName\":\"search_term_string\"}}],\"inLanguage\":\"en-US\"}]}<\/script>\n<!-- \/ Yoast SEO plugin. -->","yoast_head_json":{"title":"Katya Lesiv: I love you - Online shop for photographic art","robots":{"index":"index","follow":"follow","max-snippet":"max-snippet:-1","max-image-preview":"max-image-preview:large","max-video-preview":"max-video-preview:-1"},"canonical":"https:\/\/shop.hippolyte.fi\/en\/product\/katya-lesiv-i-love-you\/","og_locale":"en_US","og_type":"article","og_title":"Katya Lesiv: I love you - Online shop for photographic art","og_description":"ISBN: 978-617-7948-03-1 Publisher: IST Publishing Year: 2020 Photography, Concept and Text: Katya Lesiv Translations: Victor Chorniy Language: English Edition: 500 Dimensions: 30 x 20,5 cm","og_url":"https:\/\/shop.hippolyte.fi\/en\/product\/katya-lesiv-i-love-you\/","og_site_name":"Online shop for photographic art","article_modified_time":"2025-11-06T09:49:57+00:00","og_image":[{"width":1024,"height":1024,"url":"https:\/\/shop.hippolyte.fi\/wp-content\/uploads\/2025\/06\/lesiv-iloveyou-1-1024x1024.jpg","type":"image\/jpeg"}],"twitter_card":"summary_large_image","twitter_misc":{"Est. reading time":"2 minutes"},"schema":{"@context":"https:\/\/schema.org","@graph":[{"@type":"WebPage","@id":"https:\/\/shop.hippolyte.fi\/en\/product\/katya-lesiv-i-love-you\/","url":"https:\/\/shop.hippolyte.fi\/en\/product\/katya-lesiv-i-love-you\/","name":"Katya Lesiv: I love you - Online shop for photographic art","isPartOf":{"@id":"https:\/\/shop.hippolyte.fi\/en\/#website"},"primaryImageOfPage":{"@id":"https:\/\/shop.hippolyte.fi\/en\/product\/katya-lesiv-i-love-you\/#primaryimage"},"image":{"@id":"https:\/\/shop.hippolyte.fi\/en\/product\/katya-lesiv-i-love-you\/#primaryimage"},"thumbnailUrl":"https:\/\/shop.hippolyte.fi\/wp-content\/uploads\/2025\/06\/lesiv-iloveyou-1.jpg","datePublished":"2025-06-15T10:25:58+00:00","dateModified":"2025-11-06T09:49:57+00:00","breadcrumb":{"@id":"https:\/\/shop.hippolyte.fi\/en\/product\/katya-lesiv-i-love-you\/#breadcrumb"},"inLanguage":"en-US","potentialAction":[{"@type":"ReadAction","target":["https:\/\/shop.hippolyte.fi\/en\/product\/katya-lesiv-i-love-you\/"]}]},{"@type":"ImageObject","inLanguage":"en-US","@id":"https:\/\/shop.hippolyte.fi\/en\/product\/katya-lesiv-i-love-you\/#primaryimage","url":"https:\/\/shop.hippolyte.fi\/wp-content\/uploads\/2025\/06\/lesiv-iloveyou-1.jpg","contentUrl":"https:\/\/shop.hippolyte.fi\/wp-content\/uploads\/2025\/06\/lesiv-iloveyou-1.jpg","width":1800,"height":1800},{"@type":"BreadcrumbList","@id":"https:\/\/shop.hippolyte.fi\/en\/product\/katya-lesiv-i-love-you\/#breadcrumb","itemListElement":[{"@type":"ListItem","position":1,"name":"Etusivu","item":"https:\/\/shop.hippolyte.fi\/en\/"},{"@type":"ListItem","position":2,"name":"Shop","item":"https:\/\/shop.hippolyte.fi\/en\/shop\/"},{"@type":"ListItem","position":3,"name":"Katya Lesiv: I love you"}]},{"@type":"WebSite","@id":"https:\/\/shop.hippolyte.fi\/en\/#website","url":"https:\/\/shop.hippolyte.fi\/en\/","name":"Online shop for photographic art","description":"Verkkokaupassa myyd\u00e4\u00e4n teoksia ja valokuvataidekirjoja. OTOS-tapahtuman aikana my\u00f6s tapahtuman teoksia.","potentialAction":[{"@type":"SearchAction","target":{"@type":"EntryPoint","urlTemplate":"https:\/\/shop.hippolyte.fi\/en\/?s={search_term_string}"},"query-input":{"@type":"PropertyValueSpecification","valueRequired":true,"valueName":"search_term_string"}}],"inLanguage":"en-US"}]}},"_links":{"self":[{"href":"https:\/\/shop.hippolyte.fi\/en\/wp-json\/wp\/v2\/product\/4491","targetHints":{"allow":["GET"]}}],"collection":[{"href":"https:\/\/shop.hippolyte.fi\/en\/wp-json\/wp\/v2\/product"}],"about":[{"href":"https:\/\/shop.hippolyte.fi\/en\/wp-json\/wp\/v2\/types\/product"}],"wp:featuredmedia":[{"embeddable":true,"href":"https:\/\/shop.hippolyte.fi\/en\/wp-json\/wp\/v2\/media\/4636"}],"wp:attachment":[{"href":"https:\/\/shop.hippolyte.fi\/en\/wp-json\/wp\/v2\/media?parent=4491"}],"wp:term":[{"taxonomy":"product_brand","embeddable":true,"href":"https:\/\/shop.hippolyte.fi\/en\/wp-json\/wp\/v2\/product_brand?post=4491"},{"taxonomy":"product_cat","embeddable":true,"href":"https:\/\/shop.hippolyte.fi\/en\/wp-json\/wp\/v2\/product_cat?post=4491"},{"taxonomy":"product_tag","embeddable":true,"href":"https:\/\/shop.hippolyte.fi\/en\/wp-json\/wp\/v2\/product_tag?post=4491"},{"taxonomy":"artists","embeddable":true,"href":"https:\/\/shop.hippolyte.fi\/en\/wp-json\/wp\/v2\/artists?post=4491"},{"taxonomy":"location","embeddable":true,"href":"https:\/\/shop.hippolyte.fi\/en\/wp-json\/wp\/v2\/location?post=4491"},{"taxonomy":"publisher","embeddable":true,"href":"https:\/\/shop.hippolyte.fi\/en\/wp-json\/wp\/v2\/publisher?post=4491"},{"taxonomy":"years","embeddable":true,"href":"https:\/\/shop.hippolyte.fi\/en\/wp-json\/wp\/v2\/years?post=4491"}],"curies":[{"name":"wp","href":"https:\/\/api.w.org\/{rel}","templated":true}]}}