{"id":4493,"date":"2025-06-15T13:36:18","date_gmt":"2025-06-15T10:36:18","guid":{"rendered":"https:\/\/shop.hippolyte.fi\/?post_type=product&#038;p=4493"},"modified":"2025-11-06T11:49:57","modified_gmt":"2025-11-06T09:49:57","slug":"katya-lesiv-i-love-you-kopio","status":"publish","type":"product","link":"https:\/\/shop.hippolyte.fi\/en\/product\/katya-lesiv-i-love-you-kopio\/","title":{"rendered":"Ella Kiviniemi &amp; Elias Lahtinen: Men With No Mountains"},"content":{"rendered":"<p>H\u00e4rm\u00e4, pieni maaseutuvaltainen alue Suomen l\u00e4nsirannikolla, tunnetaan kokoonsa n\u00e4hden suurista legendoistaan. Suomalaisuuden tarinassa H\u00e4rm\u00e4\u00e4 pidet\u00e4\u00e4n puukkojunkkarien maana sek\u00e4 v\u00e4kivaltaisuuksien, mahtavien lakeuksien ja juron suomalaisuuden syntysijana. Pohjalaiset ovat ylpe\u00e4\u00e4, sisukasta ja suorapuheista kansaa \u2013 ja kertovat auliisti, mist\u00e4 ovat kotoosin.<\/p>\n<p>Etel\u00e4iseen Suomeen asettuneet kuvajournalistit Ella Kiviniemi ja Elias Lahtinen kiinnostuivat juuristaan lakeuksilla ja tekiv\u00e4t kuuden vuoden dokumentaarisen tutkimusmatkan sukujensa kotiseudulle myyttiseen H\u00e4rm\u00e4\u00e4n. Materiaali on ker\u00e4tty Yli- ja Alah\u00e4rm\u00e4ss\u00e4 vuosina 2018\u20132024.<\/p>\n","protected":false},"excerpt":{"rendered":"<p>ISBN: 978-952-65243-4-4<br \/>\nPublisher: Khaos Publishing<br \/>\nYeari: 2025<br \/>\nPhotos and Texts: Kiviniemi, Lahtinen<br \/>\nGraphic Design: Pauliina Nyk\u00e4nen<br \/>\nPrinting: PrintOn Tr\u00fckikoda, Tallinn<br \/>\nLanguage: Finnish and English<br \/>\nPages: 160<br \/>\nDimensions: 23,5 x 16,5 cm<\/p>\n","protected":false},"featured_media":4551,"template":"","meta":{"_acf_changed":false},"product_brand":[],"product_cat":[409],"product_tag":[],"artists":[475,476],"location":[],"publisher":[426],"years":[463],"class_list":{"0":"post-4493","1":"product","2":"type-product","3":"status-publish","4":"has-post-thumbnail","6":"product_cat-artist-books","7":"product_shipping_class-posti-xxs-max-3-x-25-x-35-cm-2kg","8":"artists-kiviniemi-ella","9":"artists-lahtinen-elias","10":"publisher-khaos-publishing","11":"years-463","13":"first","14":"instock","15":"taxable","16":"shipping-taxable","17":"purchasable","18":"product-type-simple"},"acf":[],"yoast_head":"<!-- This site is optimized with the Yoast SEO plugin v26.0 - https:\/\/yoast.com\/wordpress\/plugins\/seo\/ -->\n<title>Ella Kiviniemi &amp; Elias Lahtinen: Men With No Mountains - Online shop for photographic art<\/title>\n<meta name=\"robots\" content=\"index, follow, max-snippet:-1, max-image-preview:large, max-video-preview:-1\" \/>\n<link rel=\"canonical\" href=\"https:\/\/shop.hippolyte.fi\/en\/product\/katya-lesiv-i-love-you-kopio\/\" \/>\n<meta property=\"og:locale\" content=\"en_US\" \/>\n<meta property=\"og:type\" content=\"article\" \/>\n<meta property=\"og:title\" content=\"Ella Kiviniemi &amp; Elias Lahtinen: Men With No Mountains - Online shop for photographic art\" \/>\n<meta property=\"og:description\" content=\"ISBN: 978-952-65243-4-4 Publisher: Khaos Publishing Yeari: 2025 Photos and Texts: Kiviniemi, Lahtinen Graphic Design: Pauliina Nyk\u00e4nen Printing: PrintOn Tr\u00fckikoda, Tallinn Language: Finnish and English Pages: 160 Dimensions: 23,5 x 16,5 cm\" \/>\n<meta property=\"og:url\" content=\"https:\/\/shop.hippolyte.fi\/en\/product\/katya-lesiv-i-love-you-kopio\/\" \/>\n<meta property=\"og:site_name\" content=\"Online shop for photographic art\" \/>\n<meta property=\"article:modified_time\" content=\"2025-11-06T09:49:57+00:00\" \/>\n<meta property=\"og:image\" content=\"https:\/\/shop.hippolyte.fi\/wp-content\/uploads\/2025\/06\/kiviniemi-lahtinen-menwithnomountains.jpg\" \/>\n\t<meta property=\"og:image:width\" content=\"1800\" \/>\n\t<meta property=\"og:image:height\" content=\"1800\" \/>\n\t<meta property=\"og:image:type\" content=\"image\/jpeg\" \/>\n<meta name=\"twitter:card\" content=\"summary_large_image\" \/>\n<meta name=\"twitter:label1\" content=\"Est. reading time\" \/>\n\t<meta name=\"twitter:data1\" content=\"1 minute\" \/>\n<script type=\"application\/ld+json\" class=\"yoast-schema-graph\">{\"@context\":\"https:\/\/schema.org\",\"@graph\":[{\"@type\":\"WebPage\",\"@id\":\"https:\/\/shop.hippolyte.fi\/en\/product\/katya-lesiv-i-love-you-kopio\/\",\"url\":\"https:\/\/shop.hippolyte.fi\/en\/product\/katya-lesiv-i-love-you-kopio\/\",\"name\":\"Ella Kiviniemi &amp; Elias Lahtinen: Men With No Mountains - Online shop for photographic art\",\"isPartOf\":{\"@id\":\"https:\/\/shop.hippolyte.fi\/en\/#website\"},\"primaryImageOfPage\":{\"@id\":\"https:\/\/shop.hippolyte.fi\/en\/product\/katya-lesiv-i-love-you-kopio\/#primaryimage\"},\"image\":{\"@id\":\"https:\/\/shop.hippolyte.fi\/en\/product\/katya-lesiv-i-love-you-kopio\/#primaryimage\"},\"thumbnailUrl\":\"https:\/\/shop.hippolyte.fi\/wp-content\/uploads\/2025\/06\/kiviniemi-lahtinen-menwithnomountains.jpg\",\"datePublished\":\"2025-06-15T10:36:18+00:00\",\"dateModified\":\"2025-11-06T09:49:57+00:00\",\"breadcrumb\":{\"@id\":\"https:\/\/shop.hippolyte.fi\/en\/product\/katya-lesiv-i-love-you-kopio\/#breadcrumb\"},\"inLanguage\":\"en-US\",\"potentialAction\":[{\"@type\":\"ReadAction\",\"target\":[\"https:\/\/shop.hippolyte.fi\/en\/product\/katya-lesiv-i-love-you-kopio\/\"]}]},{\"@type\":\"ImageObject\",\"inLanguage\":\"en-US\",\"@id\":\"https:\/\/shop.hippolyte.fi\/en\/product\/katya-lesiv-i-love-you-kopio\/#primaryimage\",\"url\":\"https:\/\/shop.hippolyte.fi\/wp-content\/uploads\/2025\/06\/kiviniemi-lahtinen-menwithnomountains.jpg\",\"contentUrl\":\"https:\/\/shop.hippolyte.fi\/wp-content\/uploads\/2025\/06\/kiviniemi-lahtinen-menwithnomountains.jpg\",\"width\":1800,\"height\":1800},{\"@type\":\"BreadcrumbList\",\"@id\":\"https:\/\/shop.hippolyte.fi\/en\/product\/katya-lesiv-i-love-you-kopio\/#breadcrumb\",\"itemListElement\":[{\"@type\":\"ListItem\",\"position\":1,\"name\":\"Etusivu\",\"item\":\"https:\/\/shop.hippolyte.fi\/en\/\"},{\"@type\":\"ListItem\",\"position\":2,\"name\":\"Shop\",\"item\":\"https:\/\/shop.hippolyte.fi\/en\/shop\/\"},{\"@type\":\"ListItem\",\"position\":3,\"name\":\"Ella Kiviniemi &amp; Elias Lahtinen: Men With No Mountains\"}]},{\"@type\":\"WebSite\",\"@id\":\"https:\/\/shop.hippolyte.fi\/en\/#website\",\"url\":\"https:\/\/shop.hippolyte.fi\/en\/\",\"name\":\"Online shop for photographic art\",\"description\":\"Verkkokaupassa myyd\u00e4\u00e4n teoksia ja valokuvataidekirjoja. OTOS-tapahtuman aikana my\u00f6s tapahtuman teoksia.\",\"potentialAction\":[{\"@type\":\"SearchAction\",\"target\":{\"@type\":\"EntryPoint\",\"urlTemplate\":\"https:\/\/shop.hippolyte.fi\/en\/?s={search_term_string}\"},\"query-input\":{\"@type\":\"PropertyValueSpecification\",\"valueRequired\":true,\"valueName\":\"search_term_string\"}}],\"inLanguage\":\"en-US\"}]}<\/script>\n<!-- \/ Yoast SEO plugin. -->","yoast_head_json":{"title":"Ella Kiviniemi &amp; Elias Lahtinen: Men With No Mountains - Online shop for photographic art","robots":{"index":"index","follow":"follow","max-snippet":"max-snippet:-1","max-image-preview":"max-image-preview:large","max-video-preview":"max-video-preview:-1"},"canonical":"https:\/\/shop.hippolyte.fi\/en\/product\/katya-lesiv-i-love-you-kopio\/","og_locale":"en_US","og_type":"article","og_title":"Ella Kiviniemi &amp; Elias Lahtinen: Men With No Mountains - Online shop for photographic art","og_description":"ISBN: 978-952-65243-4-4 Publisher: Khaos Publishing Yeari: 2025 Photos and Texts: Kiviniemi, Lahtinen Graphic Design: Pauliina Nyk\u00e4nen Printing: PrintOn Tr\u00fckikoda, Tallinn Language: Finnish and English Pages: 160 Dimensions: 23,5 x 16,5 cm","og_url":"https:\/\/shop.hippolyte.fi\/en\/product\/katya-lesiv-i-love-you-kopio\/","og_site_name":"Online shop for photographic art","article_modified_time":"2025-11-06T09:49:57+00:00","og_image":[{"width":1800,"height":1800,"url":"https:\/\/shop.hippolyte.fi\/wp-content\/uploads\/2025\/06\/kiviniemi-lahtinen-menwithnomountains.jpg","type":"image\/jpeg"}],"twitter_card":"summary_large_image","twitter_misc":{"Est. reading time":"1 minute"},"schema":{"@context":"https:\/\/schema.org","@graph":[{"@type":"WebPage","@id":"https:\/\/shop.hippolyte.fi\/en\/product\/katya-lesiv-i-love-you-kopio\/","url":"https:\/\/shop.hippolyte.fi\/en\/product\/katya-lesiv-i-love-you-kopio\/","name":"Ella Kiviniemi &amp; Elias Lahtinen: Men With No Mountains - Online shop for photographic art","isPartOf":{"@id":"https:\/\/shop.hippolyte.fi\/en\/#website"},"primaryImageOfPage":{"@id":"https:\/\/shop.hippolyte.fi\/en\/product\/katya-lesiv-i-love-you-kopio\/#primaryimage"},"image":{"@id":"https:\/\/shop.hippolyte.fi\/en\/product\/katya-lesiv-i-love-you-kopio\/#primaryimage"},"thumbnailUrl":"https:\/\/shop.hippolyte.fi\/wp-content\/uploads\/2025\/06\/kiviniemi-lahtinen-menwithnomountains.jpg","datePublished":"2025-06-15T10:36:18+00:00","dateModified":"2025-11-06T09:49:57+00:00","breadcrumb":{"@id":"https:\/\/shop.hippolyte.fi\/en\/product\/katya-lesiv-i-love-you-kopio\/#breadcrumb"},"inLanguage":"en-US","potentialAction":[{"@type":"ReadAction","target":["https:\/\/shop.hippolyte.fi\/en\/product\/katya-lesiv-i-love-you-kopio\/"]}]},{"@type":"ImageObject","inLanguage":"en-US","@id":"https:\/\/shop.hippolyte.fi\/en\/product\/katya-lesiv-i-love-you-kopio\/#primaryimage","url":"https:\/\/shop.hippolyte.fi\/wp-content\/uploads\/2025\/06\/kiviniemi-lahtinen-menwithnomountains.jpg","contentUrl":"https:\/\/shop.hippolyte.fi\/wp-content\/uploads\/2025\/06\/kiviniemi-lahtinen-menwithnomountains.jpg","width":1800,"height":1800},{"@type":"BreadcrumbList","@id":"https:\/\/shop.hippolyte.fi\/en\/product\/katya-lesiv-i-love-you-kopio\/#breadcrumb","itemListElement":[{"@type":"ListItem","position":1,"name":"Etusivu","item":"https:\/\/shop.hippolyte.fi\/en\/"},{"@type":"ListItem","position":2,"name":"Shop","item":"https:\/\/shop.hippolyte.fi\/en\/shop\/"},{"@type":"ListItem","position":3,"name":"Ella Kiviniemi &amp; Elias Lahtinen: Men With No Mountains"}]},{"@type":"WebSite","@id":"https:\/\/shop.hippolyte.fi\/en\/#website","url":"https:\/\/shop.hippolyte.fi\/en\/","name":"Online shop for photographic art","description":"Verkkokaupassa myyd\u00e4\u00e4n teoksia ja valokuvataidekirjoja. OTOS-tapahtuman aikana my\u00f6s tapahtuman teoksia.","potentialAction":[{"@type":"SearchAction","target":{"@type":"EntryPoint","urlTemplate":"https:\/\/shop.hippolyte.fi\/en\/?s={search_term_string}"},"query-input":{"@type":"PropertyValueSpecification","valueRequired":true,"valueName":"search_term_string"}}],"inLanguage":"en-US"}]}},"_links":{"self":[{"href":"https:\/\/shop.hippolyte.fi\/en\/wp-json\/wp\/v2\/product\/4493","targetHints":{"allow":["GET"]}}],"collection":[{"href":"https:\/\/shop.hippolyte.fi\/en\/wp-json\/wp\/v2\/product"}],"about":[{"href":"https:\/\/shop.hippolyte.fi\/en\/wp-json\/wp\/v2\/types\/product"}],"wp:featuredmedia":[{"embeddable":true,"href":"https:\/\/shop.hippolyte.fi\/en\/wp-json\/wp\/v2\/media\/4551"}],"wp:attachment":[{"href":"https:\/\/shop.hippolyte.fi\/en\/wp-json\/wp\/v2\/media?parent=4493"}],"wp:term":[{"taxonomy":"product_brand","embeddable":true,"href":"https:\/\/shop.hippolyte.fi\/en\/wp-json\/wp\/v2\/product_brand?post=4493"},{"taxonomy":"product_cat","embeddable":true,"href":"https:\/\/shop.hippolyte.fi\/en\/wp-json\/wp\/v2\/product_cat?post=4493"},{"taxonomy":"product_tag","embeddable":true,"href":"https:\/\/shop.hippolyte.fi\/en\/wp-json\/wp\/v2\/product_tag?post=4493"},{"taxonomy":"artists","embeddable":true,"href":"https:\/\/shop.hippolyte.fi\/en\/wp-json\/wp\/v2\/artists?post=4493"},{"taxonomy":"location","embeddable":true,"href":"https:\/\/shop.hippolyte.fi\/en\/wp-json\/wp\/v2\/location?post=4493"},{"taxonomy":"publisher","embeddable":true,"href":"https:\/\/shop.hippolyte.fi\/en\/wp-json\/wp\/v2\/publisher?post=4493"},{"taxonomy":"years","embeddable":true,"href":"https:\/\/shop.hippolyte.fi\/en\/wp-json\/wp\/v2\/years?post=4493"}],"curies":[{"name":"wp","href":"https:\/\/api.w.org\/{rel}","templated":true}]}}