{"id":4503,"date":"2025-10-10T09:47:32","date_gmt":"2025-10-10T06:47:32","guid":{"rendered":"https:\/\/shop.hippolyte.fi\/?post_type=product&#038;p=4503"},"modified":"2026-04-07T15:24:39","modified_gmt":"2026-04-07T12:24:39","slug":"juha-suonpaa-metsan-kissa","status":"publish","type":"product","link":"https:\/\/shop.hippolyte.fi\/en\/product\/juha-suonpaa-metsan-kissa\/","title":{"rendered":"Juha Suonp\u00e4\u00e4: Mets\u00e4n kissa"},"content":{"rendered":"<p>Sata vuotta sitten ilves oli sukupuuton partaalla. Rauhoittamisen ansiosta ilves on tehnyt paluun metsiimme.<\/p>\n<p>Vuonna 2025 tapasin \u201cilveskuiskaaja\u201d Hannun, jolle oli mets\u00e4kameroiden v\u00e4lityksell\u00e4 avautunut ilvesten ihmeellinen maailma ja henkinen matka kohti ihmisen ja el\u00e4imen tasavertaista kohtaamista.<\/p>\n<p>Kuudennen sukupuuttoaallon keskell\u00e4 meill\u00e4 on toivoa vain, jos ymm\u00e4rryksemme kaiken yhteenkuuluvuudesta toislajisia yst\u00e4vi\u00e4mme tarkkailemalla. On t\u00e4rke\u00e4\u00e4 puhua alistetussa asemassa olevista elollisista, koska mit\u00e4 paremmin heid\u00e4t tuntee, sit\u00e4 vaikeampaa ja vastenmielisemp\u00e4\u00e4 on tappaminen vain huvin ja varmuuden vuoksi. Ilvekset ovat yksil\u00f6it\u00e4 siin\u00e4 miss\u00e4 mekin. Lopulta my\u00f6s ihminen maatuu ja palautuu luonnon rinnalle \u2013 ei koskaan sen yl\u00e4puolelle.<\/p>\n<p>Nyt on kysytt\u00e4v\u00e4, voisiko luonto viel\u00e4 pelastaa meid\u00e4t. Hannun luonto pelasti.<\/p>\n","protected":false},"excerpt":{"rendered":"<p>ISBN: 978-951-97085-2-2<br \/>\nJulkaisija: Swamphead Oy<br \/>\nVuosi: 2024<br \/>\nTeksti ja kuvat: Juha Suonp\u00e4\u00e4<br \/>\nAineistot: Hannu Rantalan haastattelut vuosilta 2015\u20132022, Suomen kansan vanhat runot<br \/>\nGraafinen suunnittelu: Riikka L\u00f6yt\u00f6korpi<br \/>\nKehittelyvaiheen suunnittelu: Jani Ikonen<br \/>\nTekstin toimitus: Karla L\u00f6fgren<br \/>\nKuvank\u00e4sittelyt: Nina Tiitto<br \/>\nV\u00e4rierottelut: Petri Kuokka<br \/>\nKieli: Suomi<br \/>\nPaino: Raamatu Tr\u00fckikoda, Tallinna<br \/>\nSivum\u00e4\u00e4r\u00e4: 160<br \/>\nMitat: 26 x 22 cm<br \/>\nKovakantinen<\/p>\n","protected":false},"featured_media":4537,"template":"","meta":{"_acf_changed":false},"product_brand":[],"product_cat":[409],"product_tag":[],"artists":[480],"location":[],"publisher":[479],"years":[433],"class_list":{"0":"post-4503","1":"product","2":"type-product","3":"status-publish","4":"has-post-thumbnail","6":"product_cat-artist-books","7":"product_shipping_class-posti-xxs-max-3-x-25-x-35-cm-2kg","8":"artists-suonpaa-juha","9":"publisher-swamphead-oy","10":"years-433","12":"first","13":"instock","14":"taxable","15":"shipping-taxable","16":"purchasable","17":"product-type-simple"},"acf":[],"yoast_head":"<!-- This site is optimized with the Yoast SEO plugin v26.0 - https:\/\/yoast.com\/wordpress\/plugins\/seo\/ -->\n<title>Juha Suonp\u00e4\u00e4: Mets\u00e4n kissa - Online shop for photographic art<\/title>\n<meta name=\"robots\" content=\"index, follow, max-snippet:-1, max-image-preview:large, max-video-preview:-1\" \/>\n<link rel=\"canonical\" href=\"https:\/\/shop.hippolyte.fi\/en\/product\/juha-suonpaa-metsan-kissa\/\" \/>\n<meta property=\"og:locale\" content=\"en_US\" \/>\n<meta property=\"og:type\" content=\"article\" \/>\n<meta property=\"og:title\" content=\"Juha Suonp\u00e4\u00e4: Mets\u00e4n kissa - Online shop for photographic art\" \/>\n<meta property=\"og:description\" content=\"ISBN: 978-951-97085-2-2 Julkaisija: Swamphead Oy Vuosi: 2024 Teksti ja kuvat: Juha Suonp\u00e4\u00e4 Aineistot: Hannu Rantalan haastattelut vuosilta 2015\u20132022, Suomen kansan vanhat runot Graafinen suunnittelu: Riikka L\u00f6yt\u00f6korpi Kehittelyvaiheen suunnittelu: Jani Ikonen Tekstin toimitus: Karla L\u00f6fgren Kuvank\u00e4sittelyt: Nina Tiitto V\u00e4rierottelut: Petri Kuokka Kieli: Suomi Paino: Raamatu Tr\u00fckikoda, Tallinna Sivum\u00e4\u00e4r\u00e4: 160 Mitat: 26 x 22 cm Kovakantinen\" \/>\n<meta property=\"og:url\" content=\"https:\/\/shop.hippolyte.fi\/en\/product\/juha-suonpaa-metsan-kissa\/\" \/>\n<meta property=\"og:site_name\" content=\"Online shop for photographic art\" \/>\n<meta property=\"article:modified_time\" content=\"2026-04-07T12:24:39+00:00\" \/>\n<meta property=\"og:image\" content=\"https:\/\/shop.hippolyte.fi\/wp-content\/uploads\/2025\/09\/suonpaa-metsankissa-1024x1024.jpg\" \/>\n\t<meta property=\"og:image:width\" content=\"1024\" \/>\n\t<meta property=\"og:image:height\" content=\"1024\" \/>\n\t<meta property=\"og:image:type\" content=\"image\/jpeg\" \/>\n<meta name=\"twitter:card\" content=\"summary_large_image\" \/>\n<meta name=\"twitter:label1\" content=\"Est. reading time\" \/>\n\t<meta name=\"twitter:data1\" content=\"1 minute\" \/>\n<script type=\"application\/ld+json\" class=\"yoast-schema-graph\">{\"@context\":\"https:\/\/schema.org\",\"@graph\":[{\"@type\":\"WebPage\",\"@id\":\"https:\/\/shop.hippolyte.fi\/en\/product\/juha-suonpaa-metsan-kissa\/\",\"url\":\"https:\/\/shop.hippolyte.fi\/en\/product\/juha-suonpaa-metsan-kissa\/\",\"name\":\"Juha Suonp\u00e4\u00e4: Mets\u00e4n kissa - Online shop for photographic art\",\"isPartOf\":{\"@id\":\"https:\/\/shop.hippolyte.fi\/en\/#website\"},\"primaryImageOfPage\":{\"@id\":\"https:\/\/shop.hippolyte.fi\/en\/product\/juha-suonpaa-metsan-kissa\/#primaryimage\"},\"image\":{\"@id\":\"https:\/\/shop.hippolyte.fi\/en\/product\/juha-suonpaa-metsan-kissa\/#primaryimage\"},\"thumbnailUrl\":\"https:\/\/shop.hippolyte.fi\/wp-content\/uploads\/2025\/09\/suonpaa-metsankissa.jpg\",\"datePublished\":\"2025-10-10T06:47:32+00:00\",\"dateModified\":\"2026-04-07T12:24:39+00:00\",\"breadcrumb\":{\"@id\":\"https:\/\/shop.hippolyte.fi\/en\/product\/juha-suonpaa-metsan-kissa\/#breadcrumb\"},\"inLanguage\":\"en-US\",\"potentialAction\":[{\"@type\":\"ReadAction\",\"target\":[\"https:\/\/shop.hippolyte.fi\/en\/product\/juha-suonpaa-metsan-kissa\/\"]}]},{\"@type\":\"ImageObject\",\"inLanguage\":\"en-US\",\"@id\":\"https:\/\/shop.hippolyte.fi\/en\/product\/juha-suonpaa-metsan-kissa\/#primaryimage\",\"url\":\"https:\/\/shop.hippolyte.fi\/wp-content\/uploads\/2025\/09\/suonpaa-metsankissa.jpg\",\"contentUrl\":\"https:\/\/shop.hippolyte.fi\/wp-content\/uploads\/2025\/09\/suonpaa-metsankissa.jpg\",\"width\":1800,\"height\":1800},{\"@type\":\"BreadcrumbList\",\"@id\":\"https:\/\/shop.hippolyte.fi\/en\/product\/juha-suonpaa-metsan-kissa\/#breadcrumb\",\"itemListElement\":[{\"@type\":\"ListItem\",\"position\":1,\"name\":\"Etusivu\",\"item\":\"https:\/\/shop.hippolyte.fi\/en\/\"},{\"@type\":\"ListItem\",\"position\":2,\"name\":\"Shop\",\"item\":\"https:\/\/shop.hippolyte.fi\/en\/shop\/\"},{\"@type\":\"ListItem\",\"position\":3,\"name\":\"Juha Suonp\u00e4\u00e4: Mets\u00e4n kissa\"}]},{\"@type\":\"WebSite\",\"@id\":\"https:\/\/shop.hippolyte.fi\/en\/#website\",\"url\":\"https:\/\/shop.hippolyte.fi\/en\/\",\"name\":\"Online shop for photographic art\",\"description\":\"Verkkokaupassa myyd\u00e4\u00e4n teoksia ja valokuvataidekirjoja. OTOS-tapahtuman aikana my\u00f6s tapahtuman teoksia.\",\"potentialAction\":[{\"@type\":\"SearchAction\",\"target\":{\"@type\":\"EntryPoint\",\"urlTemplate\":\"https:\/\/shop.hippolyte.fi\/en\/?s={search_term_string}\"},\"query-input\":{\"@type\":\"PropertyValueSpecification\",\"valueRequired\":true,\"valueName\":\"search_term_string\"}}],\"inLanguage\":\"en-US\"}]}<\/script>\n<!-- \/ Yoast SEO plugin. -->","yoast_head_json":{"title":"Juha Suonp\u00e4\u00e4: Mets\u00e4n kissa - Online shop for photographic art","robots":{"index":"index","follow":"follow","max-snippet":"max-snippet:-1","max-image-preview":"max-image-preview:large","max-video-preview":"max-video-preview:-1"},"canonical":"https:\/\/shop.hippolyte.fi\/en\/product\/juha-suonpaa-metsan-kissa\/","og_locale":"en_US","og_type":"article","og_title":"Juha Suonp\u00e4\u00e4: Mets\u00e4n kissa - Online shop for photographic art","og_description":"ISBN: 978-951-97085-2-2 Julkaisija: Swamphead Oy Vuosi: 2024 Teksti ja kuvat: Juha Suonp\u00e4\u00e4 Aineistot: Hannu Rantalan haastattelut vuosilta 2015\u20132022, Suomen kansan vanhat runot Graafinen suunnittelu: Riikka L\u00f6yt\u00f6korpi Kehittelyvaiheen suunnittelu: Jani Ikonen Tekstin toimitus: Karla L\u00f6fgren Kuvank\u00e4sittelyt: Nina Tiitto V\u00e4rierottelut: Petri Kuokka Kieli: Suomi Paino: Raamatu Tr\u00fckikoda, Tallinna Sivum\u00e4\u00e4r\u00e4: 160 Mitat: 26 x 22 cm Kovakantinen","og_url":"https:\/\/shop.hippolyte.fi\/en\/product\/juha-suonpaa-metsan-kissa\/","og_site_name":"Online shop for photographic art","article_modified_time":"2026-04-07T12:24:39+00:00","og_image":[{"width":1024,"height":1024,"url":"https:\/\/shop.hippolyte.fi\/wp-content\/uploads\/2025\/09\/suonpaa-metsankissa-1024x1024.jpg","type":"image\/jpeg"}],"twitter_card":"summary_large_image","twitter_misc":{"Est. reading time":"1 minute"},"schema":{"@context":"https:\/\/schema.org","@graph":[{"@type":"WebPage","@id":"https:\/\/shop.hippolyte.fi\/en\/product\/juha-suonpaa-metsan-kissa\/","url":"https:\/\/shop.hippolyte.fi\/en\/product\/juha-suonpaa-metsan-kissa\/","name":"Juha Suonp\u00e4\u00e4: Mets\u00e4n kissa - Online shop for photographic art","isPartOf":{"@id":"https:\/\/shop.hippolyte.fi\/en\/#website"},"primaryImageOfPage":{"@id":"https:\/\/shop.hippolyte.fi\/en\/product\/juha-suonpaa-metsan-kissa\/#primaryimage"},"image":{"@id":"https:\/\/shop.hippolyte.fi\/en\/product\/juha-suonpaa-metsan-kissa\/#primaryimage"},"thumbnailUrl":"https:\/\/shop.hippolyte.fi\/wp-content\/uploads\/2025\/09\/suonpaa-metsankissa.jpg","datePublished":"2025-10-10T06:47:32+00:00","dateModified":"2026-04-07T12:24:39+00:00","breadcrumb":{"@id":"https:\/\/shop.hippolyte.fi\/en\/product\/juha-suonpaa-metsan-kissa\/#breadcrumb"},"inLanguage":"en-US","potentialAction":[{"@type":"ReadAction","target":["https:\/\/shop.hippolyte.fi\/en\/product\/juha-suonpaa-metsan-kissa\/"]}]},{"@type":"ImageObject","inLanguage":"en-US","@id":"https:\/\/shop.hippolyte.fi\/en\/product\/juha-suonpaa-metsan-kissa\/#primaryimage","url":"https:\/\/shop.hippolyte.fi\/wp-content\/uploads\/2025\/09\/suonpaa-metsankissa.jpg","contentUrl":"https:\/\/shop.hippolyte.fi\/wp-content\/uploads\/2025\/09\/suonpaa-metsankissa.jpg","width":1800,"height":1800},{"@type":"BreadcrumbList","@id":"https:\/\/shop.hippolyte.fi\/en\/product\/juha-suonpaa-metsan-kissa\/#breadcrumb","itemListElement":[{"@type":"ListItem","position":1,"name":"Etusivu","item":"https:\/\/shop.hippolyte.fi\/en\/"},{"@type":"ListItem","position":2,"name":"Shop","item":"https:\/\/shop.hippolyte.fi\/en\/shop\/"},{"@type":"ListItem","position":3,"name":"Juha Suonp\u00e4\u00e4: Mets\u00e4n kissa"}]},{"@type":"WebSite","@id":"https:\/\/shop.hippolyte.fi\/en\/#website","url":"https:\/\/shop.hippolyte.fi\/en\/","name":"Online shop for photographic art","description":"Verkkokaupassa myyd\u00e4\u00e4n teoksia ja valokuvataidekirjoja. OTOS-tapahtuman aikana my\u00f6s tapahtuman teoksia.","potentialAction":[{"@type":"SearchAction","target":{"@type":"EntryPoint","urlTemplate":"https:\/\/shop.hippolyte.fi\/en\/?s={search_term_string}"},"query-input":{"@type":"PropertyValueSpecification","valueRequired":true,"valueName":"search_term_string"}}],"inLanguage":"en-US"}]}},"_links":{"self":[{"href":"https:\/\/shop.hippolyte.fi\/en\/wp-json\/wp\/v2\/product\/4503","targetHints":{"allow":["GET"]}}],"collection":[{"href":"https:\/\/shop.hippolyte.fi\/en\/wp-json\/wp\/v2\/product"}],"about":[{"href":"https:\/\/shop.hippolyte.fi\/en\/wp-json\/wp\/v2\/types\/product"}],"wp:featuredmedia":[{"embeddable":true,"href":"https:\/\/shop.hippolyte.fi\/en\/wp-json\/wp\/v2\/media\/4537"}],"wp:attachment":[{"href":"https:\/\/shop.hippolyte.fi\/en\/wp-json\/wp\/v2\/media?parent=4503"}],"wp:term":[{"taxonomy":"product_brand","embeddable":true,"href":"https:\/\/shop.hippolyte.fi\/en\/wp-json\/wp\/v2\/product_brand?post=4503"},{"taxonomy":"product_cat","embeddable":true,"href":"https:\/\/shop.hippolyte.fi\/en\/wp-json\/wp\/v2\/product_cat?post=4503"},{"taxonomy":"product_tag","embeddable":true,"href":"https:\/\/shop.hippolyte.fi\/en\/wp-json\/wp\/v2\/product_tag?post=4503"},{"taxonomy":"artists","embeddable":true,"href":"https:\/\/shop.hippolyte.fi\/en\/wp-json\/wp\/v2\/artists?post=4503"},{"taxonomy":"location","embeddable":true,"href":"https:\/\/shop.hippolyte.fi\/en\/wp-json\/wp\/v2\/location?post=4503"},{"taxonomy":"publisher","embeddable":true,"href":"https:\/\/shop.hippolyte.fi\/en\/wp-json\/wp\/v2\/publisher?post=4503"},{"taxonomy":"years","embeddable":true,"href":"https:\/\/shop.hippolyte.fi\/en\/wp-json\/wp\/v2\/years?post=4503"}],"curies":[{"name":"wp","href":"https:\/\/api.w.org\/{rel}","templated":true}]}}