{"id":4515,"date":"2025-09-20T15:42:10","date_gmt":"2025-09-20T12:42:10","guid":{"rendered":"https:\/\/shop.hippolyte.fi\/?post_type=product&#038;p=4515"},"modified":"2026-01-28T11:18:11","modified_gmt":"2026-01-28T09:18:11","slug":"henrik-malmstrom-no","status":"publish","type":"product","link":"https:\/\/shop.hippolyte.fi\/en\/product\/henrik-malmstrom-no\/","title":{"rendered":"Henrik Malmstr\u00f6m: No"},"content":{"rendered":"<p>NO is a photographic investigation documenting poorly executed electrical installations. Through these images, the series reveals an urban landscape characterized by improvised and challenging solutions in the realm of electricity. These interventions, ranging from precarious connections to unexpected configurations, serve as a visual metaphor for human fragility and creativity in the face of formal systems that are often inaccessible or insufficient. The photographs aim to construct both a symbolic and literal portrait of the social dynamics manifested in these electrical interventions, prompting reflection on the relationship between technology, social informality, and urban space as a web of constantly competing forces.<\/p>\n","protected":false},"excerpt":{"rendered":"<p>ISBN 978-631-00-1907-9<br \/>\nJulkaisija: SED Editorial<br \/>\nVuosi: 2024<br \/>\nKonsepti ja valokuvat: Henrik Malmstr\u00f6m<br \/>\nEditointi: Henrik Malmstr\u00f6m ja Martin Bollati<br \/>\nGraafinen suunnittelu: Ricardo Ba\u00e9z<br \/>\nTeksti: Sergio Tonkonoff<br \/>\nPaino ja sidonta: Akian Gr\u00e1fica<br \/>\nEditio: 300<br \/>\nSivum\u00e4\u00e4r\u00e4: 198<br \/>\nMitat: 14,7 x 21 cm<\/p>\n","protected":false},"featured_media":4520,"template":"","meta":{"_acf_changed":false},"product_brand":[],"product_cat":[409],"product_tag":[],"artists":[219],"location":[],"publisher":[490],"years":[433],"class_list":{"0":"post-4515","1":"product","2":"type-product","3":"status-publish","4":"has-post-thumbnail","6":"product_cat-artist-books","7":"product_shipping_class-posti-xxs-max-3-x-25-x-35-cm-2kg","8":"artists-henrik-malmstrom","9":"publisher-sed-editorial","10":"years-433","12":"first","13":"instock","14":"taxable","15":"shipping-taxable","16":"purchasable","17":"product-type-simple"},"acf":[],"yoast_head":"<!-- This site is optimized with the Yoast SEO plugin v26.0 - https:\/\/yoast.com\/wordpress\/plugins\/seo\/ -->\n<title>Henrik Malmstr\u00f6m: No - Online shop for photographic art<\/title>\n<meta name=\"robots\" content=\"index, follow, max-snippet:-1, max-image-preview:large, max-video-preview:-1\" \/>\n<link rel=\"canonical\" href=\"https:\/\/shop.hippolyte.fi\/en\/product\/henrik-malmstrom-no\/\" \/>\n<meta property=\"og:locale\" content=\"en_US\" \/>\n<meta property=\"og:type\" content=\"article\" \/>\n<meta property=\"og:title\" content=\"Henrik Malmstr\u00f6m: No - Online shop for photographic art\" \/>\n<meta property=\"og:description\" content=\"ISBN 978-631-00-1907-9 Julkaisija: SED Editorial Vuosi: 2024 Konsepti ja valokuvat: Henrik Malmstr\u00f6m Editointi: Henrik Malmstr\u00f6m ja Martin Bollati Graafinen suunnittelu: Ricardo Ba\u00e9z Teksti: Sergio Tonkonoff Paino ja sidonta: Akian Gr\u00e1fica Editio: 300 Sivum\u00e4\u00e4r\u00e4: 198 Mitat: 14,7 x 21 cm\" \/>\n<meta property=\"og:url\" content=\"https:\/\/shop.hippolyte.fi\/en\/product\/henrik-malmstrom-no\/\" \/>\n<meta property=\"og:site_name\" content=\"Online shop for photographic art\" \/>\n<meta property=\"article:modified_time\" content=\"2026-01-28T09:18:11+00:00\" \/>\n<meta property=\"og:image\" content=\"https:\/\/shop.hippolyte.fi\/wp-content\/uploads\/2025\/09\/malmstrom-no-2-819x1024.jpg\" \/>\n\t<meta property=\"og:image:width\" content=\"819\" \/>\n\t<meta property=\"og:image:height\" content=\"1024\" \/>\n\t<meta property=\"og:image:type\" content=\"image\/jpeg\" \/>\n<meta name=\"twitter:card\" content=\"summary_large_image\" \/>\n<meta name=\"twitter:label1\" content=\"Est. reading time\" \/>\n\t<meta name=\"twitter:data1\" content=\"1 minute\" \/>\n<script type=\"application\/ld+json\" class=\"yoast-schema-graph\">{\"@context\":\"https:\/\/schema.org\",\"@graph\":[{\"@type\":\"WebPage\",\"@id\":\"https:\/\/shop.hippolyte.fi\/en\/product\/henrik-malmstrom-no\/\",\"url\":\"https:\/\/shop.hippolyte.fi\/en\/product\/henrik-malmstrom-no\/\",\"name\":\"Henrik Malmstr\u00f6m: No - Online shop for photographic art\",\"isPartOf\":{\"@id\":\"https:\/\/shop.hippolyte.fi\/en\/#website\"},\"primaryImageOfPage\":{\"@id\":\"https:\/\/shop.hippolyte.fi\/en\/product\/henrik-malmstrom-no\/#primaryimage\"},\"image\":{\"@id\":\"https:\/\/shop.hippolyte.fi\/en\/product\/henrik-malmstrom-no\/#primaryimage\"},\"thumbnailUrl\":\"https:\/\/shop.hippolyte.fi\/wp-content\/uploads\/2025\/09\/malmstrom-no-2.jpg\",\"datePublished\":\"2025-09-20T12:42:10+00:00\",\"dateModified\":\"2026-01-28T09:18:11+00:00\",\"breadcrumb\":{\"@id\":\"https:\/\/shop.hippolyte.fi\/en\/product\/henrik-malmstrom-no\/#breadcrumb\"},\"inLanguage\":\"en-US\",\"potentialAction\":[{\"@type\":\"ReadAction\",\"target\":[\"https:\/\/shop.hippolyte.fi\/en\/product\/henrik-malmstrom-no\/\"]}]},{\"@type\":\"ImageObject\",\"inLanguage\":\"en-US\",\"@id\":\"https:\/\/shop.hippolyte.fi\/en\/product\/henrik-malmstrom-no\/#primaryimage\",\"url\":\"https:\/\/shop.hippolyte.fi\/wp-content\/uploads\/2025\/09\/malmstrom-no-2.jpg\",\"contentUrl\":\"https:\/\/shop.hippolyte.fi\/wp-content\/uploads\/2025\/09\/malmstrom-no-2.jpg\",\"width\":1600,\"height\":2000},{\"@type\":\"BreadcrumbList\",\"@id\":\"https:\/\/shop.hippolyte.fi\/en\/product\/henrik-malmstrom-no\/#breadcrumb\",\"itemListElement\":[{\"@type\":\"ListItem\",\"position\":1,\"name\":\"Etusivu\",\"item\":\"https:\/\/shop.hippolyte.fi\/en\/\"},{\"@type\":\"ListItem\",\"position\":2,\"name\":\"Shop\",\"item\":\"https:\/\/shop.hippolyte.fi\/en\/shop\/\"},{\"@type\":\"ListItem\",\"position\":3,\"name\":\"Henrik Malmstr\u00f6m: No\"}]},{\"@type\":\"WebSite\",\"@id\":\"https:\/\/shop.hippolyte.fi\/en\/#website\",\"url\":\"https:\/\/shop.hippolyte.fi\/en\/\",\"name\":\"Online shop for photographic art\",\"description\":\"Verkkokaupassa myyd\u00e4\u00e4n teoksia ja valokuvataidekirjoja. OTOS-tapahtuman aikana my\u00f6s tapahtuman teoksia.\",\"potentialAction\":[{\"@type\":\"SearchAction\",\"target\":{\"@type\":\"EntryPoint\",\"urlTemplate\":\"https:\/\/shop.hippolyte.fi\/en\/?s={search_term_string}\"},\"query-input\":{\"@type\":\"PropertyValueSpecification\",\"valueRequired\":true,\"valueName\":\"search_term_string\"}}],\"inLanguage\":\"en-US\"}]}<\/script>\n<!-- \/ Yoast SEO plugin. -->","yoast_head_json":{"title":"Henrik Malmstr\u00f6m: No - Online shop for photographic art","robots":{"index":"index","follow":"follow","max-snippet":"max-snippet:-1","max-image-preview":"max-image-preview:large","max-video-preview":"max-video-preview:-1"},"canonical":"https:\/\/shop.hippolyte.fi\/en\/product\/henrik-malmstrom-no\/","og_locale":"en_US","og_type":"article","og_title":"Henrik Malmstr\u00f6m: No - Online shop for photographic art","og_description":"ISBN 978-631-00-1907-9 Julkaisija: SED Editorial Vuosi: 2024 Konsepti ja valokuvat: Henrik Malmstr\u00f6m Editointi: Henrik Malmstr\u00f6m ja Martin Bollati Graafinen suunnittelu: Ricardo Ba\u00e9z Teksti: Sergio Tonkonoff Paino ja sidonta: Akian Gr\u00e1fica Editio: 300 Sivum\u00e4\u00e4r\u00e4: 198 Mitat: 14,7 x 21 cm","og_url":"https:\/\/shop.hippolyte.fi\/en\/product\/henrik-malmstrom-no\/","og_site_name":"Online shop for photographic art","article_modified_time":"2026-01-28T09:18:11+00:00","og_image":[{"width":819,"height":1024,"url":"https:\/\/shop.hippolyte.fi\/wp-content\/uploads\/2025\/09\/malmstrom-no-2-819x1024.jpg","type":"image\/jpeg"}],"twitter_card":"summary_large_image","twitter_misc":{"Est. reading time":"1 minute"},"schema":{"@context":"https:\/\/schema.org","@graph":[{"@type":"WebPage","@id":"https:\/\/shop.hippolyte.fi\/en\/product\/henrik-malmstrom-no\/","url":"https:\/\/shop.hippolyte.fi\/en\/product\/henrik-malmstrom-no\/","name":"Henrik Malmstr\u00f6m: No - Online shop for photographic art","isPartOf":{"@id":"https:\/\/shop.hippolyte.fi\/en\/#website"},"primaryImageOfPage":{"@id":"https:\/\/shop.hippolyte.fi\/en\/product\/henrik-malmstrom-no\/#primaryimage"},"image":{"@id":"https:\/\/shop.hippolyte.fi\/en\/product\/henrik-malmstrom-no\/#primaryimage"},"thumbnailUrl":"https:\/\/shop.hippolyte.fi\/wp-content\/uploads\/2025\/09\/malmstrom-no-2.jpg","datePublished":"2025-09-20T12:42:10+00:00","dateModified":"2026-01-28T09:18:11+00:00","breadcrumb":{"@id":"https:\/\/shop.hippolyte.fi\/en\/product\/henrik-malmstrom-no\/#breadcrumb"},"inLanguage":"en-US","potentialAction":[{"@type":"ReadAction","target":["https:\/\/shop.hippolyte.fi\/en\/product\/henrik-malmstrom-no\/"]}]},{"@type":"ImageObject","inLanguage":"en-US","@id":"https:\/\/shop.hippolyte.fi\/en\/product\/henrik-malmstrom-no\/#primaryimage","url":"https:\/\/shop.hippolyte.fi\/wp-content\/uploads\/2025\/09\/malmstrom-no-2.jpg","contentUrl":"https:\/\/shop.hippolyte.fi\/wp-content\/uploads\/2025\/09\/malmstrom-no-2.jpg","width":1600,"height":2000},{"@type":"BreadcrumbList","@id":"https:\/\/shop.hippolyte.fi\/en\/product\/henrik-malmstrom-no\/#breadcrumb","itemListElement":[{"@type":"ListItem","position":1,"name":"Etusivu","item":"https:\/\/shop.hippolyte.fi\/en\/"},{"@type":"ListItem","position":2,"name":"Shop","item":"https:\/\/shop.hippolyte.fi\/en\/shop\/"},{"@type":"ListItem","position":3,"name":"Henrik Malmstr\u00f6m: No"}]},{"@type":"WebSite","@id":"https:\/\/shop.hippolyte.fi\/en\/#website","url":"https:\/\/shop.hippolyte.fi\/en\/","name":"Online shop for photographic art","description":"Verkkokaupassa myyd\u00e4\u00e4n teoksia ja valokuvataidekirjoja. OTOS-tapahtuman aikana my\u00f6s tapahtuman teoksia.","potentialAction":[{"@type":"SearchAction","target":{"@type":"EntryPoint","urlTemplate":"https:\/\/shop.hippolyte.fi\/en\/?s={search_term_string}"},"query-input":{"@type":"PropertyValueSpecification","valueRequired":true,"valueName":"search_term_string"}}],"inLanguage":"en-US"}]}},"_links":{"self":[{"href":"https:\/\/shop.hippolyte.fi\/en\/wp-json\/wp\/v2\/product\/4515","targetHints":{"allow":["GET"]}}],"collection":[{"href":"https:\/\/shop.hippolyte.fi\/en\/wp-json\/wp\/v2\/product"}],"about":[{"href":"https:\/\/shop.hippolyte.fi\/en\/wp-json\/wp\/v2\/types\/product"}],"wp:featuredmedia":[{"embeddable":true,"href":"https:\/\/shop.hippolyte.fi\/en\/wp-json\/wp\/v2\/media\/4520"}],"wp:attachment":[{"href":"https:\/\/shop.hippolyte.fi\/en\/wp-json\/wp\/v2\/media?parent=4515"}],"wp:term":[{"taxonomy":"product_brand","embeddable":true,"href":"https:\/\/shop.hippolyte.fi\/en\/wp-json\/wp\/v2\/product_brand?post=4515"},{"taxonomy":"product_cat","embeddable":true,"href":"https:\/\/shop.hippolyte.fi\/en\/wp-json\/wp\/v2\/product_cat?post=4515"},{"taxonomy":"product_tag","embeddable":true,"href":"https:\/\/shop.hippolyte.fi\/en\/wp-json\/wp\/v2\/product_tag?post=4515"},{"taxonomy":"artists","embeddable":true,"href":"https:\/\/shop.hippolyte.fi\/en\/wp-json\/wp\/v2\/artists?post=4515"},{"taxonomy":"location","embeddable":true,"href":"https:\/\/shop.hippolyte.fi\/en\/wp-json\/wp\/v2\/location?post=4515"},{"taxonomy":"publisher","embeddable":true,"href":"https:\/\/shop.hippolyte.fi\/en\/wp-json\/wp\/v2\/publisher?post=4515"},{"taxonomy":"years","embeddable":true,"href":"https:\/\/shop.hippolyte.fi\/en\/wp-json\/wp\/v2\/years?post=4515"}],"curies":[{"name":"wp","href":"https:\/\/api.w.org\/{rel}","templated":true}]}}