{"id":4522,"date":"2025-09-20T19:57:54","date_gmt":"2025-09-20T16:57:54","guid":{"rendered":"https:\/\/shop.hippolyte.fi\/?post_type=product&#038;p=4522"},"modified":"2025-11-06T11:49:57","modified_gmt":"2025-11-06T09:49:57","slug":"filippo-zambon-goodbye-meadow","status":"publish","type":"product","link":"https:\/\/shop.hippolyte.fi\/en\/product\/filippo-zambon-goodbye-meadow\/","title":{"rendered":"Filippo Zambon: Goodbye Meadow"},"content":{"rendered":"<p>Goodbye Meadow is a deeply personal journey through memory, loss, and rediscovery. Filippo Zambon returns to Prato, a city he once left behind, to confront its past and his own. Through intimate photographs and poignant text, he navigates the streets of his childhood, the spaces his mother inhabited, and the emotions of a long-awaited homecoming. This photobook is more than a documentary\u2014it is a meditation on grief, identity, and the ties that bind us to place and family.<\/p>\n","protected":false},"excerpt":{"rendered":"<p>ISBN 978-961-95516-4-6<br \/>\nPublisher: The Angry Bat<br \/>\nYear: 2025<br \/>\nPhotography: Filippo Zambon<br \/>\nPrinting: Eurograf, Velenje<br \/>\nBinding: Maruji, Ljubljana<br \/>\nEdition: 450<br \/>\nPages: 112<br \/>\nDimensions: 17 x 24 cm<br \/>\nHardcover<\/p>\n","protected":false},"featured_media":4541,"template":"","meta":{"_acf_changed":false},"product_brand":[],"product_cat":[409],"product_tag":[],"artists":[362],"location":[],"publisher":[445],"years":[463],"class_list":{"0":"post-4522","1":"product","2":"type-product","3":"status-publish","4":"has-post-thumbnail","6":"product_cat-artist-books","7":"product_shipping_class-posti-xxs-max-3-x-25-x-35-cm-2kg","8":"artists-zambon-filippo","9":"publisher-the-angry-bat","10":"years-463","12":"first","13":"instock","14":"taxable","15":"shipping-taxable","16":"purchasable","17":"product-type-simple"},"acf":[],"yoast_head":"<!-- This site is optimized with the Yoast SEO plugin v26.0 - https:\/\/yoast.com\/wordpress\/plugins\/seo\/ -->\n<title>Filippo Zambon: Goodbye Meadow - Online shop for photographic art<\/title>\n<meta name=\"robots\" content=\"index, follow, max-snippet:-1, max-image-preview:large, max-video-preview:-1\" \/>\n<link rel=\"canonical\" href=\"https:\/\/shop.hippolyte.fi\/en\/product\/filippo-zambon-goodbye-meadow\/\" \/>\n<meta property=\"og:locale\" content=\"en_US\" \/>\n<meta property=\"og:type\" content=\"article\" \/>\n<meta property=\"og:title\" content=\"Filippo Zambon: Goodbye Meadow - Online shop for photographic art\" \/>\n<meta property=\"og:description\" content=\"ISBN 978-961-95516-4-6 Publisher: The Angry Bat Year: 2025 Photography: Filippo Zambon Printing: Eurograf, Velenje Binding: Maruji, Ljubljana Edition: 450 Pages: 112 Dimensions: 17 x 24 cm Hardcover\" \/>\n<meta property=\"og:url\" content=\"https:\/\/shop.hippolyte.fi\/en\/product\/filippo-zambon-goodbye-meadow\/\" \/>\n<meta property=\"og:site_name\" content=\"Online shop for photographic art\" \/>\n<meta property=\"article:modified_time\" content=\"2025-11-06T09:49:57+00:00\" \/>\n<meta property=\"og:image\" content=\"https:\/\/shop.hippolyte.fi\/wp-content\/uploads\/2025\/09\/zambon-goodbyemeadow.jpg\" \/>\n\t<meta property=\"og:image:width\" content=\"1800\" \/>\n\t<meta property=\"og:image:height\" content=\"1800\" \/>\n\t<meta property=\"og:image:type\" content=\"image\/jpeg\" \/>\n<meta name=\"twitter:card\" content=\"summary_large_image\" \/>\n<meta name=\"twitter:label1\" content=\"Est. reading time\" \/>\n\t<meta name=\"twitter:data1\" content=\"1 minute\" \/>\n<script type=\"application\/ld+json\" class=\"yoast-schema-graph\">{\"@context\":\"https:\/\/schema.org\",\"@graph\":[{\"@type\":\"WebPage\",\"@id\":\"https:\/\/shop.hippolyte.fi\/en\/product\/filippo-zambon-goodbye-meadow\/\",\"url\":\"https:\/\/shop.hippolyte.fi\/en\/product\/filippo-zambon-goodbye-meadow\/\",\"name\":\"Filippo Zambon: Goodbye Meadow - Online shop for photographic art\",\"isPartOf\":{\"@id\":\"https:\/\/shop.hippolyte.fi\/en\/#website\"},\"primaryImageOfPage\":{\"@id\":\"https:\/\/shop.hippolyte.fi\/en\/product\/filippo-zambon-goodbye-meadow\/#primaryimage\"},\"image\":{\"@id\":\"https:\/\/shop.hippolyte.fi\/en\/product\/filippo-zambon-goodbye-meadow\/#primaryimage\"},\"thumbnailUrl\":\"https:\/\/shop.hippolyte.fi\/wp-content\/uploads\/2025\/09\/zambon-goodbyemeadow.jpg\",\"datePublished\":\"2025-09-20T16:57:54+00:00\",\"dateModified\":\"2025-11-06T09:49:57+00:00\",\"breadcrumb\":{\"@id\":\"https:\/\/shop.hippolyte.fi\/en\/product\/filippo-zambon-goodbye-meadow\/#breadcrumb\"},\"inLanguage\":\"en-US\",\"potentialAction\":[{\"@type\":\"ReadAction\",\"target\":[\"https:\/\/shop.hippolyte.fi\/en\/product\/filippo-zambon-goodbye-meadow\/\"]}]},{\"@type\":\"ImageObject\",\"inLanguage\":\"en-US\",\"@id\":\"https:\/\/shop.hippolyte.fi\/en\/product\/filippo-zambon-goodbye-meadow\/#primaryimage\",\"url\":\"https:\/\/shop.hippolyte.fi\/wp-content\/uploads\/2025\/09\/zambon-goodbyemeadow.jpg\",\"contentUrl\":\"https:\/\/shop.hippolyte.fi\/wp-content\/uploads\/2025\/09\/zambon-goodbyemeadow.jpg\",\"width\":1800,\"height\":1800},{\"@type\":\"BreadcrumbList\",\"@id\":\"https:\/\/shop.hippolyte.fi\/en\/product\/filippo-zambon-goodbye-meadow\/#breadcrumb\",\"itemListElement\":[{\"@type\":\"ListItem\",\"position\":1,\"name\":\"Etusivu\",\"item\":\"https:\/\/shop.hippolyte.fi\/en\/\"},{\"@type\":\"ListItem\",\"position\":2,\"name\":\"Shop\",\"item\":\"https:\/\/shop.hippolyte.fi\/en\/shop\/\"},{\"@type\":\"ListItem\",\"position\":3,\"name\":\"Filippo Zambon: Goodbye Meadow\"}]},{\"@type\":\"WebSite\",\"@id\":\"https:\/\/shop.hippolyte.fi\/en\/#website\",\"url\":\"https:\/\/shop.hippolyte.fi\/en\/\",\"name\":\"Online shop for photographic art\",\"description\":\"Verkkokaupassa myyd\u00e4\u00e4n teoksia ja valokuvataidekirjoja. OTOS-tapahtuman aikana my\u00f6s tapahtuman teoksia.\",\"potentialAction\":[{\"@type\":\"SearchAction\",\"target\":{\"@type\":\"EntryPoint\",\"urlTemplate\":\"https:\/\/shop.hippolyte.fi\/en\/?s={search_term_string}\"},\"query-input\":{\"@type\":\"PropertyValueSpecification\",\"valueRequired\":true,\"valueName\":\"search_term_string\"}}],\"inLanguage\":\"en-US\"}]}<\/script>\n<!-- \/ Yoast SEO plugin. -->","yoast_head_json":{"title":"Filippo Zambon: Goodbye Meadow - Online shop for photographic art","robots":{"index":"index","follow":"follow","max-snippet":"max-snippet:-1","max-image-preview":"max-image-preview:large","max-video-preview":"max-video-preview:-1"},"canonical":"https:\/\/shop.hippolyte.fi\/en\/product\/filippo-zambon-goodbye-meadow\/","og_locale":"en_US","og_type":"article","og_title":"Filippo Zambon: Goodbye Meadow - Online shop for photographic art","og_description":"ISBN 978-961-95516-4-6 Publisher: The Angry Bat Year: 2025 Photography: Filippo Zambon Printing: Eurograf, Velenje Binding: Maruji, Ljubljana Edition: 450 Pages: 112 Dimensions: 17 x 24 cm Hardcover","og_url":"https:\/\/shop.hippolyte.fi\/en\/product\/filippo-zambon-goodbye-meadow\/","og_site_name":"Online shop for photographic art","article_modified_time":"2025-11-06T09:49:57+00:00","og_image":[{"width":1800,"height":1800,"url":"https:\/\/shop.hippolyte.fi\/wp-content\/uploads\/2025\/09\/zambon-goodbyemeadow.jpg","type":"image\/jpeg"}],"twitter_card":"summary_large_image","twitter_misc":{"Est. reading time":"1 minute"},"schema":{"@context":"https:\/\/schema.org","@graph":[{"@type":"WebPage","@id":"https:\/\/shop.hippolyte.fi\/en\/product\/filippo-zambon-goodbye-meadow\/","url":"https:\/\/shop.hippolyte.fi\/en\/product\/filippo-zambon-goodbye-meadow\/","name":"Filippo Zambon: Goodbye Meadow - Online shop for photographic art","isPartOf":{"@id":"https:\/\/shop.hippolyte.fi\/en\/#website"},"primaryImageOfPage":{"@id":"https:\/\/shop.hippolyte.fi\/en\/product\/filippo-zambon-goodbye-meadow\/#primaryimage"},"image":{"@id":"https:\/\/shop.hippolyte.fi\/en\/product\/filippo-zambon-goodbye-meadow\/#primaryimage"},"thumbnailUrl":"https:\/\/shop.hippolyte.fi\/wp-content\/uploads\/2025\/09\/zambon-goodbyemeadow.jpg","datePublished":"2025-09-20T16:57:54+00:00","dateModified":"2025-11-06T09:49:57+00:00","breadcrumb":{"@id":"https:\/\/shop.hippolyte.fi\/en\/product\/filippo-zambon-goodbye-meadow\/#breadcrumb"},"inLanguage":"en-US","potentialAction":[{"@type":"ReadAction","target":["https:\/\/shop.hippolyte.fi\/en\/product\/filippo-zambon-goodbye-meadow\/"]}]},{"@type":"ImageObject","inLanguage":"en-US","@id":"https:\/\/shop.hippolyte.fi\/en\/product\/filippo-zambon-goodbye-meadow\/#primaryimage","url":"https:\/\/shop.hippolyte.fi\/wp-content\/uploads\/2025\/09\/zambon-goodbyemeadow.jpg","contentUrl":"https:\/\/shop.hippolyte.fi\/wp-content\/uploads\/2025\/09\/zambon-goodbyemeadow.jpg","width":1800,"height":1800},{"@type":"BreadcrumbList","@id":"https:\/\/shop.hippolyte.fi\/en\/product\/filippo-zambon-goodbye-meadow\/#breadcrumb","itemListElement":[{"@type":"ListItem","position":1,"name":"Etusivu","item":"https:\/\/shop.hippolyte.fi\/en\/"},{"@type":"ListItem","position":2,"name":"Shop","item":"https:\/\/shop.hippolyte.fi\/en\/shop\/"},{"@type":"ListItem","position":3,"name":"Filippo Zambon: Goodbye Meadow"}]},{"@type":"WebSite","@id":"https:\/\/shop.hippolyte.fi\/en\/#website","url":"https:\/\/shop.hippolyte.fi\/en\/","name":"Online shop for photographic art","description":"Verkkokaupassa myyd\u00e4\u00e4n teoksia ja valokuvataidekirjoja. OTOS-tapahtuman aikana my\u00f6s tapahtuman teoksia.","potentialAction":[{"@type":"SearchAction","target":{"@type":"EntryPoint","urlTemplate":"https:\/\/shop.hippolyte.fi\/en\/?s={search_term_string}"},"query-input":{"@type":"PropertyValueSpecification","valueRequired":true,"valueName":"search_term_string"}}],"inLanguage":"en-US"}]}},"_links":{"self":[{"href":"https:\/\/shop.hippolyte.fi\/en\/wp-json\/wp\/v2\/product\/4522","targetHints":{"allow":["GET"]}}],"collection":[{"href":"https:\/\/shop.hippolyte.fi\/en\/wp-json\/wp\/v2\/product"}],"about":[{"href":"https:\/\/shop.hippolyte.fi\/en\/wp-json\/wp\/v2\/types\/product"}],"wp:featuredmedia":[{"embeddable":true,"href":"https:\/\/shop.hippolyte.fi\/en\/wp-json\/wp\/v2\/media\/4541"}],"wp:attachment":[{"href":"https:\/\/shop.hippolyte.fi\/en\/wp-json\/wp\/v2\/media?parent=4522"}],"wp:term":[{"taxonomy":"product_brand","embeddable":true,"href":"https:\/\/shop.hippolyte.fi\/en\/wp-json\/wp\/v2\/product_brand?post=4522"},{"taxonomy":"product_cat","embeddable":true,"href":"https:\/\/shop.hippolyte.fi\/en\/wp-json\/wp\/v2\/product_cat?post=4522"},{"taxonomy":"product_tag","embeddable":true,"href":"https:\/\/shop.hippolyte.fi\/en\/wp-json\/wp\/v2\/product_tag?post=4522"},{"taxonomy":"artists","embeddable":true,"href":"https:\/\/shop.hippolyte.fi\/en\/wp-json\/wp\/v2\/artists?post=4522"},{"taxonomy":"location","embeddable":true,"href":"https:\/\/shop.hippolyte.fi\/en\/wp-json\/wp\/v2\/location?post=4522"},{"taxonomy":"publisher","embeddable":true,"href":"https:\/\/shop.hippolyte.fi\/en\/wp-json\/wp\/v2\/publisher?post=4522"},{"taxonomy":"years","embeddable":true,"href":"https:\/\/shop.hippolyte.fi\/en\/wp-json\/wp\/v2\/years?post=4522"}],"curies":[{"name":"wp","href":"https:\/\/api.w.org\/{rel}","templated":true}]}}