{"id":4525,"date":"2025-09-20T20:09:52","date_gmt":"2025-09-20T17:09:52","guid":{"rendered":"https:\/\/shop.hippolyte.fi\/?post_type=product&#038;p=4525"},"modified":"2026-04-08T15:50:42","modified_gmt":"2026-04-08T12:50:42","slug":"sauli-sirvio-archiving-en-plein-air","status":"publish","type":"product","link":"https:\/\/shop.hippolyte.fi\/en\/product\/sauli-sirvio-archiving-en-plein-air\/","title":{"rendered":"Sauli Sirvi\u00f6: Archiving &#8216;en plein air&#8217;"},"content":{"rendered":"<p>Archiving \u2018en plein air\u2019 brings together projects and works created by Finnish visual artist Sauli Sirvi\u00f6 in Helsinki, Paris, and New York in recent years. The photographs and other visual materials are accompanied by a text by Miina Hujala, sharing the same title as the book. This text delves into the vibrant world behind Sirvi\u00f6&#8217;s works:<\/p>\n<p>\u201cI see Sauli\u2019s work as gestures of containment and exposure. The contested utility of infrastructure (passageways, escalators, elevators, aqueducts and sewers of past and present) tacitly forms the city but is not meant to be explored in depth. Sauli\u2019s artworks offer compensation for this unspoken proscription. We walk on the streets without noticing the bitumen underneath, the layers of stones and stigma. Exposing the conditions and materials that surround us requires maneuvering structures and revealing layers, as well as generating them.\u201d<\/p>\n<p>The book is made up of pages printed on a variety of papers and other materials. The printing is handcrafted using inkjet and laser printing, as well as Helsinki sunlight burning.<\/p>\n","protected":false},"excerpt":{"rendered":"<p>ISBN 978-952-65274-4-4<br \/>\nPublisher: Utu Press<br \/>\nYear: 2024<br \/>\nConcept and Photography: Sauli Sirvi\u00f6<br \/>\nText: Miina Hujala<br \/>\nText Editing and Proofreading: Maija Timonen<br \/>\nLayout: Toivo Heinim\u00e4ki &amp; Sauli Sirvi\u00f6<br \/>\nEdition: 100<br \/>\nLanguage: English<br \/>\nPages: 50<br \/>\nDimensions: 30 x 22 cm<\/p>\n","protected":false},"featured_media":4632,"template":"","meta":{"_acf_changed":false},"product_brand":[],"product_cat":[409],"product_tag":[],"artists":[491],"location":[],"publisher":[410],"years":[433],"class_list":{"0":"post-4525","1":"product","2":"type-product","3":"status-publish","4":"has-post-thumbnail","6":"product_cat-artist-books","7":"product_shipping_class-posti-xxs-max-3-x-25-x-35-cm-2kg","8":"artists-sirvio-sauli","9":"publisher-utu-press","10":"years-433","12":"first","13":"outofstock","14":"taxable","15":"shipping-taxable","16":"purchasable","17":"product-type-simple"},"acf":[],"yoast_head":"<!-- This site is optimized with the Yoast SEO plugin v26.0 - https:\/\/yoast.com\/wordpress\/plugins\/seo\/ -->\n<title>Sauli Sirvi\u00f6: Archiving &#039;en plein air&#039; - Online shop for photographic art<\/title>\n<meta name=\"robots\" content=\"index, follow, max-snippet:-1, max-image-preview:large, max-video-preview:-1\" \/>\n<link rel=\"canonical\" href=\"https:\/\/shop.hippolyte.fi\/en\/product\/sauli-sirvio-archiving-en-plein-air\/\" \/>\n<meta property=\"og:locale\" content=\"en_US\" \/>\n<meta property=\"og:type\" content=\"article\" \/>\n<meta property=\"og:title\" content=\"Sauli Sirvi\u00f6: Archiving &#039;en plein air&#039; - Online shop for photographic art\" \/>\n<meta property=\"og:description\" content=\"ISBN 978-952-65274-4-4 Publisher: Utu Press Year: 2024 Concept and Photography: Sauli Sirvi\u00f6 Text: Miina Hujala Text Editing and Proofreading: Maija Timonen Layout: Toivo Heinim\u00e4ki &amp; Sauli Sirvi\u00f6 Edition: 100 Language: English Pages: 50 Dimensions: 30 x 22 cm\" \/>\n<meta property=\"og:url\" content=\"https:\/\/shop.hippolyte.fi\/en\/product\/sauli-sirvio-archiving-en-plein-air\/\" \/>\n<meta property=\"og:site_name\" content=\"Online shop for photographic art\" \/>\n<meta property=\"article:modified_time\" content=\"2026-04-08T12:50:42+00:00\" \/>\n<meta property=\"og:image\" content=\"https:\/\/shop.hippolyte.fi\/wp-content\/uploads\/2025\/09\/sirvio-archivingenpleinair-1024x1024.jpg\" \/>\n\t<meta property=\"og:image:width\" content=\"1024\" \/>\n\t<meta property=\"og:image:height\" content=\"1024\" \/>\n\t<meta property=\"og:image:type\" content=\"image\/jpeg\" \/>\n<meta name=\"twitter:card\" content=\"summary_large_image\" \/>\n<meta name=\"twitter:label1\" content=\"Est. reading time\" \/>\n\t<meta name=\"twitter:data1\" content=\"2 minutes\" \/>\n<script type=\"application\/ld+json\" class=\"yoast-schema-graph\">{\"@context\":\"https:\/\/schema.org\",\"@graph\":[{\"@type\":\"WebPage\",\"@id\":\"https:\/\/shop.hippolyte.fi\/en\/product\/sauli-sirvio-archiving-en-plein-air\/\",\"url\":\"https:\/\/shop.hippolyte.fi\/en\/product\/sauli-sirvio-archiving-en-plein-air\/\",\"name\":\"Sauli Sirvi\u00f6: Archiving 'en plein air' - Online shop for photographic art\",\"isPartOf\":{\"@id\":\"https:\/\/shop.hippolyte.fi\/en\/#website\"},\"primaryImageOfPage\":{\"@id\":\"https:\/\/shop.hippolyte.fi\/en\/product\/sauli-sirvio-archiving-en-plein-air\/#primaryimage\"},\"image\":{\"@id\":\"https:\/\/shop.hippolyte.fi\/en\/product\/sauli-sirvio-archiving-en-plein-air\/#primaryimage\"},\"thumbnailUrl\":\"https:\/\/shop.hippolyte.fi\/wp-content\/uploads\/2025\/09\/sirvio-archivingenpleinair.jpg\",\"datePublished\":\"2025-09-20T17:09:52+00:00\",\"dateModified\":\"2026-04-08T12:50:42+00:00\",\"breadcrumb\":{\"@id\":\"https:\/\/shop.hippolyte.fi\/en\/product\/sauli-sirvio-archiving-en-plein-air\/#breadcrumb\"},\"inLanguage\":\"en-US\",\"potentialAction\":[{\"@type\":\"ReadAction\",\"target\":[\"https:\/\/shop.hippolyte.fi\/en\/product\/sauli-sirvio-archiving-en-plein-air\/\"]}]},{\"@type\":\"ImageObject\",\"inLanguage\":\"en-US\",\"@id\":\"https:\/\/shop.hippolyte.fi\/en\/product\/sauli-sirvio-archiving-en-plein-air\/#primaryimage\",\"url\":\"https:\/\/shop.hippolyte.fi\/wp-content\/uploads\/2025\/09\/sirvio-archivingenpleinair.jpg\",\"contentUrl\":\"https:\/\/shop.hippolyte.fi\/wp-content\/uploads\/2025\/09\/sirvio-archivingenpleinair.jpg\",\"width\":1800,\"height\":1800},{\"@type\":\"BreadcrumbList\",\"@id\":\"https:\/\/shop.hippolyte.fi\/en\/product\/sauli-sirvio-archiving-en-plein-air\/#breadcrumb\",\"itemListElement\":[{\"@type\":\"ListItem\",\"position\":1,\"name\":\"Etusivu\",\"item\":\"https:\/\/shop.hippolyte.fi\/en\/\"},{\"@type\":\"ListItem\",\"position\":2,\"name\":\"Shop\",\"item\":\"https:\/\/shop.hippolyte.fi\/en\/shop\/\"},{\"@type\":\"ListItem\",\"position\":3,\"name\":\"Sauli Sirvi\u00f6: Archiving &#8217;en plein air&#8217;\"}]},{\"@type\":\"WebSite\",\"@id\":\"https:\/\/shop.hippolyte.fi\/en\/#website\",\"url\":\"https:\/\/shop.hippolyte.fi\/en\/\",\"name\":\"Online shop for photographic art\",\"description\":\"Verkkokaupassa myyd\u00e4\u00e4n teoksia ja valokuvataidekirjoja. OTOS-tapahtuman aikana my\u00f6s tapahtuman teoksia.\",\"potentialAction\":[{\"@type\":\"SearchAction\",\"target\":{\"@type\":\"EntryPoint\",\"urlTemplate\":\"https:\/\/shop.hippolyte.fi\/en\/?s={search_term_string}\"},\"query-input\":{\"@type\":\"PropertyValueSpecification\",\"valueRequired\":true,\"valueName\":\"search_term_string\"}}],\"inLanguage\":\"en-US\"}]}<\/script>\n<!-- \/ Yoast SEO plugin. -->","yoast_head_json":{"title":"Sauli Sirvi\u00f6: Archiving 'en plein air' - Online shop for photographic art","robots":{"index":"index","follow":"follow","max-snippet":"max-snippet:-1","max-image-preview":"max-image-preview:large","max-video-preview":"max-video-preview:-1"},"canonical":"https:\/\/shop.hippolyte.fi\/en\/product\/sauli-sirvio-archiving-en-plein-air\/","og_locale":"en_US","og_type":"article","og_title":"Sauli Sirvi\u00f6: Archiving 'en plein air' - Online shop for photographic art","og_description":"ISBN 978-952-65274-4-4 Publisher: Utu Press Year: 2024 Concept and Photography: Sauli Sirvi\u00f6 Text: Miina Hujala Text Editing and Proofreading: Maija Timonen Layout: Toivo Heinim\u00e4ki &amp; Sauli Sirvi\u00f6 Edition: 100 Language: English Pages: 50 Dimensions: 30 x 22 cm","og_url":"https:\/\/shop.hippolyte.fi\/en\/product\/sauli-sirvio-archiving-en-plein-air\/","og_site_name":"Online shop for photographic art","article_modified_time":"2026-04-08T12:50:42+00:00","og_image":[{"width":1024,"height":1024,"url":"https:\/\/shop.hippolyte.fi\/wp-content\/uploads\/2025\/09\/sirvio-archivingenpleinair-1024x1024.jpg","type":"image\/jpeg"}],"twitter_card":"summary_large_image","twitter_misc":{"Est. reading time":"2 minutes"},"schema":{"@context":"https:\/\/schema.org","@graph":[{"@type":"WebPage","@id":"https:\/\/shop.hippolyte.fi\/en\/product\/sauli-sirvio-archiving-en-plein-air\/","url":"https:\/\/shop.hippolyte.fi\/en\/product\/sauli-sirvio-archiving-en-plein-air\/","name":"Sauli Sirvi\u00f6: Archiving 'en plein air' - Online shop for photographic art","isPartOf":{"@id":"https:\/\/shop.hippolyte.fi\/en\/#website"},"primaryImageOfPage":{"@id":"https:\/\/shop.hippolyte.fi\/en\/product\/sauli-sirvio-archiving-en-plein-air\/#primaryimage"},"image":{"@id":"https:\/\/shop.hippolyte.fi\/en\/product\/sauli-sirvio-archiving-en-plein-air\/#primaryimage"},"thumbnailUrl":"https:\/\/shop.hippolyte.fi\/wp-content\/uploads\/2025\/09\/sirvio-archivingenpleinair.jpg","datePublished":"2025-09-20T17:09:52+00:00","dateModified":"2026-04-08T12:50:42+00:00","breadcrumb":{"@id":"https:\/\/shop.hippolyte.fi\/en\/product\/sauli-sirvio-archiving-en-plein-air\/#breadcrumb"},"inLanguage":"en-US","potentialAction":[{"@type":"ReadAction","target":["https:\/\/shop.hippolyte.fi\/en\/product\/sauli-sirvio-archiving-en-plein-air\/"]}]},{"@type":"ImageObject","inLanguage":"en-US","@id":"https:\/\/shop.hippolyte.fi\/en\/product\/sauli-sirvio-archiving-en-plein-air\/#primaryimage","url":"https:\/\/shop.hippolyte.fi\/wp-content\/uploads\/2025\/09\/sirvio-archivingenpleinair.jpg","contentUrl":"https:\/\/shop.hippolyte.fi\/wp-content\/uploads\/2025\/09\/sirvio-archivingenpleinair.jpg","width":1800,"height":1800},{"@type":"BreadcrumbList","@id":"https:\/\/shop.hippolyte.fi\/en\/product\/sauli-sirvio-archiving-en-plein-air\/#breadcrumb","itemListElement":[{"@type":"ListItem","position":1,"name":"Etusivu","item":"https:\/\/shop.hippolyte.fi\/en\/"},{"@type":"ListItem","position":2,"name":"Shop","item":"https:\/\/shop.hippolyte.fi\/en\/shop\/"},{"@type":"ListItem","position":3,"name":"Sauli Sirvi\u00f6: Archiving &#8217;en plein air&#8217;"}]},{"@type":"WebSite","@id":"https:\/\/shop.hippolyte.fi\/en\/#website","url":"https:\/\/shop.hippolyte.fi\/en\/","name":"Online shop for photographic art","description":"Verkkokaupassa myyd\u00e4\u00e4n teoksia ja valokuvataidekirjoja. OTOS-tapahtuman aikana my\u00f6s tapahtuman teoksia.","potentialAction":[{"@type":"SearchAction","target":{"@type":"EntryPoint","urlTemplate":"https:\/\/shop.hippolyte.fi\/en\/?s={search_term_string}"},"query-input":{"@type":"PropertyValueSpecification","valueRequired":true,"valueName":"search_term_string"}}],"inLanguage":"en-US"}]}},"_links":{"self":[{"href":"https:\/\/shop.hippolyte.fi\/en\/wp-json\/wp\/v2\/product\/4525","targetHints":{"allow":["GET"]}}],"collection":[{"href":"https:\/\/shop.hippolyte.fi\/en\/wp-json\/wp\/v2\/product"}],"about":[{"href":"https:\/\/shop.hippolyte.fi\/en\/wp-json\/wp\/v2\/types\/product"}],"wp:featuredmedia":[{"embeddable":true,"href":"https:\/\/shop.hippolyte.fi\/en\/wp-json\/wp\/v2\/media\/4632"}],"wp:attachment":[{"href":"https:\/\/shop.hippolyte.fi\/en\/wp-json\/wp\/v2\/media?parent=4525"}],"wp:term":[{"taxonomy":"product_brand","embeddable":true,"href":"https:\/\/shop.hippolyte.fi\/en\/wp-json\/wp\/v2\/product_brand?post=4525"},{"taxonomy":"product_cat","embeddable":true,"href":"https:\/\/shop.hippolyte.fi\/en\/wp-json\/wp\/v2\/product_cat?post=4525"},{"taxonomy":"product_tag","embeddable":true,"href":"https:\/\/shop.hippolyte.fi\/en\/wp-json\/wp\/v2\/product_tag?post=4525"},{"taxonomy":"artists","embeddable":true,"href":"https:\/\/shop.hippolyte.fi\/en\/wp-json\/wp\/v2\/artists?post=4525"},{"taxonomy":"location","embeddable":true,"href":"https:\/\/shop.hippolyte.fi\/en\/wp-json\/wp\/v2\/location?post=4525"},{"taxonomy":"publisher","embeddable":true,"href":"https:\/\/shop.hippolyte.fi\/en\/wp-json\/wp\/v2\/publisher?post=4525"},{"taxonomy":"years","embeddable":true,"href":"https:\/\/shop.hippolyte.fi\/en\/wp-json\/wp\/v2\/years?post=4525"}],"curies":[{"name":"wp","href":"https:\/\/api.w.org\/{rel}","templated":true}]}}