{"id":4531,"date":"2025-09-20T20:33:10","date_gmt":"2025-09-20T17:33:10","guid":{"rendered":"https:\/\/shop.hippolyte.fi\/?post_type=product&#038;p=4531"},"modified":"2025-11-06T11:49:57","modified_gmt":"2025-11-06T09:49:57","slug":"jenni-toivonen-are-we-there","status":"publish","type":"product","link":"https:\/\/shop.hippolyte.fi\/en\/product\/jenni-toivonen-are-we-there\/","title":{"rendered":"Jenni Toivonen: Are We There"},"content":{"rendered":"<p><em>Are We There<\/em> investigates migration, memory and the connection between human and nature. In 1929, her great-grandparents joined the Finnish utopian community of Penedo in Brazil, surrounded by the Atlantic Forest, seeking a life in harmony with nature. Through her grandaunt\u2019s writings, photographs, and music, Toivonen sets out to explore their world, a shimmer of utopia, and the deep connection with the forest.<\/p>\n","protected":false},"excerpt":{"rendered":"<p>ISBN 978-91-987607-7-4<br \/>\nPublisher: Kult Books<br \/>\nYear: 2025<br \/>\nConcept and Photography: Jenni Toivonen<br \/>\nDesign and Editing: Jenni Toivonen &amp; Janne Riikonen<br \/>\nPrinting: Jelgavas tipogr\u0101fija<br \/>\nEdition: 400<br \/>\nPages: 80<br \/>\nDimensions: 21,5 x 26 cm<br \/>\nHardcover<\/p>\n","protected":false},"featured_media":4543,"template":"","meta":{"_acf_changed":false},"product_brand":[],"product_cat":[409],"product_tag":[],"artists":[457],"location":[],"publisher":[415],"years":[463],"class_list":{"0":"post-4531","1":"product","2":"type-product","3":"status-publish","4":"has-post-thumbnail","6":"product_cat-artist-books","7":"product_shipping_class-posti-xxs-max-3-x-25-x-35-cm-2kg","8":"artists-toivonen-jenni","9":"publisher-kult-books","10":"years-463","12":"first","13":"instock","14":"taxable","15":"shipping-taxable","16":"purchasable","17":"product-type-simple"},"acf":[],"yoast_head":"<!-- This site is optimized with the Yoast SEO plugin v26.0 - https:\/\/yoast.com\/wordpress\/plugins\/seo\/ -->\n<title>Jenni Toivonen: Are We There - Online shop for photographic art<\/title>\n<meta name=\"robots\" content=\"index, follow, max-snippet:-1, max-image-preview:large, max-video-preview:-1\" \/>\n<link rel=\"canonical\" href=\"https:\/\/shop.hippolyte.fi\/en\/product\/jenni-toivonen-are-we-there\/\" \/>\n<meta property=\"og:locale\" content=\"en_US\" \/>\n<meta property=\"og:type\" content=\"article\" \/>\n<meta property=\"og:title\" content=\"Jenni Toivonen: Are We There - Online shop for photographic art\" \/>\n<meta property=\"og:description\" content=\"ISBN 978-91-987607-7-4 Publisher: Kult Books Year: 2025 Concept and Photography: Jenni Toivonen Design and Editing: Jenni Toivonen &amp; Janne Riikonen Printing: Jelgavas tipogr\u0101fija Edition: 400 Pages: 80 Dimensions: 21,5 x 26 cm Hardcover\" \/>\n<meta property=\"og:url\" content=\"https:\/\/shop.hippolyte.fi\/en\/product\/jenni-toivonen-are-we-there\/\" \/>\n<meta property=\"og:site_name\" content=\"Online shop for photographic art\" \/>\n<meta property=\"article:modified_time\" content=\"2025-11-06T09:49:57+00:00\" \/>\n<meta property=\"og:image\" content=\"https:\/\/shop.hippolyte.fi\/wp-content\/uploads\/2025\/09\/toivonen-arewethere-1024x1024.jpg\" \/>\n\t<meta property=\"og:image:width\" content=\"1024\" \/>\n\t<meta property=\"og:image:height\" content=\"1024\" \/>\n\t<meta property=\"og:image:type\" content=\"image\/jpeg\" \/>\n<meta name=\"twitter:card\" content=\"summary_large_image\" \/>\n<meta name=\"twitter:label1\" content=\"Est. reading time\" \/>\n\t<meta name=\"twitter:data1\" content=\"1 minute\" \/>\n<script type=\"application\/ld+json\" class=\"yoast-schema-graph\">{\"@context\":\"https:\/\/schema.org\",\"@graph\":[{\"@type\":\"WebPage\",\"@id\":\"https:\/\/shop.hippolyte.fi\/en\/product\/jenni-toivonen-are-we-there\/\",\"url\":\"https:\/\/shop.hippolyte.fi\/en\/product\/jenni-toivonen-are-we-there\/\",\"name\":\"Jenni Toivonen: Are We There - Online shop for photographic art\",\"isPartOf\":{\"@id\":\"https:\/\/shop.hippolyte.fi\/en\/#website\"},\"primaryImageOfPage\":{\"@id\":\"https:\/\/shop.hippolyte.fi\/en\/product\/jenni-toivonen-are-we-there\/#primaryimage\"},\"image\":{\"@id\":\"https:\/\/shop.hippolyte.fi\/en\/product\/jenni-toivonen-are-we-there\/#primaryimage\"},\"thumbnailUrl\":\"https:\/\/shop.hippolyte.fi\/wp-content\/uploads\/2025\/09\/toivonen-arewethere.jpg\",\"datePublished\":\"2025-09-20T17:33:10+00:00\",\"dateModified\":\"2025-11-06T09:49:57+00:00\",\"breadcrumb\":{\"@id\":\"https:\/\/shop.hippolyte.fi\/en\/product\/jenni-toivonen-are-we-there\/#breadcrumb\"},\"inLanguage\":\"en-US\",\"potentialAction\":[{\"@type\":\"ReadAction\",\"target\":[\"https:\/\/shop.hippolyte.fi\/en\/product\/jenni-toivonen-are-we-there\/\"]}]},{\"@type\":\"ImageObject\",\"inLanguage\":\"en-US\",\"@id\":\"https:\/\/shop.hippolyte.fi\/en\/product\/jenni-toivonen-are-we-there\/#primaryimage\",\"url\":\"https:\/\/shop.hippolyte.fi\/wp-content\/uploads\/2025\/09\/toivonen-arewethere.jpg\",\"contentUrl\":\"https:\/\/shop.hippolyte.fi\/wp-content\/uploads\/2025\/09\/toivonen-arewethere.jpg\",\"width\":1800,\"height\":1800},{\"@type\":\"BreadcrumbList\",\"@id\":\"https:\/\/shop.hippolyte.fi\/en\/product\/jenni-toivonen-are-we-there\/#breadcrumb\",\"itemListElement\":[{\"@type\":\"ListItem\",\"position\":1,\"name\":\"Etusivu\",\"item\":\"https:\/\/shop.hippolyte.fi\/en\/\"},{\"@type\":\"ListItem\",\"position\":2,\"name\":\"Shop\",\"item\":\"https:\/\/shop.hippolyte.fi\/en\/shop\/\"},{\"@type\":\"ListItem\",\"position\":3,\"name\":\"Jenni Toivonen: Are We There\"}]},{\"@type\":\"WebSite\",\"@id\":\"https:\/\/shop.hippolyte.fi\/en\/#website\",\"url\":\"https:\/\/shop.hippolyte.fi\/en\/\",\"name\":\"Online shop for photographic art\",\"description\":\"Verkkokaupassa myyd\u00e4\u00e4n teoksia ja valokuvataidekirjoja. OTOS-tapahtuman aikana my\u00f6s tapahtuman teoksia.\",\"potentialAction\":[{\"@type\":\"SearchAction\",\"target\":{\"@type\":\"EntryPoint\",\"urlTemplate\":\"https:\/\/shop.hippolyte.fi\/en\/?s={search_term_string}\"},\"query-input\":{\"@type\":\"PropertyValueSpecification\",\"valueRequired\":true,\"valueName\":\"search_term_string\"}}],\"inLanguage\":\"en-US\"}]}<\/script>\n<!-- \/ Yoast SEO plugin. -->","yoast_head_json":{"title":"Jenni Toivonen: Are We There - Online shop for photographic art","robots":{"index":"index","follow":"follow","max-snippet":"max-snippet:-1","max-image-preview":"max-image-preview:large","max-video-preview":"max-video-preview:-1"},"canonical":"https:\/\/shop.hippolyte.fi\/en\/product\/jenni-toivonen-are-we-there\/","og_locale":"en_US","og_type":"article","og_title":"Jenni Toivonen: Are We There - Online shop for photographic art","og_description":"ISBN 978-91-987607-7-4 Publisher: Kult Books Year: 2025 Concept and Photography: Jenni Toivonen Design and Editing: Jenni Toivonen &amp; Janne Riikonen Printing: Jelgavas tipogr\u0101fija Edition: 400 Pages: 80 Dimensions: 21,5 x 26 cm Hardcover","og_url":"https:\/\/shop.hippolyte.fi\/en\/product\/jenni-toivonen-are-we-there\/","og_site_name":"Online shop for photographic art","article_modified_time":"2025-11-06T09:49:57+00:00","og_image":[{"width":1024,"height":1024,"url":"https:\/\/shop.hippolyte.fi\/wp-content\/uploads\/2025\/09\/toivonen-arewethere-1024x1024.jpg","type":"image\/jpeg"}],"twitter_card":"summary_large_image","twitter_misc":{"Est. reading time":"1 minute"},"schema":{"@context":"https:\/\/schema.org","@graph":[{"@type":"WebPage","@id":"https:\/\/shop.hippolyte.fi\/en\/product\/jenni-toivonen-are-we-there\/","url":"https:\/\/shop.hippolyte.fi\/en\/product\/jenni-toivonen-are-we-there\/","name":"Jenni Toivonen: Are We There - Online shop for photographic art","isPartOf":{"@id":"https:\/\/shop.hippolyte.fi\/en\/#website"},"primaryImageOfPage":{"@id":"https:\/\/shop.hippolyte.fi\/en\/product\/jenni-toivonen-are-we-there\/#primaryimage"},"image":{"@id":"https:\/\/shop.hippolyte.fi\/en\/product\/jenni-toivonen-are-we-there\/#primaryimage"},"thumbnailUrl":"https:\/\/shop.hippolyte.fi\/wp-content\/uploads\/2025\/09\/toivonen-arewethere.jpg","datePublished":"2025-09-20T17:33:10+00:00","dateModified":"2025-11-06T09:49:57+00:00","breadcrumb":{"@id":"https:\/\/shop.hippolyte.fi\/en\/product\/jenni-toivonen-are-we-there\/#breadcrumb"},"inLanguage":"en-US","potentialAction":[{"@type":"ReadAction","target":["https:\/\/shop.hippolyte.fi\/en\/product\/jenni-toivonen-are-we-there\/"]}]},{"@type":"ImageObject","inLanguage":"en-US","@id":"https:\/\/shop.hippolyte.fi\/en\/product\/jenni-toivonen-are-we-there\/#primaryimage","url":"https:\/\/shop.hippolyte.fi\/wp-content\/uploads\/2025\/09\/toivonen-arewethere.jpg","contentUrl":"https:\/\/shop.hippolyte.fi\/wp-content\/uploads\/2025\/09\/toivonen-arewethere.jpg","width":1800,"height":1800},{"@type":"BreadcrumbList","@id":"https:\/\/shop.hippolyte.fi\/en\/product\/jenni-toivonen-are-we-there\/#breadcrumb","itemListElement":[{"@type":"ListItem","position":1,"name":"Etusivu","item":"https:\/\/shop.hippolyte.fi\/en\/"},{"@type":"ListItem","position":2,"name":"Shop","item":"https:\/\/shop.hippolyte.fi\/en\/shop\/"},{"@type":"ListItem","position":3,"name":"Jenni Toivonen: Are We There"}]},{"@type":"WebSite","@id":"https:\/\/shop.hippolyte.fi\/en\/#website","url":"https:\/\/shop.hippolyte.fi\/en\/","name":"Online shop for photographic art","description":"Verkkokaupassa myyd\u00e4\u00e4n teoksia ja valokuvataidekirjoja. OTOS-tapahtuman aikana my\u00f6s tapahtuman teoksia.","potentialAction":[{"@type":"SearchAction","target":{"@type":"EntryPoint","urlTemplate":"https:\/\/shop.hippolyte.fi\/en\/?s={search_term_string}"},"query-input":{"@type":"PropertyValueSpecification","valueRequired":true,"valueName":"search_term_string"}}],"inLanguage":"en-US"}]}},"_links":{"self":[{"href":"https:\/\/shop.hippolyte.fi\/en\/wp-json\/wp\/v2\/product\/4531","targetHints":{"allow":["GET"]}}],"collection":[{"href":"https:\/\/shop.hippolyte.fi\/en\/wp-json\/wp\/v2\/product"}],"about":[{"href":"https:\/\/shop.hippolyte.fi\/en\/wp-json\/wp\/v2\/types\/product"}],"wp:featuredmedia":[{"embeddable":true,"href":"https:\/\/shop.hippolyte.fi\/en\/wp-json\/wp\/v2\/media\/4543"}],"wp:attachment":[{"href":"https:\/\/shop.hippolyte.fi\/en\/wp-json\/wp\/v2\/media?parent=4531"}],"wp:term":[{"taxonomy":"product_brand","embeddable":true,"href":"https:\/\/shop.hippolyte.fi\/en\/wp-json\/wp\/v2\/product_brand?post=4531"},{"taxonomy":"product_cat","embeddable":true,"href":"https:\/\/shop.hippolyte.fi\/en\/wp-json\/wp\/v2\/product_cat?post=4531"},{"taxonomy":"product_tag","embeddable":true,"href":"https:\/\/shop.hippolyte.fi\/en\/wp-json\/wp\/v2\/product_tag?post=4531"},{"taxonomy":"artists","embeddable":true,"href":"https:\/\/shop.hippolyte.fi\/en\/wp-json\/wp\/v2\/artists?post=4531"},{"taxonomy":"location","embeddable":true,"href":"https:\/\/shop.hippolyte.fi\/en\/wp-json\/wp\/v2\/location?post=4531"},{"taxonomy":"publisher","embeddable":true,"href":"https:\/\/shop.hippolyte.fi\/en\/wp-json\/wp\/v2\/publisher?post=4531"},{"taxonomy":"years","embeddable":true,"href":"https:\/\/shop.hippolyte.fi\/en\/wp-json\/wp\/v2\/years?post=4531"}],"curies":[{"name":"wp","href":"https:\/\/api.w.org\/{rel}","templated":true}]}}