{"id":5317,"date":"2025-11-05T18:09:31","date_gmt":"2025-11-05T16:09:31","guid":{"rendered":"https:\/\/shop.hippolyte.fi\/?post_type=product&#038;p=5317"},"modified":"2025-11-10T11:53:36","modified_gmt":"2025-11-10T09:53:36","slug":"sofie-jokinen-meanders-in-billnas","status":"publish","type":"product","link":"https:\/\/shop.hippolyte.fi\/en\/product\/sofie-jokinen-meanders-in-billnas\/","title":{"rendered":"Sofie Jokinen: Meanders in Billn\u00e4s"},"content":{"rendered":"<p>The series title Meanders of Time refers to a winding river and to time itself. The photographs capture river landscapes from the vantage point of a boat by combining multiple images. The movement of flowing water \u2014 both the place of photographing and its subject \u2014 is brought to a standstill in the images. The pictures are constructed from different seasons, which highlights their tense relationship with time and with the evidential value often attributed to photography. Through a technique that contains several layers of time, Jokinen manages to reach something that goes beyond conventional modes of representation. The layering of different temporalities makes the images and observations transparent, both theoretically and visually.<\/p>\n","protected":false},"excerpt":{"rendered":"<p>The series title Meanders of Time refers to a winding river and to time itself. The photographs capture river landscapes from the vantage point of a boat by combining multiple images. The movement of flowing water \u2014 both the place of photographing and its subject \u2014 is brought to a standstill in the images. The [&hellip;]<\/p>\n","protected":false},"featured_media":4727,"template":"","meta":{"_acf_changed":false},"product_brand":[],"product_cat":[556],"product_tag":[570],"artists":[511],"location":[],"publisher":[],"years":[],"class_list":{"0":"post-5317","1":"product","2":"type-product","3":"status-publish","4":"has-post-thumbnail","6":"product_cat-printshop","7":"product_tag-lahjoitus","8":"artists-sofie-jokinen","10":"first","11":"instock","12":"sold-individually","13":"taxable","14":"shipping-taxable","15":"purchasable","16":"product-type-simple"},"acf":[],"yoast_head":"<!-- This site is optimized with the Yoast SEO plugin v26.0 - https:\/\/yoast.com\/wordpress\/plugins\/seo\/ -->\n<title>Sofie Jokinen: Meanders in Billn\u00e4s - Online shop for photographic art<\/title>\n<meta name=\"robots\" content=\"index, follow, max-snippet:-1, max-image-preview:large, max-video-preview:-1\" \/>\n<link rel=\"canonical\" href=\"https:\/\/shop.hippolyte.fi\/en\/product\/sofie-jokinen-meanders-in-billnas\/\" \/>\n<meta property=\"og:locale\" content=\"en_US\" \/>\n<meta property=\"og:type\" content=\"article\" \/>\n<meta property=\"og:title\" content=\"Sofie Jokinen: Meanders in Billn\u00e4s - Online shop for photographic art\" \/>\n<meta property=\"og:description\" content=\"The series title Meanders of Time refers to a winding river and to time itself. The photographs capture river landscapes from the vantage point of a boat by combining multiple images. The movement of flowing water \u2014 both the place of photographing and its subject \u2014 is brought to a standstill in the images. The [&hellip;]\" \/>\n<meta property=\"og:url\" content=\"https:\/\/shop.hippolyte.fi\/en\/product\/sofie-jokinen-meanders-in-billnas\/\" \/>\n<meta property=\"og:site_name\" content=\"Online shop for photographic art\" \/>\n<meta property=\"article:modified_time\" content=\"2025-11-10T09:53:36+00:00\" \/>\n<meta property=\"og:image\" content=\"https:\/\/shop.hippolyte.fi\/wp-content\/uploads\/2025\/11\/jokinen-sofie-meanders-in-billnas.jpg\" \/>\n\t<meta property=\"og:image:width\" content=\"1600\" \/>\n\t<meta property=\"og:image:height\" content=\"1067\" \/>\n\t<meta property=\"og:image:type\" content=\"image\/jpeg\" \/>\n<meta name=\"twitter:card\" content=\"summary_large_image\" \/>\n<meta name=\"twitter:label1\" content=\"Est. reading time\" \/>\n\t<meta name=\"twitter:data1\" content=\"1 minute\" \/>\n<script type=\"application\/ld+json\" class=\"yoast-schema-graph\">{\"@context\":\"https:\/\/schema.org\",\"@graph\":[{\"@type\":\"WebPage\",\"@id\":\"https:\/\/shop.hippolyte.fi\/en\/product\/sofie-jokinen-meanders-in-billnas\/\",\"url\":\"https:\/\/shop.hippolyte.fi\/en\/product\/sofie-jokinen-meanders-in-billnas\/\",\"name\":\"Sofie Jokinen: Meanders in Billn\u00e4s - Online shop for photographic art\",\"isPartOf\":{\"@id\":\"https:\/\/shop.hippolyte.fi\/en\/#website\"},\"primaryImageOfPage\":{\"@id\":\"https:\/\/shop.hippolyte.fi\/en\/product\/sofie-jokinen-meanders-in-billnas\/#primaryimage\"},\"image\":{\"@id\":\"https:\/\/shop.hippolyte.fi\/en\/product\/sofie-jokinen-meanders-in-billnas\/#primaryimage\"},\"thumbnailUrl\":\"https:\/\/shop.hippolyte.fi\/wp-content\/uploads\/2025\/11\/jokinen-sofie-meanders-in-billnas.jpg\",\"datePublished\":\"2025-11-05T16:09:31+00:00\",\"dateModified\":\"2025-11-10T09:53:36+00:00\",\"breadcrumb\":{\"@id\":\"https:\/\/shop.hippolyte.fi\/en\/product\/sofie-jokinen-meanders-in-billnas\/#breadcrumb\"},\"inLanguage\":\"en-US\",\"potentialAction\":[{\"@type\":\"ReadAction\",\"target\":[\"https:\/\/shop.hippolyte.fi\/en\/product\/sofie-jokinen-meanders-in-billnas\/\"]}]},{\"@type\":\"ImageObject\",\"inLanguage\":\"en-US\",\"@id\":\"https:\/\/shop.hippolyte.fi\/en\/product\/sofie-jokinen-meanders-in-billnas\/#primaryimage\",\"url\":\"https:\/\/shop.hippolyte.fi\/wp-content\/uploads\/2025\/11\/jokinen-sofie-meanders-in-billnas.jpg\",\"contentUrl\":\"https:\/\/shop.hippolyte.fi\/wp-content\/uploads\/2025\/11\/jokinen-sofie-meanders-in-billnas.jpg\",\"width\":1600,\"height\":1067},{\"@type\":\"BreadcrumbList\",\"@id\":\"https:\/\/shop.hippolyte.fi\/en\/product\/sofie-jokinen-meanders-in-billnas\/#breadcrumb\",\"itemListElement\":[{\"@type\":\"ListItem\",\"position\":1,\"name\":\"Etusivu\",\"item\":\"https:\/\/shop.hippolyte.fi\/en\/\"},{\"@type\":\"ListItem\",\"position\":2,\"name\":\"Shop\",\"item\":\"https:\/\/shop.hippolyte.fi\/en\/shop\/\"},{\"@type\":\"ListItem\",\"position\":3,\"name\":\"Sofie Jokinen: Meanders in Billn\u00e4s\"}]},{\"@type\":\"WebSite\",\"@id\":\"https:\/\/shop.hippolyte.fi\/en\/#website\",\"url\":\"https:\/\/shop.hippolyte.fi\/en\/\",\"name\":\"Online shop for photographic art\",\"description\":\"Verkkokaupassa myyd\u00e4\u00e4n teoksia ja valokuvataidekirjoja. OTOS-tapahtuman aikana my\u00f6s tapahtuman teoksia.\",\"potentialAction\":[{\"@type\":\"SearchAction\",\"target\":{\"@type\":\"EntryPoint\",\"urlTemplate\":\"https:\/\/shop.hippolyte.fi\/en\/?s={search_term_string}\"},\"query-input\":{\"@type\":\"PropertyValueSpecification\",\"valueRequired\":true,\"valueName\":\"search_term_string\"}}],\"inLanguage\":\"en-US\"}]}<\/script>\n<!-- \/ Yoast SEO plugin. -->","yoast_head_json":{"title":"Sofie Jokinen: Meanders in Billn\u00e4s - Online shop for photographic art","robots":{"index":"index","follow":"follow","max-snippet":"max-snippet:-1","max-image-preview":"max-image-preview:large","max-video-preview":"max-video-preview:-1"},"canonical":"https:\/\/shop.hippolyte.fi\/en\/product\/sofie-jokinen-meanders-in-billnas\/","og_locale":"en_US","og_type":"article","og_title":"Sofie Jokinen: Meanders in Billn\u00e4s - Online shop for photographic art","og_description":"The series title Meanders of Time refers to a winding river and to time itself. The photographs capture river landscapes from the vantage point of a boat by combining multiple images. The movement of flowing water \u2014 both the place of photographing and its subject \u2014 is brought to a standstill in the images. The [&hellip;]","og_url":"https:\/\/shop.hippolyte.fi\/en\/product\/sofie-jokinen-meanders-in-billnas\/","og_site_name":"Online shop for photographic art","article_modified_time":"2025-11-10T09:53:36+00:00","og_image":[{"width":1600,"height":1067,"url":"https:\/\/shop.hippolyte.fi\/wp-content\/uploads\/2025\/11\/jokinen-sofie-meanders-in-billnas.jpg","type":"image\/jpeg"}],"twitter_card":"summary_large_image","twitter_misc":{"Est. reading time":"1 minute"},"schema":{"@context":"https:\/\/schema.org","@graph":[{"@type":"WebPage","@id":"https:\/\/shop.hippolyte.fi\/en\/product\/sofie-jokinen-meanders-in-billnas\/","url":"https:\/\/shop.hippolyte.fi\/en\/product\/sofie-jokinen-meanders-in-billnas\/","name":"Sofie Jokinen: Meanders in Billn\u00e4s - Online shop for photographic art","isPartOf":{"@id":"https:\/\/shop.hippolyte.fi\/en\/#website"},"primaryImageOfPage":{"@id":"https:\/\/shop.hippolyte.fi\/en\/product\/sofie-jokinen-meanders-in-billnas\/#primaryimage"},"image":{"@id":"https:\/\/shop.hippolyte.fi\/en\/product\/sofie-jokinen-meanders-in-billnas\/#primaryimage"},"thumbnailUrl":"https:\/\/shop.hippolyte.fi\/wp-content\/uploads\/2025\/11\/jokinen-sofie-meanders-in-billnas.jpg","datePublished":"2025-11-05T16:09:31+00:00","dateModified":"2025-11-10T09:53:36+00:00","breadcrumb":{"@id":"https:\/\/shop.hippolyte.fi\/en\/product\/sofie-jokinen-meanders-in-billnas\/#breadcrumb"},"inLanguage":"en-US","potentialAction":[{"@type":"ReadAction","target":["https:\/\/shop.hippolyte.fi\/en\/product\/sofie-jokinen-meanders-in-billnas\/"]}]},{"@type":"ImageObject","inLanguage":"en-US","@id":"https:\/\/shop.hippolyte.fi\/en\/product\/sofie-jokinen-meanders-in-billnas\/#primaryimage","url":"https:\/\/shop.hippolyte.fi\/wp-content\/uploads\/2025\/11\/jokinen-sofie-meanders-in-billnas.jpg","contentUrl":"https:\/\/shop.hippolyte.fi\/wp-content\/uploads\/2025\/11\/jokinen-sofie-meanders-in-billnas.jpg","width":1600,"height":1067},{"@type":"BreadcrumbList","@id":"https:\/\/shop.hippolyte.fi\/en\/product\/sofie-jokinen-meanders-in-billnas\/#breadcrumb","itemListElement":[{"@type":"ListItem","position":1,"name":"Etusivu","item":"https:\/\/shop.hippolyte.fi\/en\/"},{"@type":"ListItem","position":2,"name":"Shop","item":"https:\/\/shop.hippolyte.fi\/en\/shop\/"},{"@type":"ListItem","position":3,"name":"Sofie Jokinen: Meanders in Billn\u00e4s"}]},{"@type":"WebSite","@id":"https:\/\/shop.hippolyte.fi\/en\/#website","url":"https:\/\/shop.hippolyte.fi\/en\/","name":"Online shop for photographic art","description":"Verkkokaupassa myyd\u00e4\u00e4n teoksia ja valokuvataidekirjoja. OTOS-tapahtuman aikana my\u00f6s tapahtuman teoksia.","potentialAction":[{"@type":"SearchAction","target":{"@type":"EntryPoint","urlTemplate":"https:\/\/shop.hippolyte.fi\/en\/?s={search_term_string}"},"query-input":{"@type":"PropertyValueSpecification","valueRequired":true,"valueName":"search_term_string"}}],"inLanguage":"en-US"}]}},"_links":{"self":[{"href":"https:\/\/shop.hippolyte.fi\/en\/wp-json\/wp\/v2\/product\/5317","targetHints":{"allow":["GET"]}}],"collection":[{"href":"https:\/\/shop.hippolyte.fi\/en\/wp-json\/wp\/v2\/product"}],"about":[{"href":"https:\/\/shop.hippolyte.fi\/en\/wp-json\/wp\/v2\/types\/product"}],"wp:featuredmedia":[{"embeddable":true,"href":"https:\/\/shop.hippolyte.fi\/en\/wp-json\/wp\/v2\/media\/4727"}],"wp:attachment":[{"href":"https:\/\/shop.hippolyte.fi\/en\/wp-json\/wp\/v2\/media?parent=5317"}],"wp:term":[{"taxonomy":"product_brand","embeddable":true,"href":"https:\/\/shop.hippolyte.fi\/en\/wp-json\/wp\/v2\/product_brand?post=5317"},{"taxonomy":"product_cat","embeddable":true,"href":"https:\/\/shop.hippolyte.fi\/en\/wp-json\/wp\/v2\/product_cat?post=5317"},{"taxonomy":"product_tag","embeddable":true,"href":"https:\/\/shop.hippolyte.fi\/en\/wp-json\/wp\/v2\/product_tag?post=5317"},{"taxonomy":"artists","embeddable":true,"href":"https:\/\/shop.hippolyte.fi\/en\/wp-json\/wp\/v2\/artists?post=5317"},{"taxonomy":"location","embeddable":true,"href":"https:\/\/shop.hippolyte.fi\/en\/wp-json\/wp\/v2\/location?post=5317"},{"taxonomy":"publisher","embeddable":true,"href":"https:\/\/shop.hippolyte.fi\/en\/wp-json\/wp\/v2\/publisher?post=5317"},{"taxonomy":"years","embeddable":true,"href":"https:\/\/shop.hippolyte.fi\/en\/wp-json\/wp\/v2\/years?post=5317"}],"curies":[{"name":"wp","href":"https:\/\/api.w.org\/{rel}","templated":true}]}}