{"id":5321,"date":"2025-11-05T18:09:41","date_gmt":"2025-11-05T16:09:41","guid":{"rendered":"https:\/\/shop.hippolyte.fi\/?post_type=product&#038;p=5321"},"modified":"2025-11-10T11:53:34","modified_gmt":"2025-11-10T09:53:34","slug":"tapio-heikkila-punkaharjun-puulajipuisto","status":"publish","type":"product","link":"https:\/\/shop.hippolyte.fi\/en\/product\/tapio-heikkila-punkaharjun-puulajipuisto\/","title":{"rendered":"Tapio Heikkil\u00e4: Punkaharjun puulajipuisto"},"content":{"rendered":"<p>The photograph is part of an extensive series depicting Finland\u2019s national landscapes, which the photographer captured between 2000 and 2002. Images from the series have been used in their book The Finnish National Landscape and exhibited in Finland and France.<br \/>\nIt was photographed with a view camera on colour sheet film and printed by the photographer in 2003.<\/p>\n","protected":false},"excerpt":{"rendered":"<p>The photograph is part of an extensive series depicting Finland\u2019s national landscapes, which the photographer captured between 2000 and 2002. Images from the series have been used in their book The Finnish National Landscape and exhibited in Finland and France. It was photographed with a view camera on colour sheet film and printed by the [&hellip;]<\/p>\n","protected":false},"featured_media":4739,"template":"","meta":{"_acf_changed":false},"product_brand":[],"product_cat":[556],"product_tag":[],"artists":[513],"location":[],"publisher":[],"years":[],"class_list":{"0":"post-5321","1":"product","2":"type-product","3":"status-publish","4":"has-post-thumbnail","6":"product_cat-printshop","7":"artists-tapio-heikkila","9":"first","10":"instock","11":"sold-individually","12":"taxable","13":"shipping-taxable","14":"purchasable","15":"product-type-simple"},"acf":[],"yoast_head":"<!-- This site is optimized with the Yoast SEO plugin v26.0 - https:\/\/yoast.com\/wordpress\/plugins\/seo\/ -->\n<title>Tapio Heikkil\u00e4: Punkaharjun puulajipuisto - Online shop for photographic art<\/title>\n<meta name=\"robots\" content=\"index, follow, max-snippet:-1, max-image-preview:large, max-video-preview:-1\" \/>\n<link rel=\"canonical\" href=\"https:\/\/shop.hippolyte.fi\/en\/product\/tapio-heikkila-punkaharjun-puulajipuisto\/\" \/>\n<meta property=\"og:locale\" content=\"en_US\" \/>\n<meta property=\"og:type\" content=\"article\" \/>\n<meta property=\"og:title\" content=\"Tapio Heikkil\u00e4: Punkaharjun puulajipuisto - Online shop for photographic art\" \/>\n<meta property=\"og:description\" content=\"The photograph is part of an extensive series depicting Finland\u2019s national landscapes, which the photographer captured between 2000 and 2002. Images from the series have been used in their book The Finnish National Landscape and exhibited in Finland and France. It was photographed with a view camera on colour sheet film and printed by the [&hellip;]\" \/>\n<meta property=\"og:url\" content=\"https:\/\/shop.hippolyte.fi\/en\/product\/tapio-heikkila-punkaharjun-puulajipuisto\/\" \/>\n<meta property=\"og:site_name\" content=\"Online shop for photographic art\" \/>\n<meta property=\"article:modified_time\" content=\"2025-11-10T09:53:34+00:00\" \/>\n<meta property=\"og:image\" content=\"https:\/\/shop.hippolyte.fi\/wp-content\/uploads\/2025\/11\/heikkila-tapio-punkaharjun-puulajipuisto.jpg\" \/>\n\t<meta property=\"og:image:width\" content=\"1182\" \/>\n\t<meta property=\"og:image:height\" content=\"1600\" \/>\n\t<meta property=\"og:image:type\" content=\"image\/jpeg\" \/>\n<meta name=\"twitter:card\" content=\"summary_large_image\" \/>\n<script type=\"application\/ld+json\" class=\"yoast-schema-graph\">{\"@context\":\"https:\/\/schema.org\",\"@graph\":[{\"@type\":\"WebPage\",\"@id\":\"https:\/\/shop.hippolyte.fi\/en\/product\/tapio-heikkila-punkaharjun-puulajipuisto\/\",\"url\":\"https:\/\/shop.hippolyte.fi\/en\/product\/tapio-heikkila-punkaharjun-puulajipuisto\/\",\"name\":\"Tapio Heikkil\u00e4: Punkaharjun puulajipuisto - Online shop for photographic art\",\"isPartOf\":{\"@id\":\"https:\/\/shop.hippolyte.fi\/en\/#website\"},\"primaryImageOfPage\":{\"@id\":\"https:\/\/shop.hippolyte.fi\/en\/product\/tapio-heikkila-punkaharjun-puulajipuisto\/#primaryimage\"},\"image\":{\"@id\":\"https:\/\/shop.hippolyte.fi\/en\/product\/tapio-heikkila-punkaharjun-puulajipuisto\/#primaryimage\"},\"thumbnailUrl\":\"https:\/\/shop.hippolyte.fi\/wp-content\/uploads\/2025\/11\/heikkila-tapio-punkaharjun-puulajipuisto.jpg\",\"datePublished\":\"2025-11-05T16:09:41+00:00\",\"dateModified\":\"2025-11-10T09:53:34+00:00\",\"breadcrumb\":{\"@id\":\"https:\/\/shop.hippolyte.fi\/en\/product\/tapio-heikkila-punkaharjun-puulajipuisto\/#breadcrumb\"},\"inLanguage\":\"en-US\",\"potentialAction\":[{\"@type\":\"ReadAction\",\"target\":[\"https:\/\/shop.hippolyte.fi\/en\/product\/tapio-heikkila-punkaharjun-puulajipuisto\/\"]}]},{\"@type\":\"ImageObject\",\"inLanguage\":\"en-US\",\"@id\":\"https:\/\/shop.hippolyte.fi\/en\/product\/tapio-heikkila-punkaharjun-puulajipuisto\/#primaryimage\",\"url\":\"https:\/\/shop.hippolyte.fi\/wp-content\/uploads\/2025\/11\/heikkila-tapio-punkaharjun-puulajipuisto.jpg\",\"contentUrl\":\"https:\/\/shop.hippolyte.fi\/wp-content\/uploads\/2025\/11\/heikkila-tapio-punkaharjun-puulajipuisto.jpg\",\"width\":1182,\"height\":1600},{\"@type\":\"BreadcrumbList\",\"@id\":\"https:\/\/shop.hippolyte.fi\/en\/product\/tapio-heikkila-punkaharjun-puulajipuisto\/#breadcrumb\",\"itemListElement\":[{\"@type\":\"ListItem\",\"position\":1,\"name\":\"Etusivu\",\"item\":\"https:\/\/shop.hippolyte.fi\/en\/\"},{\"@type\":\"ListItem\",\"position\":2,\"name\":\"Shop\",\"item\":\"https:\/\/shop.hippolyte.fi\/en\/shop\/\"},{\"@type\":\"ListItem\",\"position\":3,\"name\":\"Tapio Heikkil\u00e4: Punkaharjun puulajipuisto\"}]},{\"@type\":\"WebSite\",\"@id\":\"https:\/\/shop.hippolyte.fi\/en\/#website\",\"url\":\"https:\/\/shop.hippolyte.fi\/en\/\",\"name\":\"Online shop for photographic art\",\"description\":\"Verkkokaupassa myyd\u00e4\u00e4n teoksia ja valokuvataidekirjoja. OTOS-tapahtuman aikana my\u00f6s tapahtuman teoksia.\",\"potentialAction\":[{\"@type\":\"SearchAction\",\"target\":{\"@type\":\"EntryPoint\",\"urlTemplate\":\"https:\/\/shop.hippolyte.fi\/en\/?s={search_term_string}\"},\"query-input\":{\"@type\":\"PropertyValueSpecification\",\"valueRequired\":true,\"valueName\":\"search_term_string\"}}],\"inLanguage\":\"en-US\"}]}<\/script>\n<!-- \/ Yoast SEO plugin. -->","yoast_head_json":{"title":"Tapio Heikkil\u00e4: Punkaharjun puulajipuisto - Online shop for photographic art","robots":{"index":"index","follow":"follow","max-snippet":"max-snippet:-1","max-image-preview":"max-image-preview:large","max-video-preview":"max-video-preview:-1"},"canonical":"https:\/\/shop.hippolyte.fi\/en\/product\/tapio-heikkila-punkaharjun-puulajipuisto\/","og_locale":"en_US","og_type":"article","og_title":"Tapio Heikkil\u00e4: Punkaharjun puulajipuisto - Online shop for photographic art","og_description":"The photograph is part of an extensive series depicting Finland\u2019s national landscapes, which the photographer captured between 2000 and 2002. Images from the series have been used in their book The Finnish National Landscape and exhibited in Finland and France. It was photographed with a view camera on colour sheet film and printed by the [&hellip;]","og_url":"https:\/\/shop.hippolyte.fi\/en\/product\/tapio-heikkila-punkaharjun-puulajipuisto\/","og_site_name":"Online shop for photographic art","article_modified_time":"2025-11-10T09:53:34+00:00","og_image":[{"width":1182,"height":1600,"url":"https:\/\/shop.hippolyte.fi\/wp-content\/uploads\/2025\/11\/heikkila-tapio-punkaharjun-puulajipuisto.jpg","type":"image\/jpeg"}],"twitter_card":"summary_large_image","schema":{"@context":"https:\/\/schema.org","@graph":[{"@type":"WebPage","@id":"https:\/\/shop.hippolyte.fi\/en\/product\/tapio-heikkila-punkaharjun-puulajipuisto\/","url":"https:\/\/shop.hippolyte.fi\/en\/product\/tapio-heikkila-punkaharjun-puulajipuisto\/","name":"Tapio Heikkil\u00e4: Punkaharjun puulajipuisto - Online shop for photographic art","isPartOf":{"@id":"https:\/\/shop.hippolyte.fi\/en\/#website"},"primaryImageOfPage":{"@id":"https:\/\/shop.hippolyte.fi\/en\/product\/tapio-heikkila-punkaharjun-puulajipuisto\/#primaryimage"},"image":{"@id":"https:\/\/shop.hippolyte.fi\/en\/product\/tapio-heikkila-punkaharjun-puulajipuisto\/#primaryimage"},"thumbnailUrl":"https:\/\/shop.hippolyte.fi\/wp-content\/uploads\/2025\/11\/heikkila-tapio-punkaharjun-puulajipuisto.jpg","datePublished":"2025-11-05T16:09:41+00:00","dateModified":"2025-11-10T09:53:34+00:00","breadcrumb":{"@id":"https:\/\/shop.hippolyte.fi\/en\/product\/tapio-heikkila-punkaharjun-puulajipuisto\/#breadcrumb"},"inLanguage":"en-US","potentialAction":[{"@type":"ReadAction","target":["https:\/\/shop.hippolyte.fi\/en\/product\/tapio-heikkila-punkaharjun-puulajipuisto\/"]}]},{"@type":"ImageObject","inLanguage":"en-US","@id":"https:\/\/shop.hippolyte.fi\/en\/product\/tapio-heikkila-punkaharjun-puulajipuisto\/#primaryimage","url":"https:\/\/shop.hippolyte.fi\/wp-content\/uploads\/2025\/11\/heikkila-tapio-punkaharjun-puulajipuisto.jpg","contentUrl":"https:\/\/shop.hippolyte.fi\/wp-content\/uploads\/2025\/11\/heikkila-tapio-punkaharjun-puulajipuisto.jpg","width":1182,"height":1600},{"@type":"BreadcrumbList","@id":"https:\/\/shop.hippolyte.fi\/en\/product\/tapio-heikkila-punkaharjun-puulajipuisto\/#breadcrumb","itemListElement":[{"@type":"ListItem","position":1,"name":"Etusivu","item":"https:\/\/shop.hippolyte.fi\/en\/"},{"@type":"ListItem","position":2,"name":"Shop","item":"https:\/\/shop.hippolyte.fi\/en\/shop\/"},{"@type":"ListItem","position":3,"name":"Tapio Heikkil\u00e4: Punkaharjun puulajipuisto"}]},{"@type":"WebSite","@id":"https:\/\/shop.hippolyte.fi\/en\/#website","url":"https:\/\/shop.hippolyte.fi\/en\/","name":"Online shop for photographic art","description":"Verkkokaupassa myyd\u00e4\u00e4n teoksia ja valokuvataidekirjoja. OTOS-tapahtuman aikana my\u00f6s tapahtuman teoksia.","potentialAction":[{"@type":"SearchAction","target":{"@type":"EntryPoint","urlTemplate":"https:\/\/shop.hippolyte.fi\/en\/?s={search_term_string}"},"query-input":{"@type":"PropertyValueSpecification","valueRequired":true,"valueName":"search_term_string"}}],"inLanguage":"en-US"}]}},"_links":{"self":[{"href":"https:\/\/shop.hippolyte.fi\/en\/wp-json\/wp\/v2\/product\/5321","targetHints":{"allow":["GET"]}}],"collection":[{"href":"https:\/\/shop.hippolyte.fi\/en\/wp-json\/wp\/v2\/product"}],"about":[{"href":"https:\/\/shop.hippolyte.fi\/en\/wp-json\/wp\/v2\/types\/product"}],"wp:featuredmedia":[{"embeddable":true,"href":"https:\/\/shop.hippolyte.fi\/en\/wp-json\/wp\/v2\/media\/4739"}],"wp:attachment":[{"href":"https:\/\/shop.hippolyte.fi\/en\/wp-json\/wp\/v2\/media?parent=5321"}],"wp:term":[{"taxonomy":"product_brand","embeddable":true,"href":"https:\/\/shop.hippolyte.fi\/en\/wp-json\/wp\/v2\/product_brand?post=5321"},{"taxonomy":"product_cat","embeddable":true,"href":"https:\/\/shop.hippolyte.fi\/en\/wp-json\/wp\/v2\/product_cat?post=5321"},{"taxonomy":"product_tag","embeddable":true,"href":"https:\/\/shop.hippolyte.fi\/en\/wp-json\/wp\/v2\/product_tag?post=5321"},{"taxonomy":"artists","embeddable":true,"href":"https:\/\/shop.hippolyte.fi\/en\/wp-json\/wp\/v2\/artists?post=5321"},{"taxonomy":"location","embeddable":true,"href":"https:\/\/shop.hippolyte.fi\/en\/wp-json\/wp\/v2\/location?post=5321"},{"taxonomy":"publisher","embeddable":true,"href":"https:\/\/shop.hippolyte.fi\/en\/wp-json\/wp\/v2\/publisher?post=5321"},{"taxonomy":"years","embeddable":true,"href":"https:\/\/shop.hippolyte.fi\/en\/wp-json\/wp\/v2\/years?post=5321"}],"curies":[{"name":"wp","href":"https:\/\/api.w.org\/{rel}","templated":true}]}}