{"id":5330,"date":"2025-11-05T18:10:03","date_gmt":"2025-11-05T16:10:03","guid":{"rendered":"https:\/\/shop.hippolyte.fi\/?post_type=product&#038;p=5330"},"modified":"2025-11-10T11:53:30","modified_gmt":"2025-11-10T09:53:30","slug":"ulla-mari-lindstrom-panoraama-1-imurointi","status":"publish","type":"product","link":"https:\/\/shop.hippolyte.fi\/en\/product\/ulla-mari-lindstrom-panoraama-1-imurointi\/","title":{"rendered":"Ulla-Mari Lindstr\u00f6m: Panoraama 1 (imurointi)"},"content":{"rendered":"<p>From the photographic series Irti (2006-2009). In the photographic series Breaking Away from the Ordinary (2006), artist Ulla-Mari Lindstr\u00f6m observes everyday life and its absurdity. The camera is an excellent tool for selecting and emphasising those strange, surreal and humorous moments that occur in daily life.<br \/>\nIrti sarjesta -valokuvasarjassa (2006) taiteilija Ulla-Mari Lindstr\u00f6m havainnoin arkea ja sen absurdiutta. Kamera on erinomainen v\u00e4line, jolla voi poimia ja korostaa noita outoja, ep\u00e4todellisia ja humoristisia tapahtumia arjesta.<\/p>\n","protected":false},"excerpt":{"rendered":"<p>From the photographic series Irti (2006-2009). In the photographic series Breaking Away from the Ordinary (2006), artist Ulla-Mari Lindstr\u00f6m observes everyday life and its absurdity. The camera is an excellent tool for selecting and emphasising those strange, surreal and humorous moments that occur in daily life. Irti sarjesta -valokuvasarjassa (2006) taiteilija Ulla-Mari Lindstr\u00f6m havainnoin arkea [&hellip;]<\/p>\n","protected":false},"featured_media":4766,"template":"","meta":{"_acf_changed":false},"product_brand":[],"product_cat":[556],"product_tag":[],"artists":[515],"location":[],"publisher":[],"years":[],"class_list":{"0":"post-5330","1":"product","2":"type-product","3":"status-publish","4":"has-post-thumbnail","6":"product_cat-printshop","7":"artists-ulla-mari-lindstrom","9":"first","10":"instock","11":"sold-individually","12":"taxable","13":"shipping-taxable","14":"purchasable","15":"product-type-simple"},"acf":[],"yoast_head":"<!-- This site is optimized with the Yoast SEO plugin v26.0 - https:\/\/yoast.com\/wordpress\/plugins\/seo\/ -->\n<title>Ulla-Mari Lindstr\u00f6m: Panoraama 1 (imurointi) - Online shop for photographic art<\/title>\n<meta name=\"robots\" content=\"index, follow, max-snippet:-1, max-image-preview:large, max-video-preview:-1\" \/>\n<link rel=\"canonical\" href=\"https:\/\/shop.hippolyte.fi\/en\/product\/ulla-mari-lindstrom-panoraama-1-imurointi\/\" \/>\n<meta property=\"og:locale\" content=\"en_US\" \/>\n<meta property=\"og:type\" content=\"article\" \/>\n<meta property=\"og:title\" content=\"Ulla-Mari Lindstr\u00f6m: Panoraama 1 (imurointi) - Online shop for photographic art\" \/>\n<meta property=\"og:description\" content=\"From the photographic series Irti (2006-2009). In the photographic series Breaking Away from the Ordinary (2006), artist Ulla-Mari Lindstr\u00f6m observes everyday life and its absurdity. The camera is an excellent tool for selecting and emphasising those strange, surreal and humorous moments that occur in daily life. Irti sarjesta -valokuvasarjassa (2006) taiteilija Ulla-Mari Lindstr\u00f6m havainnoin arkea [&hellip;]\" \/>\n<meta property=\"og:url\" content=\"https:\/\/shop.hippolyte.fi\/en\/product\/ulla-mari-lindstrom-panoraama-1-imurointi\/\" \/>\n<meta property=\"og:site_name\" content=\"Online shop for photographic art\" \/>\n<meta property=\"article:modified_time\" content=\"2025-11-10T09:53:30+00:00\" \/>\n<meta property=\"og:image\" content=\"https:\/\/shop.hippolyte.fi\/wp-content\/uploads\/2025\/11\/lindstrom-ulla-mari-panoraama-1-imurointi.jpg\" \/>\n\t<meta property=\"og:image:width\" content=\"1600\" \/>\n\t<meta property=\"og:image:height\" content=\"464\" \/>\n\t<meta property=\"og:image:type\" content=\"image\/jpeg\" \/>\n<meta name=\"twitter:card\" content=\"summary_large_image\" \/>\n<script type=\"application\/ld+json\" class=\"yoast-schema-graph\">{\"@context\":\"https:\/\/schema.org\",\"@graph\":[{\"@type\":\"WebPage\",\"@id\":\"https:\/\/shop.hippolyte.fi\/en\/product\/ulla-mari-lindstrom-panoraama-1-imurointi\/\",\"url\":\"https:\/\/shop.hippolyte.fi\/en\/product\/ulla-mari-lindstrom-panoraama-1-imurointi\/\",\"name\":\"Ulla-Mari Lindstr\u00f6m: Panoraama 1 (imurointi) - Online shop for photographic art\",\"isPartOf\":{\"@id\":\"https:\/\/shop.hippolyte.fi\/en\/#website\"},\"primaryImageOfPage\":{\"@id\":\"https:\/\/shop.hippolyte.fi\/en\/product\/ulla-mari-lindstrom-panoraama-1-imurointi\/#primaryimage\"},\"image\":{\"@id\":\"https:\/\/shop.hippolyte.fi\/en\/product\/ulla-mari-lindstrom-panoraama-1-imurointi\/#primaryimage\"},\"thumbnailUrl\":\"https:\/\/shop.hippolyte.fi\/wp-content\/uploads\/2025\/11\/lindstrom-ulla-mari-panoraama-1-imurointi.jpg\",\"datePublished\":\"2025-11-05T16:10:03+00:00\",\"dateModified\":\"2025-11-10T09:53:30+00:00\",\"breadcrumb\":{\"@id\":\"https:\/\/shop.hippolyte.fi\/en\/product\/ulla-mari-lindstrom-panoraama-1-imurointi\/#breadcrumb\"},\"inLanguage\":\"en-US\",\"potentialAction\":[{\"@type\":\"ReadAction\",\"target\":[\"https:\/\/shop.hippolyte.fi\/en\/product\/ulla-mari-lindstrom-panoraama-1-imurointi\/\"]}]},{\"@type\":\"ImageObject\",\"inLanguage\":\"en-US\",\"@id\":\"https:\/\/shop.hippolyte.fi\/en\/product\/ulla-mari-lindstrom-panoraama-1-imurointi\/#primaryimage\",\"url\":\"https:\/\/shop.hippolyte.fi\/wp-content\/uploads\/2025\/11\/lindstrom-ulla-mari-panoraama-1-imurointi.jpg\",\"contentUrl\":\"https:\/\/shop.hippolyte.fi\/wp-content\/uploads\/2025\/11\/lindstrom-ulla-mari-panoraama-1-imurointi.jpg\",\"width\":1600,\"height\":464},{\"@type\":\"BreadcrumbList\",\"@id\":\"https:\/\/shop.hippolyte.fi\/en\/product\/ulla-mari-lindstrom-panoraama-1-imurointi\/#breadcrumb\",\"itemListElement\":[{\"@type\":\"ListItem\",\"position\":1,\"name\":\"Etusivu\",\"item\":\"https:\/\/shop.hippolyte.fi\/en\/\"},{\"@type\":\"ListItem\",\"position\":2,\"name\":\"Shop\",\"item\":\"https:\/\/shop.hippolyte.fi\/en\/shop\/\"},{\"@type\":\"ListItem\",\"position\":3,\"name\":\"Ulla-Mari Lindstr\u00f6m: Panoraama 1 (imurointi)\"}]},{\"@type\":\"WebSite\",\"@id\":\"https:\/\/shop.hippolyte.fi\/en\/#website\",\"url\":\"https:\/\/shop.hippolyte.fi\/en\/\",\"name\":\"Online shop for photographic art\",\"description\":\"Verkkokaupassa myyd\u00e4\u00e4n teoksia ja valokuvataidekirjoja. OTOS-tapahtuman aikana my\u00f6s tapahtuman teoksia.\",\"potentialAction\":[{\"@type\":\"SearchAction\",\"target\":{\"@type\":\"EntryPoint\",\"urlTemplate\":\"https:\/\/shop.hippolyte.fi\/en\/?s={search_term_string}\"},\"query-input\":{\"@type\":\"PropertyValueSpecification\",\"valueRequired\":true,\"valueName\":\"search_term_string\"}}],\"inLanguage\":\"en-US\"}]}<\/script>\n<!-- \/ Yoast SEO plugin. -->","yoast_head_json":{"title":"Ulla-Mari Lindstr\u00f6m: Panoraama 1 (imurointi) - Online shop for photographic art","robots":{"index":"index","follow":"follow","max-snippet":"max-snippet:-1","max-image-preview":"max-image-preview:large","max-video-preview":"max-video-preview:-1"},"canonical":"https:\/\/shop.hippolyte.fi\/en\/product\/ulla-mari-lindstrom-panoraama-1-imurointi\/","og_locale":"en_US","og_type":"article","og_title":"Ulla-Mari Lindstr\u00f6m: Panoraama 1 (imurointi) - Online shop for photographic art","og_description":"From the photographic series Irti (2006-2009). In the photographic series Breaking Away from the Ordinary (2006), artist Ulla-Mari Lindstr\u00f6m observes everyday life and its absurdity. The camera is an excellent tool for selecting and emphasising those strange, surreal and humorous moments that occur in daily life. Irti sarjesta -valokuvasarjassa (2006) taiteilija Ulla-Mari Lindstr\u00f6m havainnoin arkea [&hellip;]","og_url":"https:\/\/shop.hippolyte.fi\/en\/product\/ulla-mari-lindstrom-panoraama-1-imurointi\/","og_site_name":"Online shop for photographic art","article_modified_time":"2025-11-10T09:53:30+00:00","og_image":[{"width":1600,"height":464,"url":"https:\/\/shop.hippolyte.fi\/wp-content\/uploads\/2025\/11\/lindstrom-ulla-mari-panoraama-1-imurointi.jpg","type":"image\/jpeg"}],"twitter_card":"summary_large_image","schema":{"@context":"https:\/\/schema.org","@graph":[{"@type":"WebPage","@id":"https:\/\/shop.hippolyte.fi\/en\/product\/ulla-mari-lindstrom-panoraama-1-imurointi\/","url":"https:\/\/shop.hippolyte.fi\/en\/product\/ulla-mari-lindstrom-panoraama-1-imurointi\/","name":"Ulla-Mari Lindstr\u00f6m: Panoraama 1 (imurointi) - Online shop for photographic art","isPartOf":{"@id":"https:\/\/shop.hippolyte.fi\/en\/#website"},"primaryImageOfPage":{"@id":"https:\/\/shop.hippolyte.fi\/en\/product\/ulla-mari-lindstrom-panoraama-1-imurointi\/#primaryimage"},"image":{"@id":"https:\/\/shop.hippolyte.fi\/en\/product\/ulla-mari-lindstrom-panoraama-1-imurointi\/#primaryimage"},"thumbnailUrl":"https:\/\/shop.hippolyte.fi\/wp-content\/uploads\/2025\/11\/lindstrom-ulla-mari-panoraama-1-imurointi.jpg","datePublished":"2025-11-05T16:10:03+00:00","dateModified":"2025-11-10T09:53:30+00:00","breadcrumb":{"@id":"https:\/\/shop.hippolyte.fi\/en\/product\/ulla-mari-lindstrom-panoraama-1-imurointi\/#breadcrumb"},"inLanguage":"en-US","potentialAction":[{"@type":"ReadAction","target":["https:\/\/shop.hippolyte.fi\/en\/product\/ulla-mari-lindstrom-panoraama-1-imurointi\/"]}]},{"@type":"ImageObject","inLanguage":"en-US","@id":"https:\/\/shop.hippolyte.fi\/en\/product\/ulla-mari-lindstrom-panoraama-1-imurointi\/#primaryimage","url":"https:\/\/shop.hippolyte.fi\/wp-content\/uploads\/2025\/11\/lindstrom-ulla-mari-panoraama-1-imurointi.jpg","contentUrl":"https:\/\/shop.hippolyte.fi\/wp-content\/uploads\/2025\/11\/lindstrom-ulla-mari-panoraama-1-imurointi.jpg","width":1600,"height":464},{"@type":"BreadcrumbList","@id":"https:\/\/shop.hippolyte.fi\/en\/product\/ulla-mari-lindstrom-panoraama-1-imurointi\/#breadcrumb","itemListElement":[{"@type":"ListItem","position":1,"name":"Etusivu","item":"https:\/\/shop.hippolyte.fi\/en\/"},{"@type":"ListItem","position":2,"name":"Shop","item":"https:\/\/shop.hippolyte.fi\/en\/shop\/"},{"@type":"ListItem","position":3,"name":"Ulla-Mari Lindstr\u00f6m: Panoraama 1 (imurointi)"}]},{"@type":"WebSite","@id":"https:\/\/shop.hippolyte.fi\/en\/#website","url":"https:\/\/shop.hippolyte.fi\/en\/","name":"Online shop for photographic art","description":"Verkkokaupassa myyd\u00e4\u00e4n teoksia ja valokuvataidekirjoja. OTOS-tapahtuman aikana my\u00f6s tapahtuman teoksia.","potentialAction":[{"@type":"SearchAction","target":{"@type":"EntryPoint","urlTemplate":"https:\/\/shop.hippolyte.fi\/en\/?s={search_term_string}"},"query-input":{"@type":"PropertyValueSpecification","valueRequired":true,"valueName":"search_term_string"}}],"inLanguage":"en-US"}]}},"_links":{"self":[{"href":"https:\/\/shop.hippolyte.fi\/en\/wp-json\/wp\/v2\/product\/5330","targetHints":{"allow":["GET"]}}],"collection":[{"href":"https:\/\/shop.hippolyte.fi\/en\/wp-json\/wp\/v2\/product"}],"about":[{"href":"https:\/\/shop.hippolyte.fi\/en\/wp-json\/wp\/v2\/types\/product"}],"wp:featuredmedia":[{"embeddable":true,"href":"https:\/\/shop.hippolyte.fi\/en\/wp-json\/wp\/v2\/media\/4766"}],"wp:attachment":[{"href":"https:\/\/shop.hippolyte.fi\/en\/wp-json\/wp\/v2\/media?parent=5330"}],"wp:term":[{"taxonomy":"product_brand","embeddable":true,"href":"https:\/\/shop.hippolyte.fi\/en\/wp-json\/wp\/v2\/product_brand?post=5330"},{"taxonomy":"product_cat","embeddable":true,"href":"https:\/\/shop.hippolyte.fi\/en\/wp-json\/wp\/v2\/product_cat?post=5330"},{"taxonomy":"product_tag","embeddable":true,"href":"https:\/\/shop.hippolyte.fi\/en\/wp-json\/wp\/v2\/product_tag?post=5330"},{"taxonomy":"artists","embeddable":true,"href":"https:\/\/shop.hippolyte.fi\/en\/wp-json\/wp\/v2\/artists?post=5330"},{"taxonomy":"location","embeddable":true,"href":"https:\/\/shop.hippolyte.fi\/en\/wp-json\/wp\/v2\/location?post=5330"},{"taxonomy":"publisher","embeddable":true,"href":"https:\/\/shop.hippolyte.fi\/en\/wp-json\/wp\/v2\/publisher?post=5330"},{"taxonomy":"years","embeddable":true,"href":"https:\/\/shop.hippolyte.fi\/en\/wp-json\/wp\/v2\/years?post=5330"}],"curies":[{"name":"wp","href":"https:\/\/api.w.org\/{rel}","templated":true}]}}