{"id":5458,"date":"2025-11-05T18:11:52","date_gmt":"2025-11-05T16:11:52","guid":{"rendered":"https:\/\/shop.hippolyte.fi\/?post_type=product&#038;p=5458"},"modified":"2025-11-10T11:53:13","modified_gmt":"2025-11-10T09:53:13","slug":"stanislava-ovchinnikova-untitled-17-from-the-home-will-come-again","status":"publish","type":"product","link":"https:\/\/shop.hippolyte.fi\/en\/product\/stanislava-ovchinnikova-untitled-17-from-the-home-will-come-again\/","title":{"rendered":"Stanislava Ovchinnikova: Untitled #17 from The Home Will Come Again"},"content":{"rendered":"<p>The work is part of the series The Home Will Come Again, created between 2022 and 2023. Initially conceived as a visual diary, the series seeks to reveal the distortion of the mundane brought about by the recent experience of exile. Here, domesticity appears foreign, slightly out of reach for both the observer and the photographer, following a rupture in its ritualised performance.<\/p>\n<p>Works from the series were presented in the solo exhibition The Home Will Come Again at Turun Taiteen Talo in 2023.<\/p>\n","protected":false},"excerpt":{"rendered":"<p>The work is part of the series The Home Will Come Again, created between 2022 and 2023. Initially conceived as a visual diary, the series seeks to reveal the distortion of the mundane brought about by the recent experience of exile. Here, domesticity appears foreign, slightly out of reach for both the observer and the [&hellip;]<\/p>\n","protected":false},"featured_media":4886,"template":"","meta":{"_acf_changed":false},"product_brand":[],"product_cat":[556],"product_tag":[570],"artists":[526],"location":[],"publisher":[],"years":[],"class_list":{"0":"post-5458","1":"product","2":"type-product","3":"status-publish","4":"has-post-thumbnail","6":"product_cat-printshop","7":"product_tag-lahjoitus","8":"artists-stanislava-ovchinnikova","10":"first","11":"instock","12":"sold-individually","13":"taxable","14":"shipping-taxable","15":"purchasable","16":"product-type-simple"},"acf":[],"yoast_head":"<!-- This site is optimized with the Yoast SEO plugin v26.0 - https:\/\/yoast.com\/wordpress\/plugins\/seo\/ -->\n<title>Stanislava Ovchinnikova: Untitled #17 from The Home Will Come Again - Online shop for photographic art<\/title>\n<meta name=\"robots\" content=\"index, follow, max-snippet:-1, max-image-preview:large, max-video-preview:-1\" \/>\n<link rel=\"canonical\" href=\"https:\/\/shop.hippolyte.fi\/en\/product\/stanislava-ovchinnikova-untitled-17-from-the-home-will-come-again\/\" \/>\n<meta property=\"og:locale\" content=\"en_US\" \/>\n<meta property=\"og:type\" content=\"article\" \/>\n<meta property=\"og:title\" content=\"Stanislava Ovchinnikova: Untitled #17 from The Home Will Come Again - Online shop for photographic art\" \/>\n<meta property=\"og:description\" content=\"The work is part of the series The Home Will Come Again, created between 2022 and 2023. Initially conceived as a visual diary, the series seeks to reveal the distortion of the mundane brought about by the recent experience of exile. Here, domesticity appears foreign, slightly out of reach for both the observer and the [&hellip;]\" \/>\n<meta property=\"og:url\" content=\"https:\/\/shop.hippolyte.fi\/en\/product\/stanislava-ovchinnikova-untitled-17-from-the-home-will-come-again\/\" \/>\n<meta property=\"og:site_name\" content=\"Online shop for photographic art\" \/>\n<meta property=\"article:modified_time\" content=\"2025-11-10T09:53:13+00:00\" \/>\n<meta property=\"og:image\" content=\"https:\/\/shop.hippolyte.fi\/wp-content\/uploads\/2025\/11\/ovchinnikova-stanislava-untitled-17-from-the-home-will-come-again.jpg\" \/>\n\t<meta property=\"og:image:width\" content=\"1061\" \/>\n\t<meta property=\"og:image:height\" content=\"1600\" \/>\n\t<meta property=\"og:image:type\" content=\"image\/jpeg\" \/>\n<meta name=\"twitter:card\" content=\"summary_large_image\" \/>\n<script type=\"application\/ld+json\" class=\"yoast-schema-graph\">{\"@context\":\"https:\/\/schema.org\",\"@graph\":[{\"@type\":\"WebPage\",\"@id\":\"https:\/\/shop.hippolyte.fi\/en\/product\/stanislava-ovchinnikova-untitled-17-from-the-home-will-come-again\/\",\"url\":\"https:\/\/shop.hippolyte.fi\/en\/product\/stanislava-ovchinnikova-untitled-17-from-the-home-will-come-again\/\",\"name\":\"Stanislava Ovchinnikova: Untitled #17 from The Home Will Come Again - Online shop for photographic art\",\"isPartOf\":{\"@id\":\"https:\/\/shop.hippolyte.fi\/en\/#website\"},\"primaryImageOfPage\":{\"@id\":\"https:\/\/shop.hippolyte.fi\/en\/product\/stanislava-ovchinnikova-untitled-17-from-the-home-will-come-again\/#primaryimage\"},\"image\":{\"@id\":\"https:\/\/shop.hippolyte.fi\/en\/product\/stanislava-ovchinnikova-untitled-17-from-the-home-will-come-again\/#primaryimage\"},\"thumbnailUrl\":\"https:\/\/shop.hippolyte.fi\/wp-content\/uploads\/2025\/11\/ovchinnikova-stanislava-untitled-17-from-the-home-will-come-again.jpg\",\"datePublished\":\"2025-11-05T16:11:52+00:00\",\"dateModified\":\"2025-11-10T09:53:13+00:00\",\"breadcrumb\":{\"@id\":\"https:\/\/shop.hippolyte.fi\/en\/product\/stanislava-ovchinnikova-untitled-17-from-the-home-will-come-again\/#breadcrumb\"},\"inLanguage\":\"en-US\",\"potentialAction\":[{\"@type\":\"ReadAction\",\"target\":[\"https:\/\/shop.hippolyte.fi\/en\/product\/stanislava-ovchinnikova-untitled-17-from-the-home-will-come-again\/\"]}]},{\"@type\":\"ImageObject\",\"inLanguage\":\"en-US\",\"@id\":\"https:\/\/shop.hippolyte.fi\/en\/product\/stanislava-ovchinnikova-untitled-17-from-the-home-will-come-again\/#primaryimage\",\"url\":\"https:\/\/shop.hippolyte.fi\/wp-content\/uploads\/2025\/11\/ovchinnikova-stanislava-untitled-17-from-the-home-will-come-again.jpg\",\"contentUrl\":\"https:\/\/shop.hippolyte.fi\/wp-content\/uploads\/2025\/11\/ovchinnikova-stanislava-untitled-17-from-the-home-will-come-again.jpg\",\"width\":1061,\"height\":1600},{\"@type\":\"BreadcrumbList\",\"@id\":\"https:\/\/shop.hippolyte.fi\/en\/product\/stanislava-ovchinnikova-untitled-17-from-the-home-will-come-again\/#breadcrumb\",\"itemListElement\":[{\"@type\":\"ListItem\",\"position\":1,\"name\":\"Etusivu\",\"item\":\"https:\/\/shop.hippolyte.fi\/en\/\"},{\"@type\":\"ListItem\",\"position\":2,\"name\":\"Shop\",\"item\":\"https:\/\/shop.hippolyte.fi\/en\/shop\/\"},{\"@type\":\"ListItem\",\"position\":3,\"name\":\"Stanislava Ovchinnikova: Untitled #17 from The Home Will Come Again\"}]},{\"@type\":\"WebSite\",\"@id\":\"https:\/\/shop.hippolyte.fi\/en\/#website\",\"url\":\"https:\/\/shop.hippolyte.fi\/en\/\",\"name\":\"Online shop for photographic art\",\"description\":\"Verkkokaupassa myyd\u00e4\u00e4n teoksia ja valokuvataidekirjoja. OTOS-tapahtuman aikana my\u00f6s tapahtuman teoksia.\",\"potentialAction\":[{\"@type\":\"SearchAction\",\"target\":{\"@type\":\"EntryPoint\",\"urlTemplate\":\"https:\/\/shop.hippolyte.fi\/en\/?s={search_term_string}\"},\"query-input\":{\"@type\":\"PropertyValueSpecification\",\"valueRequired\":true,\"valueName\":\"search_term_string\"}}],\"inLanguage\":\"en-US\"}]}<\/script>\n<!-- \/ Yoast SEO plugin. -->","yoast_head_json":{"title":"Stanislava Ovchinnikova: Untitled #17 from The Home Will Come Again - Online shop for photographic art","robots":{"index":"index","follow":"follow","max-snippet":"max-snippet:-1","max-image-preview":"max-image-preview:large","max-video-preview":"max-video-preview:-1"},"canonical":"https:\/\/shop.hippolyte.fi\/en\/product\/stanislava-ovchinnikova-untitled-17-from-the-home-will-come-again\/","og_locale":"en_US","og_type":"article","og_title":"Stanislava Ovchinnikova: Untitled #17 from The Home Will Come Again - Online shop for photographic art","og_description":"The work is part of the series The Home Will Come Again, created between 2022 and 2023. Initially conceived as a visual diary, the series seeks to reveal the distortion of the mundane brought about by the recent experience of exile. Here, domesticity appears foreign, slightly out of reach for both the observer and the [&hellip;]","og_url":"https:\/\/shop.hippolyte.fi\/en\/product\/stanislava-ovchinnikova-untitled-17-from-the-home-will-come-again\/","og_site_name":"Online shop for photographic art","article_modified_time":"2025-11-10T09:53:13+00:00","og_image":[{"width":1061,"height":1600,"url":"https:\/\/shop.hippolyte.fi\/wp-content\/uploads\/2025\/11\/ovchinnikova-stanislava-untitled-17-from-the-home-will-come-again.jpg","type":"image\/jpeg"}],"twitter_card":"summary_large_image","schema":{"@context":"https:\/\/schema.org","@graph":[{"@type":"WebPage","@id":"https:\/\/shop.hippolyte.fi\/en\/product\/stanislava-ovchinnikova-untitled-17-from-the-home-will-come-again\/","url":"https:\/\/shop.hippolyte.fi\/en\/product\/stanislava-ovchinnikova-untitled-17-from-the-home-will-come-again\/","name":"Stanislava Ovchinnikova: Untitled #17 from The Home Will Come Again - Online shop for photographic art","isPartOf":{"@id":"https:\/\/shop.hippolyte.fi\/en\/#website"},"primaryImageOfPage":{"@id":"https:\/\/shop.hippolyte.fi\/en\/product\/stanislava-ovchinnikova-untitled-17-from-the-home-will-come-again\/#primaryimage"},"image":{"@id":"https:\/\/shop.hippolyte.fi\/en\/product\/stanislava-ovchinnikova-untitled-17-from-the-home-will-come-again\/#primaryimage"},"thumbnailUrl":"https:\/\/shop.hippolyte.fi\/wp-content\/uploads\/2025\/11\/ovchinnikova-stanislava-untitled-17-from-the-home-will-come-again.jpg","datePublished":"2025-11-05T16:11:52+00:00","dateModified":"2025-11-10T09:53:13+00:00","breadcrumb":{"@id":"https:\/\/shop.hippolyte.fi\/en\/product\/stanislava-ovchinnikova-untitled-17-from-the-home-will-come-again\/#breadcrumb"},"inLanguage":"en-US","potentialAction":[{"@type":"ReadAction","target":["https:\/\/shop.hippolyte.fi\/en\/product\/stanislava-ovchinnikova-untitled-17-from-the-home-will-come-again\/"]}]},{"@type":"ImageObject","inLanguage":"en-US","@id":"https:\/\/shop.hippolyte.fi\/en\/product\/stanislava-ovchinnikova-untitled-17-from-the-home-will-come-again\/#primaryimage","url":"https:\/\/shop.hippolyte.fi\/wp-content\/uploads\/2025\/11\/ovchinnikova-stanislava-untitled-17-from-the-home-will-come-again.jpg","contentUrl":"https:\/\/shop.hippolyte.fi\/wp-content\/uploads\/2025\/11\/ovchinnikova-stanislava-untitled-17-from-the-home-will-come-again.jpg","width":1061,"height":1600},{"@type":"BreadcrumbList","@id":"https:\/\/shop.hippolyte.fi\/en\/product\/stanislava-ovchinnikova-untitled-17-from-the-home-will-come-again\/#breadcrumb","itemListElement":[{"@type":"ListItem","position":1,"name":"Etusivu","item":"https:\/\/shop.hippolyte.fi\/en\/"},{"@type":"ListItem","position":2,"name":"Shop","item":"https:\/\/shop.hippolyte.fi\/en\/shop\/"},{"@type":"ListItem","position":3,"name":"Stanislava Ovchinnikova: Untitled #17 from The Home Will Come Again"}]},{"@type":"WebSite","@id":"https:\/\/shop.hippolyte.fi\/en\/#website","url":"https:\/\/shop.hippolyte.fi\/en\/","name":"Online shop for photographic art","description":"Verkkokaupassa myyd\u00e4\u00e4n teoksia ja valokuvataidekirjoja. OTOS-tapahtuman aikana my\u00f6s tapahtuman teoksia.","potentialAction":[{"@type":"SearchAction","target":{"@type":"EntryPoint","urlTemplate":"https:\/\/shop.hippolyte.fi\/en\/?s={search_term_string}"},"query-input":{"@type":"PropertyValueSpecification","valueRequired":true,"valueName":"search_term_string"}}],"inLanguage":"en-US"}]}},"_links":{"self":[{"href":"https:\/\/shop.hippolyte.fi\/en\/wp-json\/wp\/v2\/product\/5458","targetHints":{"allow":["GET"]}}],"collection":[{"href":"https:\/\/shop.hippolyte.fi\/en\/wp-json\/wp\/v2\/product"}],"about":[{"href":"https:\/\/shop.hippolyte.fi\/en\/wp-json\/wp\/v2\/types\/product"}],"wp:featuredmedia":[{"embeddable":true,"href":"https:\/\/shop.hippolyte.fi\/en\/wp-json\/wp\/v2\/media\/4886"}],"wp:attachment":[{"href":"https:\/\/shop.hippolyte.fi\/en\/wp-json\/wp\/v2\/media?parent=5458"}],"wp:term":[{"taxonomy":"product_brand","embeddable":true,"href":"https:\/\/shop.hippolyte.fi\/en\/wp-json\/wp\/v2\/product_brand?post=5458"},{"taxonomy":"product_cat","embeddable":true,"href":"https:\/\/shop.hippolyte.fi\/en\/wp-json\/wp\/v2\/product_cat?post=5458"},{"taxonomy":"product_tag","embeddable":true,"href":"https:\/\/shop.hippolyte.fi\/en\/wp-json\/wp\/v2\/product_tag?post=5458"},{"taxonomy":"artists","embeddable":true,"href":"https:\/\/shop.hippolyte.fi\/en\/wp-json\/wp\/v2\/artists?post=5458"},{"taxonomy":"location","embeddable":true,"href":"https:\/\/shop.hippolyte.fi\/en\/wp-json\/wp\/v2\/location?post=5458"},{"taxonomy":"publisher","embeddable":true,"href":"https:\/\/shop.hippolyte.fi\/en\/wp-json\/wp\/v2\/publisher?post=5458"},{"taxonomy":"years","embeddable":true,"href":"https:\/\/shop.hippolyte.fi\/en\/wp-json\/wp\/v2\/years?post=5458"}],"curies":[{"name":"wp","href":"https:\/\/api.w.org\/{rel}","templated":true}]}}