{"id":5543,"date":"2025-11-05T18:13:15","date_gmt":"2025-11-05T16:13:15","guid":{"rendered":"https:\/\/shop.hippolyte.fi\/?post_type=product&#038;p=5543"},"modified":"2025-11-10T11:53:02","modified_gmt":"2025-11-10T09:53:02","slug":"jason-debose-the-eternal-reach-edina-minnesota-usa","status":"publish","type":"product","link":"https:\/\/shop.hippolyte.fi\/en\/product\/jason-debose-the-eternal-reach-edina-minnesota-usa\/","title":{"rendered":"Jason DeBose: The Eternal Reach &#8211; Edina, Minnesota, USA"},"content":{"rendered":"<p>Trees both reach for the sky in crowded forests and reach for each other underground to share resources and warn each other about impending dangers &#8211; a series of truths that, in light of their appearance &#8211; resonates as more the conception that they are just stagnant and unfeeling like rocks. The Eternal Reach speaks to this notion resolutely as its subject exudes activity and character while towering over its suburban spring setting in Minnesota, USA.<\/p>\n","protected":false},"excerpt":{"rendered":"<p>Trees both reach for the sky in crowded forests and reach for each other underground to share resources and warn each other about impending dangers &#8211; a series of truths that, in light of their appearance &#8211; resonates as more the conception that they are just stagnant and unfeeling like rocks. The Eternal Reach speaks [&hellip;]<\/p>\n","protected":false},"featured_media":4979,"template":"","meta":{"_acf_changed":false},"product_brand":[],"product_cat":[556],"product_tag":[],"artists":[533],"location":[],"publisher":[],"years":[],"class_list":{"0":"post-5543","1":"product","2":"type-product","3":"status-publish","4":"has-post-thumbnail","6":"product_cat-printshop","7":"artists-jason-debose","9":"first","10":"instock","11":"sold-individually","12":"taxable","13":"shipping-taxable","14":"purchasable","15":"product-type-simple"},"acf":[],"yoast_head":"<!-- This site is optimized with the Yoast SEO plugin v26.0 - https:\/\/yoast.com\/wordpress\/plugins\/seo\/ -->\n<title>Jason DeBose: The Eternal Reach - Edina, Minnesota, USA - Online shop for photographic art<\/title>\n<meta name=\"robots\" content=\"index, follow, max-snippet:-1, max-image-preview:large, max-video-preview:-1\" \/>\n<link rel=\"canonical\" href=\"https:\/\/shop.hippolyte.fi\/en\/product\/jason-debose-the-eternal-reach-edina-minnesota-usa\/\" \/>\n<meta property=\"og:locale\" content=\"en_US\" \/>\n<meta property=\"og:type\" content=\"article\" \/>\n<meta property=\"og:title\" content=\"Jason DeBose: The Eternal Reach - Edina, Minnesota, USA - Online shop for photographic art\" \/>\n<meta property=\"og:description\" content=\"Trees both reach for the sky in crowded forests and reach for each other underground to share resources and warn each other about impending dangers &#8211; a series of truths that, in light of their appearance &#8211; resonates as more the conception that they are just stagnant and unfeeling like rocks. The Eternal Reach speaks [&hellip;]\" \/>\n<meta property=\"og:url\" content=\"https:\/\/shop.hippolyte.fi\/en\/product\/jason-debose-the-eternal-reach-edina-minnesota-usa\/\" \/>\n<meta property=\"og:site_name\" content=\"Online shop for photographic art\" \/>\n<meta property=\"article:modified_time\" content=\"2025-11-10T09:53:02+00:00\" \/>\n<meta property=\"og:image\" content=\"https:\/\/shop.hippolyte.fi\/wp-content\/uploads\/2025\/11\/debose-jason-the-eternal-reach-edina-minnesota-usa.jpg\" \/>\n\t<meta property=\"og:image:width\" content=\"1600\" \/>\n\t<meta property=\"og:image:height\" content=\"1063\" \/>\n\t<meta property=\"og:image:type\" content=\"image\/jpeg\" \/>\n<meta name=\"twitter:card\" content=\"summary_large_image\" \/>\n<script type=\"application\/ld+json\" class=\"yoast-schema-graph\">{\"@context\":\"https:\/\/schema.org\",\"@graph\":[{\"@type\":\"WebPage\",\"@id\":\"https:\/\/shop.hippolyte.fi\/en\/product\/jason-debose-the-eternal-reach-edina-minnesota-usa\/\",\"url\":\"https:\/\/shop.hippolyte.fi\/en\/product\/jason-debose-the-eternal-reach-edina-minnesota-usa\/\",\"name\":\"Jason DeBose: The Eternal Reach - Edina, Minnesota, USA - Online shop for photographic art\",\"isPartOf\":{\"@id\":\"https:\/\/shop.hippolyte.fi\/en\/#website\"},\"primaryImageOfPage\":{\"@id\":\"https:\/\/shop.hippolyte.fi\/en\/product\/jason-debose-the-eternal-reach-edina-minnesota-usa\/#primaryimage\"},\"image\":{\"@id\":\"https:\/\/shop.hippolyte.fi\/en\/product\/jason-debose-the-eternal-reach-edina-minnesota-usa\/#primaryimage\"},\"thumbnailUrl\":\"https:\/\/shop.hippolyte.fi\/wp-content\/uploads\/2025\/11\/debose-jason-the-eternal-reach-edina-minnesota-usa.jpg\",\"datePublished\":\"2025-11-05T16:13:15+00:00\",\"dateModified\":\"2025-11-10T09:53:02+00:00\",\"breadcrumb\":{\"@id\":\"https:\/\/shop.hippolyte.fi\/en\/product\/jason-debose-the-eternal-reach-edina-minnesota-usa\/#breadcrumb\"},\"inLanguage\":\"en-US\",\"potentialAction\":[{\"@type\":\"ReadAction\",\"target\":[\"https:\/\/shop.hippolyte.fi\/en\/product\/jason-debose-the-eternal-reach-edina-minnesota-usa\/\"]}]},{\"@type\":\"ImageObject\",\"inLanguage\":\"en-US\",\"@id\":\"https:\/\/shop.hippolyte.fi\/en\/product\/jason-debose-the-eternal-reach-edina-minnesota-usa\/#primaryimage\",\"url\":\"https:\/\/shop.hippolyte.fi\/wp-content\/uploads\/2025\/11\/debose-jason-the-eternal-reach-edina-minnesota-usa.jpg\",\"contentUrl\":\"https:\/\/shop.hippolyte.fi\/wp-content\/uploads\/2025\/11\/debose-jason-the-eternal-reach-edina-minnesota-usa.jpg\",\"width\":1600,\"height\":1063},{\"@type\":\"BreadcrumbList\",\"@id\":\"https:\/\/shop.hippolyte.fi\/en\/product\/jason-debose-the-eternal-reach-edina-minnesota-usa\/#breadcrumb\",\"itemListElement\":[{\"@type\":\"ListItem\",\"position\":1,\"name\":\"Etusivu\",\"item\":\"https:\/\/shop.hippolyte.fi\/en\/\"},{\"@type\":\"ListItem\",\"position\":2,\"name\":\"Shop\",\"item\":\"https:\/\/shop.hippolyte.fi\/en\/shop\/\"},{\"@type\":\"ListItem\",\"position\":3,\"name\":\"Jason DeBose: The Eternal Reach &#8211; Edina, Minnesota, USA\"}]},{\"@type\":\"WebSite\",\"@id\":\"https:\/\/shop.hippolyte.fi\/en\/#website\",\"url\":\"https:\/\/shop.hippolyte.fi\/en\/\",\"name\":\"Online shop for photographic art\",\"description\":\"Verkkokaupassa myyd\u00e4\u00e4n teoksia ja valokuvataidekirjoja. OTOS-tapahtuman aikana my\u00f6s tapahtuman teoksia.\",\"potentialAction\":[{\"@type\":\"SearchAction\",\"target\":{\"@type\":\"EntryPoint\",\"urlTemplate\":\"https:\/\/shop.hippolyte.fi\/en\/?s={search_term_string}\"},\"query-input\":{\"@type\":\"PropertyValueSpecification\",\"valueRequired\":true,\"valueName\":\"search_term_string\"}}],\"inLanguage\":\"en-US\"}]}<\/script>\n<!-- \/ Yoast SEO plugin. -->","yoast_head_json":{"title":"Jason DeBose: The Eternal Reach - Edina, Minnesota, USA - Online shop for photographic art","robots":{"index":"index","follow":"follow","max-snippet":"max-snippet:-1","max-image-preview":"max-image-preview:large","max-video-preview":"max-video-preview:-1"},"canonical":"https:\/\/shop.hippolyte.fi\/en\/product\/jason-debose-the-eternal-reach-edina-minnesota-usa\/","og_locale":"en_US","og_type":"article","og_title":"Jason DeBose: The Eternal Reach - Edina, Minnesota, USA - Online shop for photographic art","og_description":"Trees both reach for the sky in crowded forests and reach for each other underground to share resources and warn each other about impending dangers &#8211; a series of truths that, in light of their appearance &#8211; resonates as more the conception that they are just stagnant and unfeeling like rocks. The Eternal Reach speaks [&hellip;]","og_url":"https:\/\/shop.hippolyte.fi\/en\/product\/jason-debose-the-eternal-reach-edina-minnesota-usa\/","og_site_name":"Online shop for photographic art","article_modified_time":"2025-11-10T09:53:02+00:00","og_image":[{"width":1600,"height":1063,"url":"https:\/\/shop.hippolyte.fi\/wp-content\/uploads\/2025\/11\/debose-jason-the-eternal-reach-edina-minnesota-usa.jpg","type":"image\/jpeg"}],"twitter_card":"summary_large_image","schema":{"@context":"https:\/\/schema.org","@graph":[{"@type":"WebPage","@id":"https:\/\/shop.hippolyte.fi\/en\/product\/jason-debose-the-eternal-reach-edina-minnesota-usa\/","url":"https:\/\/shop.hippolyte.fi\/en\/product\/jason-debose-the-eternal-reach-edina-minnesota-usa\/","name":"Jason DeBose: The Eternal Reach - Edina, Minnesota, USA - Online shop for photographic art","isPartOf":{"@id":"https:\/\/shop.hippolyte.fi\/en\/#website"},"primaryImageOfPage":{"@id":"https:\/\/shop.hippolyte.fi\/en\/product\/jason-debose-the-eternal-reach-edina-minnesota-usa\/#primaryimage"},"image":{"@id":"https:\/\/shop.hippolyte.fi\/en\/product\/jason-debose-the-eternal-reach-edina-minnesota-usa\/#primaryimage"},"thumbnailUrl":"https:\/\/shop.hippolyte.fi\/wp-content\/uploads\/2025\/11\/debose-jason-the-eternal-reach-edina-minnesota-usa.jpg","datePublished":"2025-11-05T16:13:15+00:00","dateModified":"2025-11-10T09:53:02+00:00","breadcrumb":{"@id":"https:\/\/shop.hippolyte.fi\/en\/product\/jason-debose-the-eternal-reach-edina-minnesota-usa\/#breadcrumb"},"inLanguage":"en-US","potentialAction":[{"@type":"ReadAction","target":["https:\/\/shop.hippolyte.fi\/en\/product\/jason-debose-the-eternal-reach-edina-minnesota-usa\/"]}]},{"@type":"ImageObject","inLanguage":"en-US","@id":"https:\/\/shop.hippolyte.fi\/en\/product\/jason-debose-the-eternal-reach-edina-minnesota-usa\/#primaryimage","url":"https:\/\/shop.hippolyte.fi\/wp-content\/uploads\/2025\/11\/debose-jason-the-eternal-reach-edina-minnesota-usa.jpg","contentUrl":"https:\/\/shop.hippolyte.fi\/wp-content\/uploads\/2025\/11\/debose-jason-the-eternal-reach-edina-minnesota-usa.jpg","width":1600,"height":1063},{"@type":"BreadcrumbList","@id":"https:\/\/shop.hippolyte.fi\/en\/product\/jason-debose-the-eternal-reach-edina-minnesota-usa\/#breadcrumb","itemListElement":[{"@type":"ListItem","position":1,"name":"Etusivu","item":"https:\/\/shop.hippolyte.fi\/en\/"},{"@type":"ListItem","position":2,"name":"Shop","item":"https:\/\/shop.hippolyte.fi\/en\/shop\/"},{"@type":"ListItem","position":3,"name":"Jason DeBose: The Eternal Reach &#8211; Edina, Minnesota, USA"}]},{"@type":"WebSite","@id":"https:\/\/shop.hippolyte.fi\/en\/#website","url":"https:\/\/shop.hippolyte.fi\/en\/","name":"Online shop for photographic art","description":"Verkkokaupassa myyd\u00e4\u00e4n teoksia ja valokuvataidekirjoja. OTOS-tapahtuman aikana my\u00f6s tapahtuman teoksia.","potentialAction":[{"@type":"SearchAction","target":{"@type":"EntryPoint","urlTemplate":"https:\/\/shop.hippolyte.fi\/en\/?s={search_term_string}"},"query-input":{"@type":"PropertyValueSpecification","valueRequired":true,"valueName":"search_term_string"}}],"inLanguage":"en-US"}]}},"_links":{"self":[{"href":"https:\/\/shop.hippolyte.fi\/en\/wp-json\/wp\/v2\/product\/5543","targetHints":{"allow":["GET"]}}],"collection":[{"href":"https:\/\/shop.hippolyte.fi\/en\/wp-json\/wp\/v2\/product"}],"about":[{"href":"https:\/\/shop.hippolyte.fi\/en\/wp-json\/wp\/v2\/types\/product"}],"wp:featuredmedia":[{"embeddable":true,"href":"https:\/\/shop.hippolyte.fi\/en\/wp-json\/wp\/v2\/media\/4979"}],"wp:attachment":[{"href":"https:\/\/shop.hippolyte.fi\/en\/wp-json\/wp\/v2\/media?parent=5543"}],"wp:term":[{"taxonomy":"product_brand","embeddable":true,"href":"https:\/\/shop.hippolyte.fi\/en\/wp-json\/wp\/v2\/product_brand?post=5543"},{"taxonomy":"product_cat","embeddable":true,"href":"https:\/\/shop.hippolyte.fi\/en\/wp-json\/wp\/v2\/product_cat?post=5543"},{"taxonomy":"product_tag","embeddable":true,"href":"https:\/\/shop.hippolyte.fi\/en\/wp-json\/wp\/v2\/product_tag?post=5543"},{"taxonomy":"artists","embeddable":true,"href":"https:\/\/shop.hippolyte.fi\/en\/wp-json\/wp\/v2\/artists?post=5543"},{"taxonomy":"location","embeddable":true,"href":"https:\/\/shop.hippolyte.fi\/en\/wp-json\/wp\/v2\/location?post=5543"},{"taxonomy":"publisher","embeddable":true,"href":"https:\/\/shop.hippolyte.fi\/en\/wp-json\/wp\/v2\/publisher?post=5543"},{"taxonomy":"years","embeddable":true,"href":"https:\/\/shop.hippolyte.fi\/en\/wp-json\/wp\/v2\/years?post=5543"}],"curies":[{"name":"wp","href":"https:\/\/api.w.org\/{rel}","templated":true}]}}