{"id":5556,"date":"2025-11-05T18:13:17","date_gmt":"2025-11-05T16:13:17","guid":{"rendered":"https:\/\/shop.hippolyte.fi\/?post_type=product&#038;p=5556"},"modified":"2025-11-10T11:53:01","modified_gmt":"2025-11-10T09:53:01","slug":"jason-debose-labryinth-to-parking-space-plovdiv-bulgaria","status":"publish","type":"product","link":"https:\/\/shop.hippolyte.fi\/en\/product\/jason-debose-labryinth-to-parking-space-plovdiv-bulgaria\/","title":{"rendered":"Jason DeBose: Labryinth to Parking Space &#8211; Plovdiv, Bulgaria"},"content":{"rendered":"<p>Characterised by depth and a seemingly unending series of barriers between the point of capture and the residence that serves as the final background, Labryinth to Parking Space challenges the viewer to discern a practical path to the lone automobile contained in the center of the frame. Its autumn setting in the Bulgarian city of Plovdiv places it in the longest consistently inhabited human settlement on Earth.<\/p>\n","protected":false},"excerpt":{"rendered":"<p>Characterised by depth and a seemingly unending series of barriers between the point of capture and the residence that serves as the final background, Labryinth to Parking Space challenges the viewer to discern a practical path to the lone automobile contained in the center of the frame. Its autumn setting in the Bulgarian city of [&hellip;]<\/p>\n","protected":false},"featured_media":4982,"template":"","meta":{"_acf_changed":false},"product_brand":[],"product_cat":[556],"product_tag":[],"artists":[533],"location":[],"publisher":[],"years":[],"class_list":{"0":"post-5556","1":"product","2":"type-product","3":"status-publish","4":"has-post-thumbnail","6":"product_cat-printshop","7":"artists-jason-debose","9":"first","10":"instock","11":"sold-individually","12":"taxable","13":"shipping-taxable","14":"purchasable","15":"product-type-simple"},"acf":[],"yoast_head":"<!-- This site is optimized with the Yoast SEO plugin v26.0 - https:\/\/yoast.com\/wordpress\/plugins\/seo\/ -->\n<title>Jason DeBose: Labryinth to Parking Space - Plovdiv, Bulgaria - Online shop for photographic art<\/title>\n<meta name=\"robots\" content=\"index, follow, max-snippet:-1, max-image-preview:large, max-video-preview:-1\" \/>\n<link rel=\"canonical\" href=\"https:\/\/shop.hippolyte.fi\/en\/product\/jason-debose-labryinth-to-parking-space-plovdiv-bulgaria\/\" \/>\n<meta property=\"og:locale\" content=\"en_US\" \/>\n<meta property=\"og:type\" content=\"article\" \/>\n<meta property=\"og:title\" content=\"Jason DeBose: Labryinth to Parking Space - Plovdiv, Bulgaria - Online shop for photographic art\" \/>\n<meta property=\"og:description\" content=\"Characterised by depth and a seemingly unending series of barriers between the point of capture and the residence that serves as the final background, Labryinth to Parking Space challenges the viewer to discern a practical path to the lone automobile contained in the center of the frame. Its autumn setting in the Bulgarian city of [&hellip;]\" \/>\n<meta property=\"og:url\" content=\"https:\/\/shop.hippolyte.fi\/en\/product\/jason-debose-labryinth-to-parking-space-plovdiv-bulgaria\/\" \/>\n<meta property=\"og:site_name\" content=\"Online shop for photographic art\" \/>\n<meta property=\"article:modified_time\" content=\"2025-11-10T09:53:01+00:00\" \/>\n<meta property=\"og:image\" content=\"https:\/\/shop.hippolyte.fi\/wp-content\/uploads\/2025\/11\/debose-jason-labryinth-to-parking-space-plovdiv-bulgaria.jpg\" \/>\n\t<meta property=\"og:image:width\" content=\"1600\" \/>\n\t<meta property=\"og:image:height\" content=\"1063\" \/>\n\t<meta property=\"og:image:type\" content=\"image\/jpeg\" \/>\n<meta name=\"twitter:card\" content=\"summary_large_image\" \/>\n<script type=\"application\/ld+json\" class=\"yoast-schema-graph\">{\"@context\":\"https:\/\/schema.org\",\"@graph\":[{\"@type\":\"WebPage\",\"@id\":\"https:\/\/shop.hippolyte.fi\/en\/product\/jason-debose-labryinth-to-parking-space-plovdiv-bulgaria\/\",\"url\":\"https:\/\/shop.hippolyte.fi\/en\/product\/jason-debose-labryinth-to-parking-space-plovdiv-bulgaria\/\",\"name\":\"Jason DeBose: Labryinth to Parking Space - Plovdiv, Bulgaria - Online shop for photographic art\",\"isPartOf\":{\"@id\":\"https:\/\/shop.hippolyte.fi\/en\/#website\"},\"primaryImageOfPage\":{\"@id\":\"https:\/\/shop.hippolyte.fi\/en\/product\/jason-debose-labryinth-to-parking-space-plovdiv-bulgaria\/#primaryimage\"},\"image\":{\"@id\":\"https:\/\/shop.hippolyte.fi\/en\/product\/jason-debose-labryinth-to-parking-space-plovdiv-bulgaria\/#primaryimage\"},\"thumbnailUrl\":\"https:\/\/shop.hippolyte.fi\/wp-content\/uploads\/2025\/11\/debose-jason-labryinth-to-parking-space-plovdiv-bulgaria.jpg\",\"datePublished\":\"2025-11-05T16:13:17+00:00\",\"dateModified\":\"2025-11-10T09:53:01+00:00\",\"breadcrumb\":{\"@id\":\"https:\/\/shop.hippolyte.fi\/en\/product\/jason-debose-labryinth-to-parking-space-plovdiv-bulgaria\/#breadcrumb\"},\"inLanguage\":\"en-US\",\"potentialAction\":[{\"@type\":\"ReadAction\",\"target\":[\"https:\/\/shop.hippolyte.fi\/en\/product\/jason-debose-labryinth-to-parking-space-plovdiv-bulgaria\/\"]}]},{\"@type\":\"ImageObject\",\"inLanguage\":\"en-US\",\"@id\":\"https:\/\/shop.hippolyte.fi\/en\/product\/jason-debose-labryinth-to-parking-space-plovdiv-bulgaria\/#primaryimage\",\"url\":\"https:\/\/shop.hippolyte.fi\/wp-content\/uploads\/2025\/11\/debose-jason-labryinth-to-parking-space-plovdiv-bulgaria.jpg\",\"contentUrl\":\"https:\/\/shop.hippolyte.fi\/wp-content\/uploads\/2025\/11\/debose-jason-labryinth-to-parking-space-plovdiv-bulgaria.jpg\",\"width\":1600,\"height\":1063},{\"@type\":\"BreadcrumbList\",\"@id\":\"https:\/\/shop.hippolyte.fi\/en\/product\/jason-debose-labryinth-to-parking-space-plovdiv-bulgaria\/#breadcrumb\",\"itemListElement\":[{\"@type\":\"ListItem\",\"position\":1,\"name\":\"Etusivu\",\"item\":\"https:\/\/shop.hippolyte.fi\/en\/\"},{\"@type\":\"ListItem\",\"position\":2,\"name\":\"Shop\",\"item\":\"https:\/\/shop.hippolyte.fi\/en\/shop\/\"},{\"@type\":\"ListItem\",\"position\":3,\"name\":\"Jason DeBose: Labryinth to Parking Space &#8211; Plovdiv, Bulgaria\"}]},{\"@type\":\"WebSite\",\"@id\":\"https:\/\/shop.hippolyte.fi\/en\/#website\",\"url\":\"https:\/\/shop.hippolyte.fi\/en\/\",\"name\":\"Online shop for photographic art\",\"description\":\"Verkkokaupassa myyd\u00e4\u00e4n teoksia ja valokuvataidekirjoja. OTOS-tapahtuman aikana my\u00f6s tapahtuman teoksia.\",\"potentialAction\":[{\"@type\":\"SearchAction\",\"target\":{\"@type\":\"EntryPoint\",\"urlTemplate\":\"https:\/\/shop.hippolyte.fi\/en\/?s={search_term_string}\"},\"query-input\":{\"@type\":\"PropertyValueSpecification\",\"valueRequired\":true,\"valueName\":\"search_term_string\"}}],\"inLanguage\":\"en-US\"}]}<\/script>\n<!-- \/ Yoast SEO plugin. -->","yoast_head_json":{"title":"Jason DeBose: Labryinth to Parking Space - Plovdiv, Bulgaria - Online shop for photographic art","robots":{"index":"index","follow":"follow","max-snippet":"max-snippet:-1","max-image-preview":"max-image-preview:large","max-video-preview":"max-video-preview:-1"},"canonical":"https:\/\/shop.hippolyte.fi\/en\/product\/jason-debose-labryinth-to-parking-space-plovdiv-bulgaria\/","og_locale":"en_US","og_type":"article","og_title":"Jason DeBose: Labryinth to Parking Space - Plovdiv, Bulgaria - Online shop for photographic art","og_description":"Characterised by depth and a seemingly unending series of barriers between the point of capture and the residence that serves as the final background, Labryinth to Parking Space challenges the viewer to discern a practical path to the lone automobile contained in the center of the frame. Its autumn setting in the Bulgarian city of [&hellip;]","og_url":"https:\/\/shop.hippolyte.fi\/en\/product\/jason-debose-labryinth-to-parking-space-plovdiv-bulgaria\/","og_site_name":"Online shop for photographic art","article_modified_time":"2025-11-10T09:53:01+00:00","og_image":[{"width":1600,"height":1063,"url":"https:\/\/shop.hippolyte.fi\/wp-content\/uploads\/2025\/11\/debose-jason-labryinth-to-parking-space-plovdiv-bulgaria.jpg","type":"image\/jpeg"}],"twitter_card":"summary_large_image","schema":{"@context":"https:\/\/schema.org","@graph":[{"@type":"WebPage","@id":"https:\/\/shop.hippolyte.fi\/en\/product\/jason-debose-labryinth-to-parking-space-plovdiv-bulgaria\/","url":"https:\/\/shop.hippolyte.fi\/en\/product\/jason-debose-labryinth-to-parking-space-plovdiv-bulgaria\/","name":"Jason DeBose: Labryinth to Parking Space - Plovdiv, Bulgaria - Online shop for photographic art","isPartOf":{"@id":"https:\/\/shop.hippolyte.fi\/en\/#website"},"primaryImageOfPage":{"@id":"https:\/\/shop.hippolyte.fi\/en\/product\/jason-debose-labryinth-to-parking-space-plovdiv-bulgaria\/#primaryimage"},"image":{"@id":"https:\/\/shop.hippolyte.fi\/en\/product\/jason-debose-labryinth-to-parking-space-plovdiv-bulgaria\/#primaryimage"},"thumbnailUrl":"https:\/\/shop.hippolyte.fi\/wp-content\/uploads\/2025\/11\/debose-jason-labryinth-to-parking-space-plovdiv-bulgaria.jpg","datePublished":"2025-11-05T16:13:17+00:00","dateModified":"2025-11-10T09:53:01+00:00","breadcrumb":{"@id":"https:\/\/shop.hippolyte.fi\/en\/product\/jason-debose-labryinth-to-parking-space-plovdiv-bulgaria\/#breadcrumb"},"inLanguage":"en-US","potentialAction":[{"@type":"ReadAction","target":["https:\/\/shop.hippolyte.fi\/en\/product\/jason-debose-labryinth-to-parking-space-plovdiv-bulgaria\/"]}]},{"@type":"ImageObject","inLanguage":"en-US","@id":"https:\/\/shop.hippolyte.fi\/en\/product\/jason-debose-labryinth-to-parking-space-plovdiv-bulgaria\/#primaryimage","url":"https:\/\/shop.hippolyte.fi\/wp-content\/uploads\/2025\/11\/debose-jason-labryinth-to-parking-space-plovdiv-bulgaria.jpg","contentUrl":"https:\/\/shop.hippolyte.fi\/wp-content\/uploads\/2025\/11\/debose-jason-labryinth-to-parking-space-plovdiv-bulgaria.jpg","width":1600,"height":1063},{"@type":"BreadcrumbList","@id":"https:\/\/shop.hippolyte.fi\/en\/product\/jason-debose-labryinth-to-parking-space-plovdiv-bulgaria\/#breadcrumb","itemListElement":[{"@type":"ListItem","position":1,"name":"Etusivu","item":"https:\/\/shop.hippolyte.fi\/en\/"},{"@type":"ListItem","position":2,"name":"Shop","item":"https:\/\/shop.hippolyte.fi\/en\/shop\/"},{"@type":"ListItem","position":3,"name":"Jason DeBose: Labryinth to Parking Space &#8211; Plovdiv, Bulgaria"}]},{"@type":"WebSite","@id":"https:\/\/shop.hippolyte.fi\/en\/#website","url":"https:\/\/shop.hippolyte.fi\/en\/","name":"Online shop for photographic art","description":"Verkkokaupassa myyd\u00e4\u00e4n teoksia ja valokuvataidekirjoja. OTOS-tapahtuman aikana my\u00f6s tapahtuman teoksia.","potentialAction":[{"@type":"SearchAction","target":{"@type":"EntryPoint","urlTemplate":"https:\/\/shop.hippolyte.fi\/en\/?s={search_term_string}"},"query-input":{"@type":"PropertyValueSpecification","valueRequired":true,"valueName":"search_term_string"}}],"inLanguage":"en-US"}]}},"_links":{"self":[{"href":"https:\/\/shop.hippolyte.fi\/en\/wp-json\/wp\/v2\/product\/5556","targetHints":{"allow":["GET"]}}],"collection":[{"href":"https:\/\/shop.hippolyte.fi\/en\/wp-json\/wp\/v2\/product"}],"about":[{"href":"https:\/\/shop.hippolyte.fi\/en\/wp-json\/wp\/v2\/types\/product"}],"wp:featuredmedia":[{"embeddable":true,"href":"https:\/\/shop.hippolyte.fi\/en\/wp-json\/wp\/v2\/media\/4982"}],"wp:attachment":[{"href":"https:\/\/shop.hippolyte.fi\/en\/wp-json\/wp\/v2\/media?parent=5556"}],"wp:term":[{"taxonomy":"product_brand","embeddable":true,"href":"https:\/\/shop.hippolyte.fi\/en\/wp-json\/wp\/v2\/product_brand?post=5556"},{"taxonomy":"product_cat","embeddable":true,"href":"https:\/\/shop.hippolyte.fi\/en\/wp-json\/wp\/v2\/product_cat?post=5556"},{"taxonomy":"product_tag","embeddable":true,"href":"https:\/\/shop.hippolyte.fi\/en\/wp-json\/wp\/v2\/product_tag?post=5556"},{"taxonomy":"artists","embeddable":true,"href":"https:\/\/shop.hippolyte.fi\/en\/wp-json\/wp\/v2\/artists?post=5556"},{"taxonomy":"location","embeddable":true,"href":"https:\/\/shop.hippolyte.fi\/en\/wp-json\/wp\/v2\/location?post=5556"},{"taxonomy":"publisher","embeddable":true,"href":"https:\/\/shop.hippolyte.fi\/en\/wp-json\/wp\/v2\/publisher?post=5556"},{"taxonomy":"years","embeddable":true,"href":"https:\/\/shop.hippolyte.fi\/en\/wp-json\/wp\/v2\/years?post=5556"}],"curies":[{"name":"wp","href":"https:\/\/api.w.org\/{rel}","templated":true}]}}