{"id":5619,"date":"2025-11-05T18:14:18","date_gmt":"2025-11-05T16:14:18","guid":{"rendered":"https:\/\/shop.hippolyte.fi\/?post_type=product&#038;p=5619"},"modified":"2025-11-10T11:52:03","modified_gmt":"2025-11-10T09:52:03","slug":"linda-varoma-parisuhde","status":"publish","type":"product","link":"https:\/\/shop.hippolyte.fi\/en\/product\/linda-varoma-parisuhde\/","title":{"rendered":"Linda Varoma: Parisuhde"},"content":{"rendered":"<p>Sy\u00f6maan! (Time to Eat!) The works examine the repetitive everyday life of family: the dining table, kitchen details, and small outbursts of emotion. In the images, the intimate domestic space is revealed as both ordinary and meaningful. The works are full of symbolism and gentle humour, inviting viewers to look more closely at the everyday: to see dining not merely as nourishment, but as the essence of being a family. The works align with the tradition of still-life painting, drawing inspiration from Renaissance food paintings and early 20th-century herring compositions.<\/p>\n","protected":false},"excerpt":{"rendered":"<p>Sy\u00f6maan! (Time to Eat!) The works examine the repetitive everyday life of family: the dining table, kitchen details, and small outbursts of emotion. In the images, the intimate domestic space is revealed as both ordinary and meaningful. The works are full of symbolism and gentle humour, inviting viewers to look more closely at the everyday: [&hellip;]<\/p>\n","protected":false},"featured_media":5045,"template":"","meta":{"_acf_changed":false},"product_brand":[],"product_cat":[556],"product_tag":[570],"artists":[540],"location":[],"publisher":[],"years":[],"class_list":{"0":"post-5619","1":"product","2":"type-product","3":"status-publish","4":"has-post-thumbnail","6":"product_cat-printshop","7":"product_tag-lahjoitus","8":"artists-linda-varoma","10":"first","11":"instock","12":"sold-individually","13":"taxable","14":"shipping-taxable","15":"purchasable","16":"product-type-simple"},"acf":[],"yoast_head":"<!-- This site is optimized with the Yoast SEO plugin v26.0 - https:\/\/yoast.com\/wordpress\/plugins\/seo\/ -->\n<title>Linda Varoma: Parisuhde - Online shop for photographic art<\/title>\n<meta name=\"robots\" content=\"index, follow, max-snippet:-1, max-image-preview:large, max-video-preview:-1\" \/>\n<link rel=\"canonical\" href=\"https:\/\/shop.hippolyte.fi\/en\/product\/linda-varoma-parisuhde\/\" \/>\n<meta property=\"og:locale\" content=\"en_US\" \/>\n<meta property=\"og:type\" content=\"article\" \/>\n<meta property=\"og:title\" content=\"Linda Varoma: Parisuhde - Online shop for photographic art\" \/>\n<meta property=\"og:description\" content=\"Sy\u00f6maan! (Time to Eat!) The works examine the repetitive everyday life of family: the dining table, kitchen details, and small outbursts of emotion. In the images, the intimate domestic space is revealed as both ordinary and meaningful. The works are full of symbolism and gentle humour, inviting viewers to look more closely at the everyday: [&hellip;]\" \/>\n<meta property=\"og:url\" content=\"https:\/\/shop.hippolyte.fi\/en\/product\/linda-varoma-parisuhde\/\" \/>\n<meta property=\"og:site_name\" content=\"Online shop for photographic art\" \/>\n<meta property=\"article:modified_time\" content=\"2025-11-10T09:52:03+00:00\" \/>\n<meta property=\"og:image\" content=\"https:\/\/shop.hippolyte.fi\/wp-content\/uploads\/2025\/11\/varoma-linda-parisuhde.jpg\" \/>\n\t<meta property=\"og:image:width\" content=\"1600\" \/>\n\t<meta property=\"og:image:height\" content=\"1066\" \/>\n\t<meta property=\"og:image:type\" content=\"image\/jpeg\" \/>\n<meta name=\"twitter:card\" content=\"summary_large_image\" \/>\n<script type=\"application\/ld+json\" class=\"yoast-schema-graph\">{\"@context\":\"https:\/\/schema.org\",\"@graph\":[{\"@type\":\"WebPage\",\"@id\":\"https:\/\/shop.hippolyte.fi\/en\/product\/linda-varoma-parisuhde\/\",\"url\":\"https:\/\/shop.hippolyte.fi\/en\/product\/linda-varoma-parisuhde\/\",\"name\":\"Linda Varoma: Parisuhde - Online shop for photographic art\",\"isPartOf\":{\"@id\":\"https:\/\/shop.hippolyte.fi\/en\/#website\"},\"primaryImageOfPage\":{\"@id\":\"https:\/\/shop.hippolyte.fi\/en\/product\/linda-varoma-parisuhde\/#primaryimage\"},\"image\":{\"@id\":\"https:\/\/shop.hippolyte.fi\/en\/product\/linda-varoma-parisuhde\/#primaryimage\"},\"thumbnailUrl\":\"https:\/\/shop.hippolyte.fi\/wp-content\/uploads\/2025\/11\/varoma-linda-parisuhde.jpg\",\"datePublished\":\"2025-11-05T16:14:18+00:00\",\"dateModified\":\"2025-11-10T09:52:03+00:00\",\"breadcrumb\":{\"@id\":\"https:\/\/shop.hippolyte.fi\/en\/product\/linda-varoma-parisuhde\/#breadcrumb\"},\"inLanguage\":\"en-US\",\"potentialAction\":[{\"@type\":\"ReadAction\",\"target\":[\"https:\/\/shop.hippolyte.fi\/en\/product\/linda-varoma-parisuhde\/\"]}]},{\"@type\":\"ImageObject\",\"inLanguage\":\"en-US\",\"@id\":\"https:\/\/shop.hippolyte.fi\/en\/product\/linda-varoma-parisuhde\/#primaryimage\",\"url\":\"https:\/\/shop.hippolyte.fi\/wp-content\/uploads\/2025\/11\/varoma-linda-parisuhde.jpg\",\"contentUrl\":\"https:\/\/shop.hippolyte.fi\/wp-content\/uploads\/2025\/11\/varoma-linda-parisuhde.jpg\",\"width\":1600,\"height\":1066},{\"@type\":\"BreadcrumbList\",\"@id\":\"https:\/\/shop.hippolyte.fi\/en\/product\/linda-varoma-parisuhde\/#breadcrumb\",\"itemListElement\":[{\"@type\":\"ListItem\",\"position\":1,\"name\":\"Etusivu\",\"item\":\"https:\/\/shop.hippolyte.fi\/en\/\"},{\"@type\":\"ListItem\",\"position\":2,\"name\":\"Shop\",\"item\":\"https:\/\/shop.hippolyte.fi\/en\/shop\/\"},{\"@type\":\"ListItem\",\"position\":3,\"name\":\"Linda Varoma: Parisuhde\"}]},{\"@type\":\"WebSite\",\"@id\":\"https:\/\/shop.hippolyte.fi\/en\/#website\",\"url\":\"https:\/\/shop.hippolyte.fi\/en\/\",\"name\":\"Online shop for photographic art\",\"description\":\"Verkkokaupassa myyd\u00e4\u00e4n teoksia ja valokuvataidekirjoja. OTOS-tapahtuman aikana my\u00f6s tapahtuman teoksia.\",\"potentialAction\":[{\"@type\":\"SearchAction\",\"target\":{\"@type\":\"EntryPoint\",\"urlTemplate\":\"https:\/\/shop.hippolyte.fi\/en\/?s={search_term_string}\"},\"query-input\":{\"@type\":\"PropertyValueSpecification\",\"valueRequired\":true,\"valueName\":\"search_term_string\"}}],\"inLanguage\":\"en-US\"}]}<\/script>\n<!-- \/ Yoast SEO plugin. -->","yoast_head_json":{"title":"Linda Varoma: Parisuhde - Online shop for photographic art","robots":{"index":"index","follow":"follow","max-snippet":"max-snippet:-1","max-image-preview":"max-image-preview:large","max-video-preview":"max-video-preview:-1"},"canonical":"https:\/\/shop.hippolyte.fi\/en\/product\/linda-varoma-parisuhde\/","og_locale":"en_US","og_type":"article","og_title":"Linda Varoma: Parisuhde - Online shop for photographic art","og_description":"Sy\u00f6maan! (Time to Eat!) The works examine the repetitive everyday life of family: the dining table, kitchen details, and small outbursts of emotion. In the images, the intimate domestic space is revealed as both ordinary and meaningful. The works are full of symbolism and gentle humour, inviting viewers to look more closely at the everyday: [&hellip;]","og_url":"https:\/\/shop.hippolyte.fi\/en\/product\/linda-varoma-parisuhde\/","og_site_name":"Online shop for photographic art","article_modified_time":"2025-11-10T09:52:03+00:00","og_image":[{"width":1600,"height":1066,"url":"https:\/\/shop.hippolyte.fi\/wp-content\/uploads\/2025\/11\/varoma-linda-parisuhde.jpg","type":"image\/jpeg"}],"twitter_card":"summary_large_image","schema":{"@context":"https:\/\/schema.org","@graph":[{"@type":"WebPage","@id":"https:\/\/shop.hippolyte.fi\/en\/product\/linda-varoma-parisuhde\/","url":"https:\/\/shop.hippolyte.fi\/en\/product\/linda-varoma-parisuhde\/","name":"Linda Varoma: Parisuhde - Online shop for photographic art","isPartOf":{"@id":"https:\/\/shop.hippolyte.fi\/en\/#website"},"primaryImageOfPage":{"@id":"https:\/\/shop.hippolyte.fi\/en\/product\/linda-varoma-parisuhde\/#primaryimage"},"image":{"@id":"https:\/\/shop.hippolyte.fi\/en\/product\/linda-varoma-parisuhde\/#primaryimage"},"thumbnailUrl":"https:\/\/shop.hippolyte.fi\/wp-content\/uploads\/2025\/11\/varoma-linda-parisuhde.jpg","datePublished":"2025-11-05T16:14:18+00:00","dateModified":"2025-11-10T09:52:03+00:00","breadcrumb":{"@id":"https:\/\/shop.hippolyte.fi\/en\/product\/linda-varoma-parisuhde\/#breadcrumb"},"inLanguage":"en-US","potentialAction":[{"@type":"ReadAction","target":["https:\/\/shop.hippolyte.fi\/en\/product\/linda-varoma-parisuhde\/"]}]},{"@type":"ImageObject","inLanguage":"en-US","@id":"https:\/\/shop.hippolyte.fi\/en\/product\/linda-varoma-parisuhde\/#primaryimage","url":"https:\/\/shop.hippolyte.fi\/wp-content\/uploads\/2025\/11\/varoma-linda-parisuhde.jpg","contentUrl":"https:\/\/shop.hippolyte.fi\/wp-content\/uploads\/2025\/11\/varoma-linda-parisuhde.jpg","width":1600,"height":1066},{"@type":"BreadcrumbList","@id":"https:\/\/shop.hippolyte.fi\/en\/product\/linda-varoma-parisuhde\/#breadcrumb","itemListElement":[{"@type":"ListItem","position":1,"name":"Etusivu","item":"https:\/\/shop.hippolyte.fi\/en\/"},{"@type":"ListItem","position":2,"name":"Shop","item":"https:\/\/shop.hippolyte.fi\/en\/shop\/"},{"@type":"ListItem","position":3,"name":"Linda Varoma: Parisuhde"}]},{"@type":"WebSite","@id":"https:\/\/shop.hippolyte.fi\/en\/#website","url":"https:\/\/shop.hippolyte.fi\/en\/","name":"Online shop for photographic art","description":"Verkkokaupassa myyd\u00e4\u00e4n teoksia ja valokuvataidekirjoja. OTOS-tapahtuman aikana my\u00f6s tapahtuman teoksia.","potentialAction":[{"@type":"SearchAction","target":{"@type":"EntryPoint","urlTemplate":"https:\/\/shop.hippolyte.fi\/en\/?s={search_term_string}"},"query-input":{"@type":"PropertyValueSpecification","valueRequired":true,"valueName":"search_term_string"}}],"inLanguage":"en-US"}]}},"_links":{"self":[{"href":"https:\/\/shop.hippolyte.fi\/en\/wp-json\/wp\/v2\/product\/5619","targetHints":{"allow":["GET"]}}],"collection":[{"href":"https:\/\/shop.hippolyte.fi\/en\/wp-json\/wp\/v2\/product"}],"about":[{"href":"https:\/\/shop.hippolyte.fi\/en\/wp-json\/wp\/v2\/types\/product"}],"wp:featuredmedia":[{"embeddable":true,"href":"https:\/\/shop.hippolyte.fi\/en\/wp-json\/wp\/v2\/media\/5045"}],"wp:attachment":[{"href":"https:\/\/shop.hippolyte.fi\/en\/wp-json\/wp\/v2\/media?parent=5619"}],"wp:term":[{"taxonomy":"product_brand","embeddable":true,"href":"https:\/\/shop.hippolyte.fi\/en\/wp-json\/wp\/v2\/product_brand?post=5619"},{"taxonomy":"product_cat","embeddable":true,"href":"https:\/\/shop.hippolyte.fi\/en\/wp-json\/wp\/v2\/product_cat?post=5619"},{"taxonomy":"product_tag","embeddable":true,"href":"https:\/\/shop.hippolyte.fi\/en\/wp-json\/wp\/v2\/product_tag?post=5619"},{"taxonomy":"artists","embeddable":true,"href":"https:\/\/shop.hippolyte.fi\/en\/wp-json\/wp\/v2\/artists?post=5619"},{"taxonomy":"location","embeddable":true,"href":"https:\/\/shop.hippolyte.fi\/en\/wp-json\/wp\/v2\/location?post=5619"},{"taxonomy":"publisher","embeddable":true,"href":"https:\/\/shop.hippolyte.fi\/en\/wp-json\/wp\/v2\/publisher?post=5619"},{"taxonomy":"years","embeddable":true,"href":"https:\/\/shop.hippolyte.fi\/en\/wp-json\/wp\/v2\/years?post=5619"}],"curies":[{"name":"wp","href":"https:\/\/api.w.org\/{rel}","templated":true}]}}