{"id":5663,"date":"2025-11-05T18:15:00","date_gmt":"2025-11-05T16:15:00","guid":{"rendered":"https:\/\/shop.hippolyte.fi\/?post_type=product&#038;p=5663"},"modified":"2025-11-10T11:51:56","modified_gmt":"2025-11-10T09:51:56","slug":"kaisa-karhu-eedenin-puutarha-garden-of-eden","status":"publish","type":"product","link":"https:\/\/shop.hippolyte.fi\/en\/product\/kaisa-karhu-eedenin-puutarha-garden-of-eden\/","title":{"rendered":"Kaisa Karhu: Eedenin puutarha \/ Garden of Eden"},"content":{"rendered":"<p>The work is part of the series Landscape and Self \u2013 Adaptations \/ Mukaelmia maisesta ja itsest\u00e4 (2019), which guides the viewer to the encounters that emerge between sublime landscapes and performative gestures. The series consists of photographic prints, fabric prints, and sculptures that explore the relationship between self-portraiture, femininity, and landscape.<\/p>\n","protected":false},"excerpt":{"rendered":"<p>The work is part of the series Landscape and Self \u2013 Adaptations \/ Mukaelmia maisesta ja itsest\u00e4 (2019), which guides the viewer to the encounters that emerge between sublime landscapes and performative gestures. The series consists of photographic prints, fabric prints, and sculptures that explore the relationship between self-portraiture, femininity, and landscape.<\/p>\n","protected":false},"featured_media":5093,"template":"","meta":{"_acf_changed":false},"product_brand":[],"product_cat":[556],"product_tag":[570],"artists":[543],"location":[],"publisher":[],"years":[],"class_list":{"0":"post-5663","1":"product","2":"type-product","3":"status-publish","4":"has-post-thumbnail","6":"product_cat-printshop","7":"product_tag-lahjoitus","8":"artists-kaisa-karhu","10":"first","11":"instock","12":"sold-individually","13":"taxable","14":"shipping-taxable","15":"purchasable","16":"product-type-simple"},"acf":[],"yoast_head":"<!-- This site is optimized with the Yoast SEO plugin v26.0 - https:\/\/yoast.com\/wordpress\/plugins\/seo\/ -->\n<title>Kaisa Karhu: Eedenin puutarha \/ Garden of Eden - Online shop for photographic art<\/title>\n<meta name=\"robots\" content=\"index, follow, max-snippet:-1, max-image-preview:large, max-video-preview:-1\" \/>\n<link rel=\"canonical\" href=\"https:\/\/shop.hippolyte.fi\/en\/product\/kaisa-karhu-eedenin-puutarha-garden-of-eden\/\" \/>\n<meta property=\"og:locale\" content=\"en_US\" \/>\n<meta property=\"og:type\" content=\"article\" \/>\n<meta property=\"og:title\" content=\"Kaisa Karhu: Eedenin puutarha \/ Garden of Eden - Online shop for photographic art\" \/>\n<meta property=\"og:description\" content=\"The work is part of the series Landscape and Self \u2013 Adaptations \/ Mukaelmia maisesta ja itsest\u00e4 (2019), which guides the viewer to the encounters that emerge between sublime landscapes and performative gestures. The series consists of photographic prints, fabric prints, and sculptures that explore the relationship between self-portraiture, femininity, and landscape.\" \/>\n<meta property=\"og:url\" content=\"https:\/\/shop.hippolyte.fi\/en\/product\/kaisa-karhu-eedenin-puutarha-garden-of-eden\/\" \/>\n<meta property=\"og:site_name\" content=\"Online shop for photographic art\" \/>\n<meta property=\"article:modified_time\" content=\"2025-11-10T09:51:56+00:00\" \/>\n<meta property=\"og:image\" content=\"https:\/\/shop.hippolyte.fi\/wp-content\/uploads\/2025\/11\/karhu-kaisa-eedenin-puutarha-garden-of-eden.jpg\" \/>\n\t<meta property=\"og:image:width\" content=\"1600\" \/>\n\t<meta property=\"og:image:height\" content=\"1389\" \/>\n\t<meta property=\"og:image:type\" content=\"image\/jpeg\" \/>\n<meta name=\"twitter:card\" content=\"summary_large_image\" \/>\n<script type=\"application\/ld+json\" class=\"yoast-schema-graph\">{\"@context\":\"https:\/\/schema.org\",\"@graph\":[{\"@type\":\"WebPage\",\"@id\":\"https:\/\/shop.hippolyte.fi\/en\/product\/kaisa-karhu-eedenin-puutarha-garden-of-eden\/\",\"url\":\"https:\/\/shop.hippolyte.fi\/en\/product\/kaisa-karhu-eedenin-puutarha-garden-of-eden\/\",\"name\":\"Kaisa Karhu: Eedenin puutarha \/ Garden of Eden - Online shop for photographic art\",\"isPartOf\":{\"@id\":\"https:\/\/shop.hippolyte.fi\/en\/#website\"},\"primaryImageOfPage\":{\"@id\":\"https:\/\/shop.hippolyte.fi\/en\/product\/kaisa-karhu-eedenin-puutarha-garden-of-eden\/#primaryimage\"},\"image\":{\"@id\":\"https:\/\/shop.hippolyte.fi\/en\/product\/kaisa-karhu-eedenin-puutarha-garden-of-eden\/#primaryimage\"},\"thumbnailUrl\":\"https:\/\/shop.hippolyte.fi\/wp-content\/uploads\/2025\/11\/karhu-kaisa-eedenin-puutarha-garden-of-eden.jpg\",\"datePublished\":\"2025-11-05T16:15:00+00:00\",\"dateModified\":\"2025-11-10T09:51:56+00:00\",\"breadcrumb\":{\"@id\":\"https:\/\/shop.hippolyte.fi\/en\/product\/kaisa-karhu-eedenin-puutarha-garden-of-eden\/#breadcrumb\"},\"inLanguage\":\"en-US\",\"potentialAction\":[{\"@type\":\"ReadAction\",\"target\":[\"https:\/\/shop.hippolyte.fi\/en\/product\/kaisa-karhu-eedenin-puutarha-garden-of-eden\/\"]}]},{\"@type\":\"ImageObject\",\"inLanguage\":\"en-US\",\"@id\":\"https:\/\/shop.hippolyte.fi\/en\/product\/kaisa-karhu-eedenin-puutarha-garden-of-eden\/#primaryimage\",\"url\":\"https:\/\/shop.hippolyte.fi\/wp-content\/uploads\/2025\/11\/karhu-kaisa-eedenin-puutarha-garden-of-eden.jpg\",\"contentUrl\":\"https:\/\/shop.hippolyte.fi\/wp-content\/uploads\/2025\/11\/karhu-kaisa-eedenin-puutarha-garden-of-eden.jpg\",\"width\":1600,\"height\":1389},{\"@type\":\"BreadcrumbList\",\"@id\":\"https:\/\/shop.hippolyte.fi\/en\/product\/kaisa-karhu-eedenin-puutarha-garden-of-eden\/#breadcrumb\",\"itemListElement\":[{\"@type\":\"ListItem\",\"position\":1,\"name\":\"Etusivu\",\"item\":\"https:\/\/shop.hippolyte.fi\/en\/\"},{\"@type\":\"ListItem\",\"position\":2,\"name\":\"Shop\",\"item\":\"https:\/\/shop.hippolyte.fi\/en\/shop\/\"},{\"@type\":\"ListItem\",\"position\":3,\"name\":\"Kaisa Karhu: Eedenin puutarha \/ Garden of Eden\"}]},{\"@type\":\"WebSite\",\"@id\":\"https:\/\/shop.hippolyte.fi\/en\/#website\",\"url\":\"https:\/\/shop.hippolyte.fi\/en\/\",\"name\":\"Online shop for photographic art\",\"description\":\"Verkkokaupassa myyd\u00e4\u00e4n teoksia ja valokuvataidekirjoja. OTOS-tapahtuman aikana my\u00f6s tapahtuman teoksia.\",\"potentialAction\":[{\"@type\":\"SearchAction\",\"target\":{\"@type\":\"EntryPoint\",\"urlTemplate\":\"https:\/\/shop.hippolyte.fi\/en\/?s={search_term_string}\"},\"query-input\":{\"@type\":\"PropertyValueSpecification\",\"valueRequired\":true,\"valueName\":\"search_term_string\"}}],\"inLanguage\":\"en-US\"}]}<\/script>\n<!-- \/ Yoast SEO plugin. -->","yoast_head_json":{"title":"Kaisa Karhu: Eedenin puutarha \/ Garden of Eden - Online shop for photographic art","robots":{"index":"index","follow":"follow","max-snippet":"max-snippet:-1","max-image-preview":"max-image-preview:large","max-video-preview":"max-video-preview:-1"},"canonical":"https:\/\/shop.hippolyte.fi\/en\/product\/kaisa-karhu-eedenin-puutarha-garden-of-eden\/","og_locale":"en_US","og_type":"article","og_title":"Kaisa Karhu: Eedenin puutarha \/ Garden of Eden - Online shop for photographic art","og_description":"The work is part of the series Landscape and Self \u2013 Adaptations \/ Mukaelmia maisesta ja itsest\u00e4 (2019), which guides the viewer to the encounters that emerge between sublime landscapes and performative gestures. The series consists of photographic prints, fabric prints, and sculptures that explore the relationship between self-portraiture, femininity, and landscape.","og_url":"https:\/\/shop.hippolyte.fi\/en\/product\/kaisa-karhu-eedenin-puutarha-garden-of-eden\/","og_site_name":"Online shop for photographic art","article_modified_time":"2025-11-10T09:51:56+00:00","og_image":[{"width":1600,"height":1389,"url":"https:\/\/shop.hippolyte.fi\/wp-content\/uploads\/2025\/11\/karhu-kaisa-eedenin-puutarha-garden-of-eden.jpg","type":"image\/jpeg"}],"twitter_card":"summary_large_image","schema":{"@context":"https:\/\/schema.org","@graph":[{"@type":"WebPage","@id":"https:\/\/shop.hippolyte.fi\/en\/product\/kaisa-karhu-eedenin-puutarha-garden-of-eden\/","url":"https:\/\/shop.hippolyte.fi\/en\/product\/kaisa-karhu-eedenin-puutarha-garden-of-eden\/","name":"Kaisa Karhu: Eedenin puutarha \/ Garden of Eden - Online shop for photographic art","isPartOf":{"@id":"https:\/\/shop.hippolyte.fi\/en\/#website"},"primaryImageOfPage":{"@id":"https:\/\/shop.hippolyte.fi\/en\/product\/kaisa-karhu-eedenin-puutarha-garden-of-eden\/#primaryimage"},"image":{"@id":"https:\/\/shop.hippolyte.fi\/en\/product\/kaisa-karhu-eedenin-puutarha-garden-of-eden\/#primaryimage"},"thumbnailUrl":"https:\/\/shop.hippolyte.fi\/wp-content\/uploads\/2025\/11\/karhu-kaisa-eedenin-puutarha-garden-of-eden.jpg","datePublished":"2025-11-05T16:15:00+00:00","dateModified":"2025-11-10T09:51:56+00:00","breadcrumb":{"@id":"https:\/\/shop.hippolyte.fi\/en\/product\/kaisa-karhu-eedenin-puutarha-garden-of-eden\/#breadcrumb"},"inLanguage":"en-US","potentialAction":[{"@type":"ReadAction","target":["https:\/\/shop.hippolyte.fi\/en\/product\/kaisa-karhu-eedenin-puutarha-garden-of-eden\/"]}]},{"@type":"ImageObject","inLanguage":"en-US","@id":"https:\/\/shop.hippolyte.fi\/en\/product\/kaisa-karhu-eedenin-puutarha-garden-of-eden\/#primaryimage","url":"https:\/\/shop.hippolyte.fi\/wp-content\/uploads\/2025\/11\/karhu-kaisa-eedenin-puutarha-garden-of-eden.jpg","contentUrl":"https:\/\/shop.hippolyte.fi\/wp-content\/uploads\/2025\/11\/karhu-kaisa-eedenin-puutarha-garden-of-eden.jpg","width":1600,"height":1389},{"@type":"BreadcrumbList","@id":"https:\/\/shop.hippolyte.fi\/en\/product\/kaisa-karhu-eedenin-puutarha-garden-of-eden\/#breadcrumb","itemListElement":[{"@type":"ListItem","position":1,"name":"Etusivu","item":"https:\/\/shop.hippolyte.fi\/en\/"},{"@type":"ListItem","position":2,"name":"Shop","item":"https:\/\/shop.hippolyte.fi\/en\/shop\/"},{"@type":"ListItem","position":3,"name":"Kaisa Karhu: Eedenin puutarha \/ Garden of Eden"}]},{"@type":"WebSite","@id":"https:\/\/shop.hippolyte.fi\/en\/#website","url":"https:\/\/shop.hippolyte.fi\/en\/","name":"Online shop for photographic art","description":"Verkkokaupassa myyd\u00e4\u00e4n teoksia ja valokuvataidekirjoja. OTOS-tapahtuman aikana my\u00f6s tapahtuman teoksia.","potentialAction":[{"@type":"SearchAction","target":{"@type":"EntryPoint","urlTemplate":"https:\/\/shop.hippolyte.fi\/en\/?s={search_term_string}"},"query-input":{"@type":"PropertyValueSpecification","valueRequired":true,"valueName":"search_term_string"}}],"inLanguage":"en-US"}]}},"_links":{"self":[{"href":"https:\/\/shop.hippolyte.fi\/en\/wp-json\/wp\/v2\/product\/5663","targetHints":{"allow":["GET"]}}],"collection":[{"href":"https:\/\/shop.hippolyte.fi\/en\/wp-json\/wp\/v2\/product"}],"about":[{"href":"https:\/\/shop.hippolyte.fi\/en\/wp-json\/wp\/v2\/types\/product"}],"wp:featuredmedia":[{"embeddable":true,"href":"https:\/\/shop.hippolyte.fi\/en\/wp-json\/wp\/v2\/media\/5093"}],"wp:attachment":[{"href":"https:\/\/shop.hippolyte.fi\/en\/wp-json\/wp\/v2\/media?parent=5663"}],"wp:term":[{"taxonomy":"product_brand","embeddable":true,"href":"https:\/\/shop.hippolyte.fi\/en\/wp-json\/wp\/v2\/product_brand?post=5663"},{"taxonomy":"product_cat","embeddable":true,"href":"https:\/\/shop.hippolyte.fi\/en\/wp-json\/wp\/v2\/product_cat?post=5663"},{"taxonomy":"product_tag","embeddable":true,"href":"https:\/\/shop.hippolyte.fi\/en\/wp-json\/wp\/v2\/product_tag?post=5663"},{"taxonomy":"artists","embeddable":true,"href":"https:\/\/shop.hippolyte.fi\/en\/wp-json\/wp\/v2\/artists?post=5663"},{"taxonomy":"location","embeddable":true,"href":"https:\/\/shop.hippolyte.fi\/en\/wp-json\/wp\/v2\/location?post=5663"},{"taxonomy":"publisher","embeddable":true,"href":"https:\/\/shop.hippolyte.fi\/en\/wp-json\/wp\/v2\/publisher?post=5663"},{"taxonomy":"years","embeddable":true,"href":"https:\/\/shop.hippolyte.fi\/en\/wp-json\/wp\/v2\/years?post=5663"}],"curies":[{"name":"wp","href":"https:\/\/api.w.org\/{rel}","templated":true}]}}