{"id":5681,"date":"2025-11-05T18:15:13","date_gmt":"2025-11-05T16:15:13","guid":{"rendered":"https:\/\/shop.hippolyte.fi\/?post_type=product&#038;p=5681"},"modified":"2025-11-10T11:51:54","modified_gmt":"2025-11-10T09:51:54","slug":"jari-arffman-sarjasta-counterparts-vastinparit-st-pragburg","status":"publish","type":"product","link":"https:\/\/shop.hippolyte.fi\/en\/product\/jari-arffman-sarjasta-counterparts-vastinparit-st-pragburg\/","title":{"rendered":"Jari Arffman: Sarjasta Counterparts &#8211; Vastinparit, St. Pragburg"},"content":{"rendered":"<p>Night<\/p>\n","protected":false},"excerpt":{"rendered":"<p>Night<\/p>\n","protected":false},"featured_media":5105,"template":"","meta":{"_acf_changed":false},"product_brand":[],"product_cat":[556],"product_tag":[570],"artists":[544],"location":[],"publisher":[],"years":[],"class_list":{"0":"post-5681","1":"product","2":"type-product","3":"status-publish","4":"has-post-thumbnail","6":"product_cat-printshop","7":"product_tag-lahjoitus","8":"artists-jari-arffman","10":"first","11":"instock","12":"sold-individually","13":"taxable","14":"shipping-taxable","15":"purchasable","16":"product-type-simple"},"acf":[],"yoast_head":"<!-- This site is optimized with the Yoast SEO plugin v26.0 - https:\/\/yoast.com\/wordpress\/plugins\/seo\/ -->\n<title>Jari Arffman: Sarjasta Counterparts - Vastinparit, St. Pragburg - Online shop for photographic art<\/title>\n<meta name=\"robots\" content=\"index, follow, max-snippet:-1, max-image-preview:large, max-video-preview:-1\" \/>\n<link rel=\"canonical\" href=\"https:\/\/shop.hippolyte.fi\/en\/product\/jari-arffman-sarjasta-counterparts-vastinparit-st-pragburg\/\" \/>\n<meta property=\"og:locale\" content=\"en_US\" \/>\n<meta property=\"og:type\" content=\"article\" \/>\n<meta property=\"og:title\" content=\"Jari Arffman: Sarjasta Counterparts - Vastinparit, St. Pragburg - Online shop for photographic art\" \/>\n<meta property=\"og:description\" content=\"Night\" \/>\n<meta property=\"og:url\" content=\"https:\/\/shop.hippolyte.fi\/en\/product\/jari-arffman-sarjasta-counterparts-vastinparit-st-pragburg\/\" \/>\n<meta property=\"og:site_name\" content=\"Online shop for photographic art\" \/>\n<meta property=\"article:modified_time\" content=\"2025-11-10T09:51:54+00:00\" \/>\n<meta property=\"og:image\" content=\"https:\/\/shop.hippolyte.fi\/wp-content\/uploads\/2025\/11\/arffman-jari-sarjasta-counterparts-vastinparit-st-pragburg-3.jpg\" \/>\n\t<meta property=\"og:image:width\" content=\"1146\" \/>\n\t<meta property=\"og:image:height\" content=\"1600\" \/>\n\t<meta property=\"og:image:type\" content=\"image\/jpeg\" \/>\n<meta name=\"twitter:card\" content=\"summary_large_image\" \/>\n<script type=\"application\/ld+json\" class=\"yoast-schema-graph\">{\"@context\":\"https:\/\/schema.org\",\"@graph\":[{\"@type\":\"WebPage\",\"@id\":\"https:\/\/shop.hippolyte.fi\/en\/product\/jari-arffman-sarjasta-counterparts-vastinparit-st-pragburg\/\",\"url\":\"https:\/\/shop.hippolyte.fi\/en\/product\/jari-arffman-sarjasta-counterparts-vastinparit-st-pragburg\/\",\"name\":\"Jari Arffman: Sarjasta Counterparts - Vastinparit, St. Pragburg - Online shop for photographic art\",\"isPartOf\":{\"@id\":\"https:\/\/shop.hippolyte.fi\/en\/#website\"},\"primaryImageOfPage\":{\"@id\":\"https:\/\/shop.hippolyte.fi\/en\/product\/jari-arffman-sarjasta-counterparts-vastinparit-st-pragburg\/#primaryimage\"},\"image\":{\"@id\":\"https:\/\/shop.hippolyte.fi\/en\/product\/jari-arffman-sarjasta-counterparts-vastinparit-st-pragburg\/#primaryimage\"},\"thumbnailUrl\":\"https:\/\/shop.hippolyte.fi\/wp-content\/uploads\/2025\/11\/arffman-jari-sarjasta-counterparts-vastinparit-st-pragburg-3.jpg\",\"datePublished\":\"2025-11-05T16:15:13+00:00\",\"dateModified\":\"2025-11-10T09:51:54+00:00\",\"breadcrumb\":{\"@id\":\"https:\/\/shop.hippolyte.fi\/en\/product\/jari-arffman-sarjasta-counterparts-vastinparit-st-pragburg\/#breadcrumb\"},\"inLanguage\":\"en-US\",\"potentialAction\":[{\"@type\":\"ReadAction\",\"target\":[\"https:\/\/shop.hippolyte.fi\/en\/product\/jari-arffman-sarjasta-counterparts-vastinparit-st-pragburg\/\"]}]},{\"@type\":\"ImageObject\",\"inLanguage\":\"en-US\",\"@id\":\"https:\/\/shop.hippolyte.fi\/en\/product\/jari-arffman-sarjasta-counterparts-vastinparit-st-pragburg\/#primaryimage\",\"url\":\"https:\/\/shop.hippolyte.fi\/wp-content\/uploads\/2025\/11\/arffman-jari-sarjasta-counterparts-vastinparit-st-pragburg-3.jpg\",\"contentUrl\":\"https:\/\/shop.hippolyte.fi\/wp-content\/uploads\/2025\/11\/arffman-jari-sarjasta-counterparts-vastinparit-st-pragburg-3.jpg\",\"width\":1146,\"height\":1600},{\"@type\":\"BreadcrumbList\",\"@id\":\"https:\/\/shop.hippolyte.fi\/en\/product\/jari-arffman-sarjasta-counterparts-vastinparit-st-pragburg\/#breadcrumb\",\"itemListElement\":[{\"@type\":\"ListItem\",\"position\":1,\"name\":\"Etusivu\",\"item\":\"https:\/\/shop.hippolyte.fi\/en\/\"},{\"@type\":\"ListItem\",\"position\":2,\"name\":\"Shop\",\"item\":\"https:\/\/shop.hippolyte.fi\/en\/shop\/\"},{\"@type\":\"ListItem\",\"position\":3,\"name\":\"Jari Arffman: Sarjasta Counterparts &#8211; Vastinparit, St. Pragburg\"}]},{\"@type\":\"WebSite\",\"@id\":\"https:\/\/shop.hippolyte.fi\/en\/#website\",\"url\":\"https:\/\/shop.hippolyte.fi\/en\/\",\"name\":\"Online shop for photographic art\",\"description\":\"Verkkokaupassa myyd\u00e4\u00e4n teoksia ja valokuvataidekirjoja. OTOS-tapahtuman aikana my\u00f6s tapahtuman teoksia.\",\"potentialAction\":[{\"@type\":\"SearchAction\",\"target\":{\"@type\":\"EntryPoint\",\"urlTemplate\":\"https:\/\/shop.hippolyte.fi\/en\/?s={search_term_string}\"},\"query-input\":{\"@type\":\"PropertyValueSpecification\",\"valueRequired\":true,\"valueName\":\"search_term_string\"}}],\"inLanguage\":\"en-US\"}]}<\/script>\n<!-- \/ Yoast SEO plugin. -->","yoast_head_json":{"title":"Jari Arffman: Sarjasta Counterparts - Vastinparit, St. Pragburg - Online shop for photographic art","robots":{"index":"index","follow":"follow","max-snippet":"max-snippet:-1","max-image-preview":"max-image-preview:large","max-video-preview":"max-video-preview:-1"},"canonical":"https:\/\/shop.hippolyte.fi\/en\/product\/jari-arffman-sarjasta-counterparts-vastinparit-st-pragburg\/","og_locale":"en_US","og_type":"article","og_title":"Jari Arffman: Sarjasta Counterparts - Vastinparit, St. Pragburg - Online shop for photographic art","og_description":"Night","og_url":"https:\/\/shop.hippolyte.fi\/en\/product\/jari-arffman-sarjasta-counterparts-vastinparit-st-pragburg\/","og_site_name":"Online shop for photographic art","article_modified_time":"2025-11-10T09:51:54+00:00","og_image":[{"width":1146,"height":1600,"url":"https:\/\/shop.hippolyte.fi\/wp-content\/uploads\/2025\/11\/arffman-jari-sarjasta-counterparts-vastinparit-st-pragburg-3.jpg","type":"image\/jpeg"}],"twitter_card":"summary_large_image","schema":{"@context":"https:\/\/schema.org","@graph":[{"@type":"WebPage","@id":"https:\/\/shop.hippolyte.fi\/en\/product\/jari-arffman-sarjasta-counterparts-vastinparit-st-pragburg\/","url":"https:\/\/shop.hippolyte.fi\/en\/product\/jari-arffman-sarjasta-counterparts-vastinparit-st-pragburg\/","name":"Jari Arffman: Sarjasta Counterparts - Vastinparit, St. Pragburg - Online shop for photographic art","isPartOf":{"@id":"https:\/\/shop.hippolyte.fi\/en\/#website"},"primaryImageOfPage":{"@id":"https:\/\/shop.hippolyte.fi\/en\/product\/jari-arffman-sarjasta-counterparts-vastinparit-st-pragburg\/#primaryimage"},"image":{"@id":"https:\/\/shop.hippolyte.fi\/en\/product\/jari-arffman-sarjasta-counterparts-vastinparit-st-pragburg\/#primaryimage"},"thumbnailUrl":"https:\/\/shop.hippolyte.fi\/wp-content\/uploads\/2025\/11\/arffman-jari-sarjasta-counterparts-vastinparit-st-pragburg-3.jpg","datePublished":"2025-11-05T16:15:13+00:00","dateModified":"2025-11-10T09:51:54+00:00","breadcrumb":{"@id":"https:\/\/shop.hippolyte.fi\/en\/product\/jari-arffman-sarjasta-counterparts-vastinparit-st-pragburg\/#breadcrumb"},"inLanguage":"en-US","potentialAction":[{"@type":"ReadAction","target":["https:\/\/shop.hippolyte.fi\/en\/product\/jari-arffman-sarjasta-counterparts-vastinparit-st-pragburg\/"]}]},{"@type":"ImageObject","inLanguage":"en-US","@id":"https:\/\/shop.hippolyte.fi\/en\/product\/jari-arffman-sarjasta-counterparts-vastinparit-st-pragburg\/#primaryimage","url":"https:\/\/shop.hippolyte.fi\/wp-content\/uploads\/2025\/11\/arffman-jari-sarjasta-counterparts-vastinparit-st-pragburg-3.jpg","contentUrl":"https:\/\/shop.hippolyte.fi\/wp-content\/uploads\/2025\/11\/arffman-jari-sarjasta-counterparts-vastinparit-st-pragburg-3.jpg","width":1146,"height":1600},{"@type":"BreadcrumbList","@id":"https:\/\/shop.hippolyte.fi\/en\/product\/jari-arffman-sarjasta-counterparts-vastinparit-st-pragburg\/#breadcrumb","itemListElement":[{"@type":"ListItem","position":1,"name":"Etusivu","item":"https:\/\/shop.hippolyte.fi\/en\/"},{"@type":"ListItem","position":2,"name":"Shop","item":"https:\/\/shop.hippolyte.fi\/en\/shop\/"},{"@type":"ListItem","position":3,"name":"Jari Arffman: Sarjasta Counterparts &#8211; Vastinparit, St. Pragburg"}]},{"@type":"WebSite","@id":"https:\/\/shop.hippolyte.fi\/en\/#website","url":"https:\/\/shop.hippolyte.fi\/en\/","name":"Online shop for photographic art","description":"Verkkokaupassa myyd\u00e4\u00e4n teoksia ja valokuvataidekirjoja. OTOS-tapahtuman aikana my\u00f6s tapahtuman teoksia.","potentialAction":[{"@type":"SearchAction","target":{"@type":"EntryPoint","urlTemplate":"https:\/\/shop.hippolyte.fi\/en\/?s={search_term_string}"},"query-input":{"@type":"PropertyValueSpecification","valueRequired":true,"valueName":"search_term_string"}}],"inLanguage":"en-US"}]}},"_links":{"self":[{"href":"https:\/\/shop.hippolyte.fi\/en\/wp-json\/wp\/v2\/product\/5681","targetHints":{"allow":["GET"]}}],"collection":[{"href":"https:\/\/shop.hippolyte.fi\/en\/wp-json\/wp\/v2\/product"}],"about":[{"href":"https:\/\/shop.hippolyte.fi\/en\/wp-json\/wp\/v2\/types\/product"}],"wp:featuredmedia":[{"embeddable":true,"href":"https:\/\/shop.hippolyte.fi\/en\/wp-json\/wp\/v2\/media\/5105"}],"wp:attachment":[{"href":"https:\/\/shop.hippolyte.fi\/en\/wp-json\/wp\/v2\/media?parent=5681"}],"wp:term":[{"taxonomy":"product_brand","embeddable":true,"href":"https:\/\/shop.hippolyte.fi\/en\/wp-json\/wp\/v2\/product_brand?post=5681"},{"taxonomy":"product_cat","embeddable":true,"href":"https:\/\/shop.hippolyte.fi\/en\/wp-json\/wp\/v2\/product_cat?post=5681"},{"taxonomy":"product_tag","embeddable":true,"href":"https:\/\/shop.hippolyte.fi\/en\/wp-json\/wp\/v2\/product_tag?post=5681"},{"taxonomy":"artists","embeddable":true,"href":"https:\/\/shop.hippolyte.fi\/en\/wp-json\/wp\/v2\/artists?post=5681"},{"taxonomy":"location","embeddable":true,"href":"https:\/\/shop.hippolyte.fi\/en\/wp-json\/wp\/v2\/location?post=5681"},{"taxonomy":"publisher","embeddable":true,"href":"https:\/\/shop.hippolyte.fi\/en\/wp-json\/wp\/v2\/publisher?post=5681"},{"taxonomy":"years","embeddable":true,"href":"https:\/\/shop.hippolyte.fi\/en\/wp-json\/wp\/v2\/years?post=5681"}],"curies":[{"name":"wp","href":"https:\/\/api.w.org\/{rel}","templated":true}]}}