{"id":5685,"date":"2025-11-05T18:15:31","date_gmt":"2025-11-05T16:15:31","guid":{"rendered":"https:\/\/shop.hippolyte.fi\/?post_type=product&#038;p=5685"},"modified":"2025-11-10T11:51:52","modified_gmt":"2025-11-10T09:51:52","slug":"anni-hanen-kukat-ovat-niin-pienet-etta-on-vaikea-mieltaa-sita-suuri-kukkaisen-sukulaiseksi","status":"publish","type":"product","link":"https:\/\/shop.hippolyte.fi\/en\/product\/anni-hanen-kukat-ovat-niin-pienet-etta-on-vaikea-mieltaa-sita-suuri-kukkaisen-sukulaiseksi\/","title":{"rendered":"Anni Han\u00e9n: Kukat ovat niin pienet, ett\u00e4 on vaikea mielt\u00e4\u00e4 sit\u00e4 suuri kukkaisen sukulaiseksi"},"content":{"rendered":"<p>Anni Han\u00e9n\u2019s series Sis\u00e4lt\u00e4\u00e4 ajatuksia hetkellisyydest\u00e4 (Contains Thoughts on Transience) highlights the dialogue between plants and photographic art. Each work is a unique collage, combining a pigment print with experimental cyanotype. Han\u00e9n explores the relationship between nature and humans, as well as the passage of time. Transience is layered into the works through photographs, techniques, and materials, leaving traces of different eras. The cyanotype photograms are hand-printed, and change and variation form the core of the series, emphasising the uniqueness of each plant.<\/p>\n","protected":false},"excerpt":{"rendered":"<p>Anni Han\u00e9n\u2019s series Sis\u00e4lt\u00e4\u00e4 ajatuksia hetkellisyydest\u00e4 (Contains Thoughts on Transience) highlights the dialogue between plants and photographic art. Each work is a unique collage, combining a pigment print with experimental cyanotype. Han\u00e9n explores the relationship between nature and humans, as well as the passage of time. Transience is layered into the works through photographs, techniques, [&hellip;]<\/p>\n","protected":false},"featured_media":5117,"template":"","meta":{"_acf_changed":false},"product_brand":[],"product_cat":[556],"product_tag":[570],"artists":[545],"location":[],"publisher":[],"years":[],"class_list":{"0":"post-5685","1":"product","2":"type-product","3":"status-publish","4":"has-post-thumbnail","6":"product_cat-printshop","7":"product_tag-lahjoitus","8":"artists-anni-hanen","10":"first","11":"instock","12":"sold-individually","13":"taxable","14":"shipping-taxable","15":"purchasable","16":"product-type-simple"},"acf":[],"yoast_head":"<!-- This site is optimized with the Yoast SEO plugin v26.0 - https:\/\/yoast.com\/wordpress\/plugins\/seo\/ -->\n<title>Anni Han\u00e9n: Kukat ovat niin pienet, ett\u00e4 on vaikea mielt\u00e4\u00e4 sit\u00e4 suuri kukkaisen sukulaiseksi - Online shop for photographic art<\/title>\n<meta name=\"robots\" content=\"index, follow, max-snippet:-1, max-image-preview:large, max-video-preview:-1\" \/>\n<link rel=\"canonical\" href=\"https:\/\/shop.hippolyte.fi\/en\/product\/anni-hanen-kukat-ovat-niin-pienet-etta-on-vaikea-mieltaa-sita-suuri-kukkaisen-sukulaiseksi\/\" \/>\n<meta property=\"og:locale\" content=\"en_US\" \/>\n<meta property=\"og:type\" content=\"article\" \/>\n<meta property=\"og:title\" content=\"Anni Han\u00e9n: Kukat ovat niin pienet, ett\u00e4 on vaikea mielt\u00e4\u00e4 sit\u00e4 suuri kukkaisen sukulaiseksi - Online shop for photographic art\" \/>\n<meta property=\"og:description\" content=\"Anni Han\u00e9n\u2019s series Sis\u00e4lt\u00e4\u00e4 ajatuksia hetkellisyydest\u00e4 (Contains Thoughts on Transience) highlights the dialogue between plants and photographic art. Each work is a unique collage, combining a pigment print with experimental cyanotype. Han\u00e9n explores the relationship between nature and humans, as well as the passage of time. Transience is layered into the works through photographs, techniques, [&hellip;]\" \/>\n<meta property=\"og:url\" content=\"https:\/\/shop.hippolyte.fi\/en\/product\/anni-hanen-kukat-ovat-niin-pienet-etta-on-vaikea-mieltaa-sita-suuri-kukkaisen-sukulaiseksi\/\" \/>\n<meta property=\"og:site_name\" content=\"Online shop for photographic art\" \/>\n<meta property=\"article:modified_time\" content=\"2025-11-10T09:51:52+00:00\" \/>\n<meta property=\"og:image\" content=\"https:\/\/shop.hippolyte.fi\/wp-content\/uploads\/2025\/11\/hanen-anni-kukat-ovat-niin-pienet-etta-on-vaikea-mieltaa-sita-suuri-kukkaisen-sukulaiseksi.jpg\" \/>\n\t<meta property=\"og:image:width\" content=\"1053\" \/>\n\t<meta property=\"og:image:height\" content=\"1600\" \/>\n\t<meta property=\"og:image:type\" content=\"image\/jpeg\" \/>\n<meta name=\"twitter:card\" content=\"summary_large_image\" \/>\n<script type=\"application\/ld+json\" class=\"yoast-schema-graph\">{\"@context\":\"https:\/\/schema.org\",\"@graph\":[{\"@type\":\"WebPage\",\"@id\":\"https:\/\/shop.hippolyte.fi\/en\/product\/anni-hanen-kukat-ovat-niin-pienet-etta-on-vaikea-mieltaa-sita-suuri-kukkaisen-sukulaiseksi\/\",\"url\":\"https:\/\/shop.hippolyte.fi\/en\/product\/anni-hanen-kukat-ovat-niin-pienet-etta-on-vaikea-mieltaa-sita-suuri-kukkaisen-sukulaiseksi\/\",\"name\":\"Anni Han\u00e9n: Kukat ovat niin pienet, ett\u00e4 on vaikea mielt\u00e4\u00e4 sit\u00e4 suuri kukkaisen sukulaiseksi - Online shop for photographic art\",\"isPartOf\":{\"@id\":\"https:\/\/shop.hippolyte.fi\/en\/#website\"},\"primaryImageOfPage\":{\"@id\":\"https:\/\/shop.hippolyte.fi\/en\/product\/anni-hanen-kukat-ovat-niin-pienet-etta-on-vaikea-mieltaa-sita-suuri-kukkaisen-sukulaiseksi\/#primaryimage\"},\"image\":{\"@id\":\"https:\/\/shop.hippolyte.fi\/en\/product\/anni-hanen-kukat-ovat-niin-pienet-etta-on-vaikea-mieltaa-sita-suuri-kukkaisen-sukulaiseksi\/#primaryimage\"},\"thumbnailUrl\":\"https:\/\/shop.hippolyte.fi\/wp-content\/uploads\/2025\/11\/hanen-anni-kukat-ovat-niin-pienet-etta-on-vaikea-mieltaa-sita-suuri-kukkaisen-sukulaiseksi.jpg\",\"datePublished\":\"2025-11-05T16:15:31+00:00\",\"dateModified\":\"2025-11-10T09:51:52+00:00\",\"breadcrumb\":{\"@id\":\"https:\/\/shop.hippolyte.fi\/en\/product\/anni-hanen-kukat-ovat-niin-pienet-etta-on-vaikea-mieltaa-sita-suuri-kukkaisen-sukulaiseksi\/#breadcrumb\"},\"inLanguage\":\"en-US\",\"potentialAction\":[{\"@type\":\"ReadAction\",\"target\":[\"https:\/\/shop.hippolyte.fi\/en\/product\/anni-hanen-kukat-ovat-niin-pienet-etta-on-vaikea-mieltaa-sita-suuri-kukkaisen-sukulaiseksi\/\"]}]},{\"@type\":\"ImageObject\",\"inLanguage\":\"en-US\",\"@id\":\"https:\/\/shop.hippolyte.fi\/en\/product\/anni-hanen-kukat-ovat-niin-pienet-etta-on-vaikea-mieltaa-sita-suuri-kukkaisen-sukulaiseksi\/#primaryimage\",\"url\":\"https:\/\/shop.hippolyte.fi\/wp-content\/uploads\/2025\/11\/hanen-anni-kukat-ovat-niin-pienet-etta-on-vaikea-mieltaa-sita-suuri-kukkaisen-sukulaiseksi.jpg\",\"contentUrl\":\"https:\/\/shop.hippolyte.fi\/wp-content\/uploads\/2025\/11\/hanen-anni-kukat-ovat-niin-pienet-etta-on-vaikea-mieltaa-sita-suuri-kukkaisen-sukulaiseksi.jpg\",\"width\":1053,\"height\":1600},{\"@type\":\"BreadcrumbList\",\"@id\":\"https:\/\/shop.hippolyte.fi\/en\/product\/anni-hanen-kukat-ovat-niin-pienet-etta-on-vaikea-mieltaa-sita-suuri-kukkaisen-sukulaiseksi\/#breadcrumb\",\"itemListElement\":[{\"@type\":\"ListItem\",\"position\":1,\"name\":\"Etusivu\",\"item\":\"https:\/\/shop.hippolyte.fi\/en\/\"},{\"@type\":\"ListItem\",\"position\":2,\"name\":\"Shop\",\"item\":\"https:\/\/shop.hippolyte.fi\/en\/shop\/\"},{\"@type\":\"ListItem\",\"position\":3,\"name\":\"Anni Han\u00e9n: Kukat ovat niin pienet, ett\u00e4 on vaikea mielt\u00e4\u00e4 sit\u00e4 suuri kukkaisen sukulaiseksi\"}]},{\"@type\":\"WebSite\",\"@id\":\"https:\/\/shop.hippolyte.fi\/en\/#website\",\"url\":\"https:\/\/shop.hippolyte.fi\/en\/\",\"name\":\"Online shop for photographic art\",\"description\":\"Verkkokaupassa myyd\u00e4\u00e4n teoksia ja valokuvataidekirjoja. OTOS-tapahtuman aikana my\u00f6s tapahtuman teoksia.\",\"potentialAction\":[{\"@type\":\"SearchAction\",\"target\":{\"@type\":\"EntryPoint\",\"urlTemplate\":\"https:\/\/shop.hippolyte.fi\/en\/?s={search_term_string}\"},\"query-input\":{\"@type\":\"PropertyValueSpecification\",\"valueRequired\":true,\"valueName\":\"search_term_string\"}}],\"inLanguage\":\"en-US\"}]}<\/script>\n<!-- \/ Yoast SEO plugin. -->","yoast_head_json":{"title":"Anni Han\u00e9n: Kukat ovat niin pienet, ett\u00e4 on vaikea mielt\u00e4\u00e4 sit\u00e4 suuri kukkaisen sukulaiseksi - Online shop for photographic art","robots":{"index":"index","follow":"follow","max-snippet":"max-snippet:-1","max-image-preview":"max-image-preview:large","max-video-preview":"max-video-preview:-1"},"canonical":"https:\/\/shop.hippolyte.fi\/en\/product\/anni-hanen-kukat-ovat-niin-pienet-etta-on-vaikea-mieltaa-sita-suuri-kukkaisen-sukulaiseksi\/","og_locale":"en_US","og_type":"article","og_title":"Anni Han\u00e9n: Kukat ovat niin pienet, ett\u00e4 on vaikea mielt\u00e4\u00e4 sit\u00e4 suuri kukkaisen sukulaiseksi - Online shop for photographic art","og_description":"Anni Han\u00e9n\u2019s series Sis\u00e4lt\u00e4\u00e4 ajatuksia hetkellisyydest\u00e4 (Contains Thoughts on Transience) highlights the dialogue between plants and photographic art. Each work is a unique collage, combining a pigment print with experimental cyanotype. Han\u00e9n explores the relationship between nature and humans, as well as the passage of time. Transience is layered into the works through photographs, techniques, [&hellip;]","og_url":"https:\/\/shop.hippolyte.fi\/en\/product\/anni-hanen-kukat-ovat-niin-pienet-etta-on-vaikea-mieltaa-sita-suuri-kukkaisen-sukulaiseksi\/","og_site_name":"Online shop for photographic art","article_modified_time":"2025-11-10T09:51:52+00:00","og_image":[{"width":1053,"height":1600,"url":"https:\/\/shop.hippolyte.fi\/wp-content\/uploads\/2025\/11\/hanen-anni-kukat-ovat-niin-pienet-etta-on-vaikea-mieltaa-sita-suuri-kukkaisen-sukulaiseksi.jpg","type":"image\/jpeg"}],"twitter_card":"summary_large_image","schema":{"@context":"https:\/\/schema.org","@graph":[{"@type":"WebPage","@id":"https:\/\/shop.hippolyte.fi\/en\/product\/anni-hanen-kukat-ovat-niin-pienet-etta-on-vaikea-mieltaa-sita-suuri-kukkaisen-sukulaiseksi\/","url":"https:\/\/shop.hippolyte.fi\/en\/product\/anni-hanen-kukat-ovat-niin-pienet-etta-on-vaikea-mieltaa-sita-suuri-kukkaisen-sukulaiseksi\/","name":"Anni Han\u00e9n: Kukat ovat niin pienet, ett\u00e4 on vaikea mielt\u00e4\u00e4 sit\u00e4 suuri kukkaisen sukulaiseksi - Online shop for photographic art","isPartOf":{"@id":"https:\/\/shop.hippolyte.fi\/en\/#website"},"primaryImageOfPage":{"@id":"https:\/\/shop.hippolyte.fi\/en\/product\/anni-hanen-kukat-ovat-niin-pienet-etta-on-vaikea-mieltaa-sita-suuri-kukkaisen-sukulaiseksi\/#primaryimage"},"image":{"@id":"https:\/\/shop.hippolyte.fi\/en\/product\/anni-hanen-kukat-ovat-niin-pienet-etta-on-vaikea-mieltaa-sita-suuri-kukkaisen-sukulaiseksi\/#primaryimage"},"thumbnailUrl":"https:\/\/shop.hippolyte.fi\/wp-content\/uploads\/2025\/11\/hanen-anni-kukat-ovat-niin-pienet-etta-on-vaikea-mieltaa-sita-suuri-kukkaisen-sukulaiseksi.jpg","datePublished":"2025-11-05T16:15:31+00:00","dateModified":"2025-11-10T09:51:52+00:00","breadcrumb":{"@id":"https:\/\/shop.hippolyte.fi\/en\/product\/anni-hanen-kukat-ovat-niin-pienet-etta-on-vaikea-mieltaa-sita-suuri-kukkaisen-sukulaiseksi\/#breadcrumb"},"inLanguage":"en-US","potentialAction":[{"@type":"ReadAction","target":["https:\/\/shop.hippolyte.fi\/en\/product\/anni-hanen-kukat-ovat-niin-pienet-etta-on-vaikea-mieltaa-sita-suuri-kukkaisen-sukulaiseksi\/"]}]},{"@type":"ImageObject","inLanguage":"en-US","@id":"https:\/\/shop.hippolyte.fi\/en\/product\/anni-hanen-kukat-ovat-niin-pienet-etta-on-vaikea-mieltaa-sita-suuri-kukkaisen-sukulaiseksi\/#primaryimage","url":"https:\/\/shop.hippolyte.fi\/wp-content\/uploads\/2025\/11\/hanen-anni-kukat-ovat-niin-pienet-etta-on-vaikea-mieltaa-sita-suuri-kukkaisen-sukulaiseksi.jpg","contentUrl":"https:\/\/shop.hippolyte.fi\/wp-content\/uploads\/2025\/11\/hanen-anni-kukat-ovat-niin-pienet-etta-on-vaikea-mieltaa-sita-suuri-kukkaisen-sukulaiseksi.jpg","width":1053,"height":1600},{"@type":"BreadcrumbList","@id":"https:\/\/shop.hippolyte.fi\/en\/product\/anni-hanen-kukat-ovat-niin-pienet-etta-on-vaikea-mieltaa-sita-suuri-kukkaisen-sukulaiseksi\/#breadcrumb","itemListElement":[{"@type":"ListItem","position":1,"name":"Etusivu","item":"https:\/\/shop.hippolyte.fi\/en\/"},{"@type":"ListItem","position":2,"name":"Shop","item":"https:\/\/shop.hippolyte.fi\/en\/shop\/"},{"@type":"ListItem","position":3,"name":"Anni Han\u00e9n: Kukat ovat niin pienet, ett\u00e4 on vaikea mielt\u00e4\u00e4 sit\u00e4 suuri kukkaisen sukulaiseksi"}]},{"@type":"WebSite","@id":"https:\/\/shop.hippolyte.fi\/en\/#website","url":"https:\/\/shop.hippolyte.fi\/en\/","name":"Online shop for photographic art","description":"Verkkokaupassa myyd\u00e4\u00e4n teoksia ja valokuvataidekirjoja. OTOS-tapahtuman aikana my\u00f6s tapahtuman teoksia.","potentialAction":[{"@type":"SearchAction","target":{"@type":"EntryPoint","urlTemplate":"https:\/\/shop.hippolyte.fi\/en\/?s={search_term_string}"},"query-input":{"@type":"PropertyValueSpecification","valueRequired":true,"valueName":"search_term_string"}}],"inLanguage":"en-US"}]}},"_links":{"self":[{"href":"https:\/\/shop.hippolyte.fi\/en\/wp-json\/wp\/v2\/product\/5685","targetHints":{"allow":["GET"]}}],"collection":[{"href":"https:\/\/shop.hippolyte.fi\/en\/wp-json\/wp\/v2\/product"}],"about":[{"href":"https:\/\/shop.hippolyte.fi\/en\/wp-json\/wp\/v2\/types\/product"}],"wp:featuredmedia":[{"embeddable":true,"href":"https:\/\/shop.hippolyte.fi\/en\/wp-json\/wp\/v2\/media\/5117"}],"wp:attachment":[{"href":"https:\/\/shop.hippolyte.fi\/en\/wp-json\/wp\/v2\/media?parent=5685"}],"wp:term":[{"taxonomy":"product_brand","embeddable":true,"href":"https:\/\/shop.hippolyte.fi\/en\/wp-json\/wp\/v2\/product_brand?post=5685"},{"taxonomy":"product_cat","embeddable":true,"href":"https:\/\/shop.hippolyte.fi\/en\/wp-json\/wp\/v2\/product_cat?post=5685"},{"taxonomy":"product_tag","embeddable":true,"href":"https:\/\/shop.hippolyte.fi\/en\/wp-json\/wp\/v2\/product_tag?post=5685"},{"taxonomy":"artists","embeddable":true,"href":"https:\/\/shop.hippolyte.fi\/en\/wp-json\/wp\/v2\/artists?post=5685"},{"taxonomy":"location","embeddable":true,"href":"https:\/\/shop.hippolyte.fi\/en\/wp-json\/wp\/v2\/location?post=5685"},{"taxonomy":"publisher","embeddable":true,"href":"https:\/\/shop.hippolyte.fi\/en\/wp-json\/wp\/v2\/publisher?post=5685"},{"taxonomy":"years","embeddable":true,"href":"https:\/\/shop.hippolyte.fi\/en\/wp-json\/wp\/v2\/years?post=5685"}],"curies":[{"name":"wp","href":"https:\/\/api.w.org\/{rel}","templated":true}]}}