{"id":5747,"date":"2025-11-05T18:16:23","date_gmt":"2025-11-05T16:16:23","guid":{"rendered":"https:\/\/shop.hippolyte.fi\/?post_type=product&#038;p=5747"},"modified":"2025-11-10T11:51:45","modified_gmt":"2025-11-10T09:51:45","slug":"verna-kovanen-beach-diary-iii","status":"publish","type":"product","link":"https:\/\/shop.hippolyte.fi\/en\/product\/verna-kovanen-beach-diary-iii\/","title":{"rendered":"Verna Kovanen: Beach Diary III"},"content":{"rendered":"<p>The photographs in the Beach Diary series are like diary entries from the shore. The gaze is fixed on studying the shapes of sand, while the mind slips into holiday mode. The work is part of the Broken Holiday Album series, in which memories and experiences from travel intertwine into one. Photographer Verna Kovanen takes us on a beach holiday, encountering the shores of childhood memories through an adult perspective. The series guides the viewer along the coasts and resorts of the Mediterranean. At times, one is immersed in thought, gazing at the horizon; at other moments, attention is drawn to the walls of an unfinished hotel, weathered by time.<\/p>\n","protected":false},"excerpt":{"rendered":"<p>The photographs in the Beach Diary series are like diary entries from the shore. The gaze is fixed on studying the shapes of sand, while the mind slips into holiday mode. The work is part of the Broken Holiday Album series, in which memories and experiences from travel intertwine into one. Photographer Verna Kovanen takes [&hellip;]<\/p>\n","protected":false},"featured_media":5177,"template":"","meta":{"_acf_changed":false},"product_brand":[],"product_cat":[556],"product_tag":[570],"artists":[549],"location":[],"publisher":[],"years":[],"class_list":{"0":"post-5747","1":"product","2":"type-product","3":"status-publish","4":"has-post-thumbnail","6":"product_cat-printshop","7":"product_tag-lahjoitus","8":"artists-verna-kovanen","10":"first","11":"instock","12":"sold-individually","13":"taxable","14":"shipping-taxable","15":"purchasable","16":"product-type-simple"},"acf":[],"yoast_head":"<!-- This site is optimized with the Yoast SEO plugin v26.0 - https:\/\/yoast.com\/wordpress\/plugins\/seo\/ -->\n<title>Verna Kovanen: Beach Diary III - Online shop for photographic art<\/title>\n<meta name=\"robots\" content=\"index, follow, max-snippet:-1, max-image-preview:large, max-video-preview:-1\" \/>\n<link rel=\"canonical\" href=\"https:\/\/shop.hippolyte.fi\/en\/product\/verna-kovanen-beach-diary-iii\/\" \/>\n<meta property=\"og:locale\" content=\"en_US\" \/>\n<meta property=\"og:type\" content=\"article\" \/>\n<meta property=\"og:title\" content=\"Verna Kovanen: Beach Diary III - Online shop for photographic art\" \/>\n<meta property=\"og:description\" content=\"The photographs in the Beach Diary series are like diary entries from the shore. The gaze is fixed on studying the shapes of sand, while the mind slips into holiday mode. The work is part of the Broken Holiday Album series, in which memories and experiences from travel intertwine into one. Photographer Verna Kovanen takes [&hellip;]\" \/>\n<meta property=\"og:url\" content=\"https:\/\/shop.hippolyte.fi\/en\/product\/verna-kovanen-beach-diary-iii\/\" \/>\n<meta property=\"og:site_name\" content=\"Online shop for photographic art\" \/>\n<meta property=\"article:modified_time\" content=\"2025-11-10T09:51:45+00:00\" \/>\n<meta property=\"og:image\" content=\"https:\/\/shop.hippolyte.fi\/wp-content\/uploads\/2025\/11\/kovanen-verna-beach-diary-iii.jpg\" \/>\n\t<meta property=\"og:image:width\" content=\"1600\" \/>\n\t<meta property=\"og:image:height\" content=\"1066\" \/>\n\t<meta property=\"og:image:type\" content=\"image\/jpeg\" \/>\n<meta name=\"twitter:card\" content=\"summary_large_image\" \/>\n<meta name=\"twitter:label1\" content=\"Est. reading time\" \/>\n\t<meta name=\"twitter:data1\" content=\"1 minute\" \/>\n<script type=\"application\/ld+json\" class=\"yoast-schema-graph\">{\"@context\":\"https:\/\/schema.org\",\"@graph\":[{\"@type\":\"WebPage\",\"@id\":\"https:\/\/shop.hippolyte.fi\/en\/product\/verna-kovanen-beach-diary-iii\/\",\"url\":\"https:\/\/shop.hippolyte.fi\/en\/product\/verna-kovanen-beach-diary-iii\/\",\"name\":\"Verna Kovanen: Beach Diary III - Online shop for photographic art\",\"isPartOf\":{\"@id\":\"https:\/\/shop.hippolyte.fi\/en\/#website\"},\"primaryImageOfPage\":{\"@id\":\"https:\/\/shop.hippolyte.fi\/en\/product\/verna-kovanen-beach-diary-iii\/#primaryimage\"},\"image\":{\"@id\":\"https:\/\/shop.hippolyte.fi\/en\/product\/verna-kovanen-beach-diary-iii\/#primaryimage\"},\"thumbnailUrl\":\"https:\/\/shop.hippolyte.fi\/wp-content\/uploads\/2025\/11\/kovanen-verna-beach-diary-iii.jpg\",\"datePublished\":\"2025-11-05T16:16:23+00:00\",\"dateModified\":\"2025-11-10T09:51:45+00:00\",\"breadcrumb\":{\"@id\":\"https:\/\/shop.hippolyte.fi\/en\/product\/verna-kovanen-beach-diary-iii\/#breadcrumb\"},\"inLanguage\":\"en-US\",\"potentialAction\":[{\"@type\":\"ReadAction\",\"target\":[\"https:\/\/shop.hippolyte.fi\/en\/product\/verna-kovanen-beach-diary-iii\/\"]}]},{\"@type\":\"ImageObject\",\"inLanguage\":\"en-US\",\"@id\":\"https:\/\/shop.hippolyte.fi\/en\/product\/verna-kovanen-beach-diary-iii\/#primaryimage\",\"url\":\"https:\/\/shop.hippolyte.fi\/wp-content\/uploads\/2025\/11\/kovanen-verna-beach-diary-iii.jpg\",\"contentUrl\":\"https:\/\/shop.hippolyte.fi\/wp-content\/uploads\/2025\/11\/kovanen-verna-beach-diary-iii.jpg\",\"width\":1600,\"height\":1066},{\"@type\":\"BreadcrumbList\",\"@id\":\"https:\/\/shop.hippolyte.fi\/en\/product\/verna-kovanen-beach-diary-iii\/#breadcrumb\",\"itemListElement\":[{\"@type\":\"ListItem\",\"position\":1,\"name\":\"Etusivu\",\"item\":\"https:\/\/shop.hippolyte.fi\/en\/\"},{\"@type\":\"ListItem\",\"position\":2,\"name\":\"Shop\",\"item\":\"https:\/\/shop.hippolyte.fi\/en\/shop\/\"},{\"@type\":\"ListItem\",\"position\":3,\"name\":\"Verna Kovanen: Beach Diary III\"}]},{\"@type\":\"WebSite\",\"@id\":\"https:\/\/shop.hippolyte.fi\/en\/#website\",\"url\":\"https:\/\/shop.hippolyte.fi\/en\/\",\"name\":\"Online shop for photographic art\",\"description\":\"Verkkokaupassa myyd\u00e4\u00e4n teoksia ja valokuvataidekirjoja. OTOS-tapahtuman aikana my\u00f6s tapahtuman teoksia.\",\"potentialAction\":[{\"@type\":\"SearchAction\",\"target\":{\"@type\":\"EntryPoint\",\"urlTemplate\":\"https:\/\/shop.hippolyte.fi\/en\/?s={search_term_string}\"},\"query-input\":{\"@type\":\"PropertyValueSpecification\",\"valueRequired\":true,\"valueName\":\"search_term_string\"}}],\"inLanguage\":\"en-US\"}]}<\/script>\n<!-- \/ Yoast SEO plugin. -->","yoast_head_json":{"title":"Verna Kovanen: Beach Diary III - Online shop for photographic art","robots":{"index":"index","follow":"follow","max-snippet":"max-snippet:-1","max-image-preview":"max-image-preview:large","max-video-preview":"max-video-preview:-1"},"canonical":"https:\/\/shop.hippolyte.fi\/en\/product\/verna-kovanen-beach-diary-iii\/","og_locale":"en_US","og_type":"article","og_title":"Verna Kovanen: Beach Diary III - Online shop for photographic art","og_description":"The photographs in the Beach Diary series are like diary entries from the shore. The gaze is fixed on studying the shapes of sand, while the mind slips into holiday mode. The work is part of the Broken Holiday Album series, in which memories and experiences from travel intertwine into one. Photographer Verna Kovanen takes [&hellip;]","og_url":"https:\/\/shop.hippolyte.fi\/en\/product\/verna-kovanen-beach-diary-iii\/","og_site_name":"Online shop for photographic art","article_modified_time":"2025-11-10T09:51:45+00:00","og_image":[{"width":1600,"height":1066,"url":"https:\/\/shop.hippolyte.fi\/wp-content\/uploads\/2025\/11\/kovanen-verna-beach-diary-iii.jpg","type":"image\/jpeg"}],"twitter_card":"summary_large_image","twitter_misc":{"Est. reading time":"1 minute"},"schema":{"@context":"https:\/\/schema.org","@graph":[{"@type":"WebPage","@id":"https:\/\/shop.hippolyte.fi\/en\/product\/verna-kovanen-beach-diary-iii\/","url":"https:\/\/shop.hippolyte.fi\/en\/product\/verna-kovanen-beach-diary-iii\/","name":"Verna Kovanen: Beach Diary III - Online shop for photographic art","isPartOf":{"@id":"https:\/\/shop.hippolyte.fi\/en\/#website"},"primaryImageOfPage":{"@id":"https:\/\/shop.hippolyte.fi\/en\/product\/verna-kovanen-beach-diary-iii\/#primaryimage"},"image":{"@id":"https:\/\/shop.hippolyte.fi\/en\/product\/verna-kovanen-beach-diary-iii\/#primaryimage"},"thumbnailUrl":"https:\/\/shop.hippolyte.fi\/wp-content\/uploads\/2025\/11\/kovanen-verna-beach-diary-iii.jpg","datePublished":"2025-11-05T16:16:23+00:00","dateModified":"2025-11-10T09:51:45+00:00","breadcrumb":{"@id":"https:\/\/shop.hippolyte.fi\/en\/product\/verna-kovanen-beach-diary-iii\/#breadcrumb"},"inLanguage":"en-US","potentialAction":[{"@type":"ReadAction","target":["https:\/\/shop.hippolyte.fi\/en\/product\/verna-kovanen-beach-diary-iii\/"]}]},{"@type":"ImageObject","inLanguage":"en-US","@id":"https:\/\/shop.hippolyte.fi\/en\/product\/verna-kovanen-beach-diary-iii\/#primaryimage","url":"https:\/\/shop.hippolyte.fi\/wp-content\/uploads\/2025\/11\/kovanen-verna-beach-diary-iii.jpg","contentUrl":"https:\/\/shop.hippolyte.fi\/wp-content\/uploads\/2025\/11\/kovanen-verna-beach-diary-iii.jpg","width":1600,"height":1066},{"@type":"BreadcrumbList","@id":"https:\/\/shop.hippolyte.fi\/en\/product\/verna-kovanen-beach-diary-iii\/#breadcrumb","itemListElement":[{"@type":"ListItem","position":1,"name":"Etusivu","item":"https:\/\/shop.hippolyte.fi\/en\/"},{"@type":"ListItem","position":2,"name":"Shop","item":"https:\/\/shop.hippolyte.fi\/en\/shop\/"},{"@type":"ListItem","position":3,"name":"Verna Kovanen: Beach Diary III"}]},{"@type":"WebSite","@id":"https:\/\/shop.hippolyte.fi\/en\/#website","url":"https:\/\/shop.hippolyte.fi\/en\/","name":"Online shop for photographic art","description":"Verkkokaupassa myyd\u00e4\u00e4n teoksia ja valokuvataidekirjoja. OTOS-tapahtuman aikana my\u00f6s tapahtuman teoksia.","potentialAction":[{"@type":"SearchAction","target":{"@type":"EntryPoint","urlTemplate":"https:\/\/shop.hippolyte.fi\/en\/?s={search_term_string}"},"query-input":{"@type":"PropertyValueSpecification","valueRequired":true,"valueName":"search_term_string"}}],"inLanguage":"en-US"}]}},"_links":{"self":[{"href":"https:\/\/shop.hippolyte.fi\/en\/wp-json\/wp\/v2\/product\/5747","targetHints":{"allow":["GET"]}}],"collection":[{"href":"https:\/\/shop.hippolyte.fi\/en\/wp-json\/wp\/v2\/product"}],"about":[{"href":"https:\/\/shop.hippolyte.fi\/en\/wp-json\/wp\/v2\/types\/product"}],"wp:featuredmedia":[{"embeddable":true,"href":"https:\/\/shop.hippolyte.fi\/en\/wp-json\/wp\/v2\/media\/5177"}],"wp:attachment":[{"href":"https:\/\/shop.hippolyte.fi\/en\/wp-json\/wp\/v2\/media?parent=5747"}],"wp:term":[{"taxonomy":"product_brand","embeddable":true,"href":"https:\/\/shop.hippolyte.fi\/en\/wp-json\/wp\/v2\/product_brand?post=5747"},{"taxonomy":"product_cat","embeddable":true,"href":"https:\/\/shop.hippolyte.fi\/en\/wp-json\/wp\/v2\/product_cat?post=5747"},{"taxonomy":"product_tag","embeddable":true,"href":"https:\/\/shop.hippolyte.fi\/en\/wp-json\/wp\/v2\/product_tag?post=5747"},{"taxonomy":"artists","embeddable":true,"href":"https:\/\/shop.hippolyte.fi\/en\/wp-json\/wp\/v2\/artists?post=5747"},{"taxonomy":"location","embeddable":true,"href":"https:\/\/shop.hippolyte.fi\/en\/wp-json\/wp\/v2\/location?post=5747"},{"taxonomy":"publisher","embeddable":true,"href":"https:\/\/shop.hippolyte.fi\/en\/wp-json\/wp\/v2\/publisher?post=5747"},{"taxonomy":"years","embeddable":true,"href":"https:\/\/shop.hippolyte.fi\/en\/wp-json\/wp\/v2\/years?post=5747"}],"curies":[{"name":"wp","href":"https:\/\/api.w.org\/{rel}","templated":true}]}}