{"id":6046,"date":"2026-03-19T08:54:23","date_gmt":"2026-03-19T06:54:23","guid":{"rendered":"https:\/\/shop.hippolyte.fi\/?post_type=product&#038;p=6046"},"modified":"2026-03-20T11:56:08","modified_gmt":"2026-03-20T09:56:08","slug":"ulla-maija-alanen-horizons-of-water-kopio","status":"publish","type":"product","link":"https:\/\/shop.hippolyte.fi\/en\/product\/ulla-maija-alanen-horizons-of-water-kopio\/","title":{"rendered":"Ulla-Maija Alanen: Horizons of Water"},"content":{"rendered":"<p>Architect and photographic artist Ulla-Maija Alanen explores the underwater world, breathing in harmony with the water and the plants it sustains. For over a decade, she has been photographing in Finnish forest lakes, where the growth, bloom and eventual decay of water lilies unfold as powerful visions and quiet reflections. Alanen is joined by associate professor Susanna Pettersson and architect and professor Juhani Pallasmaa to discuss her photographic works.<\/p>\n<p><em>Horizons of Water <\/em>is a Photobook Award 2025 finalist.<\/p>\n<div class=\"video-container\"><iframe loading=\"lazy\" title=\"ALANEN\" src=\"https:\/\/player.vimeo.com\/video\/1174778488?dnt=1&amp;app_id=122963\" width=\"500\" height=\"281\" frameborder=\"0\" allow=\"autoplay; fullscreen; picture-in-picture; clipboard-write; encrypted-media; web-share\" referrerpolicy=\"strict-origin-when-cross-origin\"><\/iframe><\/div>\n","protected":false},"excerpt":{"rendered":"<p>Writers: Ulla-Maija Alanen, Susanna Pettersson, Juhani Pallasmaa<br \/>\nTranslations: Margus Elings, Refiner Translations O\u00dc<br \/>\nPhotography &amp; Drawing: Ulla-Maija Alanen<br \/>\nImage processing: Petri Kuokka, Aarnipaja<br \/>\nGraphic design: Ilona Ilottu, Dog Design<br \/>\nPublisher: Self-published, 2025<br \/>\nPrinting &amp; binding: Jelgavas Tipogr\u0101fija, Latvia<br \/>\nLanguage: Finnish and English<br \/>\nHardcover<br \/>\nPages: 106<br \/>\n27,5 x 22 cm<br \/>\nISBN 978-952-94-9743-0<\/p>\n","protected":false},"featured_media":6037,"template":"","meta":{"_acf_changed":false},"product_brand":[],"product_cat":[45,409,454],"product_tag":[],"artists":[],"location":[],"publisher":[],"years":[],"class_list":{"0":"post-6046","1":"product","2":"type-product","3":"status-publish","4":"has-post-thumbnail","6":"product_cat-bookshop","7":"product_cat-artist-books","8":"product_cat-photobook-awards","10":"first","11":"instock","12":"purchasable","13":"product-type-simple"},"acf":[],"yoast_head":"<!-- This site is optimized with the Yoast SEO plugin v26.0 - https:\/\/yoast.com\/wordpress\/plugins\/seo\/ -->\n<title>Ulla-Maija Alanen: Horizons of Water - Online shop for photographic art<\/title>\n<meta name=\"robots\" content=\"index, follow, max-snippet:-1, max-image-preview:large, max-video-preview:-1\" \/>\n<link rel=\"canonical\" href=\"https:\/\/shop.hippolyte.fi\/en\/product\/ulla-maija-alanen-horizons-of-water-kopio\/\" \/>\n<meta property=\"og:locale\" content=\"en_US\" \/>\n<meta property=\"og:type\" content=\"article\" \/>\n<meta property=\"og:title\" content=\"Ulla-Maija Alanen: Horizons of Water - Online shop for photographic art\" \/>\n<meta property=\"og:description\" content=\"Writers: Ulla-Maija Alanen, Susanna Pettersson, Juhani Pallasmaa Translations: Margus Elings, Refiner Translations O\u00dc Photography &amp; Drawing: Ulla-Maija Alanen Image processing: Petri Kuokka, Aarnipaja Graphic design: Ilona Ilottu, Dog Design Publisher: Self-published, 2025 Printing &amp; binding: Jelgavas Tipogr\u0101fija, Latvia Language: Finnish and English Hardcover Pages: 106 27,5 x 22 cm ISBN 978-952-94-9743-0\" \/>\n<meta property=\"og:url\" content=\"https:\/\/shop.hippolyte.fi\/en\/product\/ulla-maija-alanen-horizons-of-water-kopio\/\" \/>\n<meta property=\"og:site_name\" content=\"Online shop for photographic art\" \/>\n<meta property=\"article:modified_time\" content=\"2026-03-20T09:56:08+00:00\" \/>\n<meta property=\"og:image\" content=\"https:\/\/shop.hippolyte.fi\/wp-content\/uploads\/2025\/03\/kp25-l8a1307.jpg\" \/>\n\t<meta property=\"og:image:width\" content=\"1024\" \/>\n\t<meta property=\"og:image:height\" content=\"683\" \/>\n\t<meta property=\"og:image:type\" content=\"image\/jpeg\" \/>\n<meta name=\"twitter:card\" content=\"summary_large_image\" \/>\n<meta name=\"twitter:label1\" content=\"Est. reading time\" \/>\n\t<meta name=\"twitter:data1\" content=\"1 minute\" \/>\n<script type=\"application\/ld+json\" class=\"yoast-schema-graph\">{\"@context\":\"https:\/\/schema.org\",\"@graph\":[{\"@type\":\"WebPage\",\"@id\":\"https:\/\/shop.hippolyte.fi\/en\/product\/ulla-maija-alanen-horizons-of-water-kopio\/\",\"url\":\"https:\/\/shop.hippolyte.fi\/en\/product\/ulla-maija-alanen-horizons-of-water-kopio\/\",\"name\":\"Ulla-Maija Alanen: Horizons of Water - Online shop for photographic art\",\"isPartOf\":{\"@id\":\"https:\/\/shop.hippolyte.fi\/en\/#website\"},\"primaryImageOfPage\":{\"@id\":\"https:\/\/shop.hippolyte.fi\/en\/product\/ulla-maija-alanen-horizons-of-water-kopio\/#primaryimage\"},\"image\":{\"@id\":\"https:\/\/shop.hippolyte.fi\/en\/product\/ulla-maija-alanen-horizons-of-water-kopio\/#primaryimage\"},\"thumbnailUrl\":\"https:\/\/shop.hippolyte.fi\/wp-content\/uploads\/2025\/03\/kp25-l8a1307.jpg\",\"datePublished\":\"2026-03-19T06:54:23+00:00\",\"dateModified\":\"2026-03-20T09:56:08+00:00\",\"breadcrumb\":{\"@id\":\"https:\/\/shop.hippolyte.fi\/en\/product\/ulla-maija-alanen-horizons-of-water-kopio\/#breadcrumb\"},\"inLanguage\":\"en-US\",\"potentialAction\":[{\"@type\":\"ReadAction\",\"target\":[\"https:\/\/shop.hippolyte.fi\/en\/product\/ulla-maija-alanen-horizons-of-water-kopio\/\"]}]},{\"@type\":\"ImageObject\",\"inLanguage\":\"en-US\",\"@id\":\"https:\/\/shop.hippolyte.fi\/en\/product\/ulla-maija-alanen-horizons-of-water-kopio\/#primaryimage\",\"url\":\"https:\/\/shop.hippolyte.fi\/wp-content\/uploads\/2025\/03\/kp25-l8a1307.jpg\",\"contentUrl\":\"https:\/\/shop.hippolyte.fi\/wp-content\/uploads\/2025\/03\/kp25-l8a1307.jpg\",\"width\":1024,\"height\":683},{\"@type\":\"BreadcrumbList\",\"@id\":\"https:\/\/shop.hippolyte.fi\/en\/product\/ulla-maija-alanen-horizons-of-water-kopio\/#breadcrumb\",\"itemListElement\":[{\"@type\":\"ListItem\",\"position\":1,\"name\":\"Etusivu\",\"item\":\"https:\/\/shop.hippolyte.fi\/en\/\"},{\"@type\":\"ListItem\",\"position\":2,\"name\":\"Shop\",\"item\":\"https:\/\/shop.hippolyte.fi\/en\/shop\/\"},{\"@type\":\"ListItem\",\"position\":3,\"name\":\"Ulla-Maija Alanen: Horizons of Water\"}]},{\"@type\":\"WebSite\",\"@id\":\"https:\/\/shop.hippolyte.fi\/en\/#website\",\"url\":\"https:\/\/shop.hippolyte.fi\/en\/\",\"name\":\"Online shop for photographic art\",\"description\":\"Verkkokaupassa myyd\u00e4\u00e4n teoksia ja valokuvataidekirjoja. OTOS-tapahtuman aikana my\u00f6s tapahtuman teoksia.\",\"potentialAction\":[{\"@type\":\"SearchAction\",\"target\":{\"@type\":\"EntryPoint\",\"urlTemplate\":\"https:\/\/shop.hippolyte.fi\/en\/?s={search_term_string}\"},\"query-input\":{\"@type\":\"PropertyValueSpecification\",\"valueRequired\":true,\"valueName\":\"search_term_string\"}}],\"inLanguage\":\"en-US\"}]}<\/script>\n<!-- \/ Yoast SEO plugin. -->","yoast_head_json":{"title":"Ulla-Maija Alanen: Horizons of Water - Online shop for photographic art","robots":{"index":"index","follow":"follow","max-snippet":"max-snippet:-1","max-image-preview":"max-image-preview:large","max-video-preview":"max-video-preview:-1"},"canonical":"https:\/\/shop.hippolyte.fi\/en\/product\/ulla-maija-alanen-horizons-of-water-kopio\/","og_locale":"en_US","og_type":"article","og_title":"Ulla-Maija Alanen: Horizons of Water - Online shop for photographic art","og_description":"Writers: Ulla-Maija Alanen, Susanna Pettersson, Juhani Pallasmaa Translations: Margus Elings, Refiner Translations O\u00dc Photography &amp; Drawing: Ulla-Maija Alanen Image processing: Petri Kuokka, Aarnipaja Graphic design: Ilona Ilottu, Dog Design Publisher: Self-published, 2025 Printing &amp; binding: Jelgavas Tipogr\u0101fija, Latvia Language: Finnish and English Hardcover Pages: 106 27,5 x 22 cm ISBN 978-952-94-9743-0","og_url":"https:\/\/shop.hippolyte.fi\/en\/product\/ulla-maija-alanen-horizons-of-water-kopio\/","og_site_name":"Online shop for photographic art","article_modified_time":"2026-03-20T09:56:08+00:00","og_image":[{"width":1024,"height":683,"url":"https:\/\/shop.hippolyte.fi\/wp-content\/uploads\/2025\/03\/kp25-l8a1307.jpg","type":"image\/jpeg"}],"twitter_card":"summary_large_image","twitter_misc":{"Est. reading time":"1 minute"},"schema":{"@context":"https:\/\/schema.org","@graph":[{"@type":"WebPage","@id":"https:\/\/shop.hippolyte.fi\/en\/product\/ulla-maija-alanen-horizons-of-water-kopio\/","url":"https:\/\/shop.hippolyte.fi\/en\/product\/ulla-maija-alanen-horizons-of-water-kopio\/","name":"Ulla-Maija Alanen: Horizons of Water - Online shop for photographic art","isPartOf":{"@id":"https:\/\/shop.hippolyte.fi\/en\/#website"},"primaryImageOfPage":{"@id":"https:\/\/shop.hippolyte.fi\/en\/product\/ulla-maija-alanen-horizons-of-water-kopio\/#primaryimage"},"image":{"@id":"https:\/\/shop.hippolyte.fi\/en\/product\/ulla-maija-alanen-horizons-of-water-kopio\/#primaryimage"},"thumbnailUrl":"https:\/\/shop.hippolyte.fi\/wp-content\/uploads\/2025\/03\/kp25-l8a1307.jpg","datePublished":"2026-03-19T06:54:23+00:00","dateModified":"2026-03-20T09:56:08+00:00","breadcrumb":{"@id":"https:\/\/shop.hippolyte.fi\/en\/product\/ulla-maija-alanen-horizons-of-water-kopio\/#breadcrumb"},"inLanguage":"en-US","potentialAction":[{"@type":"ReadAction","target":["https:\/\/shop.hippolyte.fi\/en\/product\/ulla-maija-alanen-horizons-of-water-kopio\/"]}]},{"@type":"ImageObject","inLanguage":"en-US","@id":"https:\/\/shop.hippolyte.fi\/en\/product\/ulla-maija-alanen-horizons-of-water-kopio\/#primaryimage","url":"https:\/\/shop.hippolyte.fi\/wp-content\/uploads\/2025\/03\/kp25-l8a1307.jpg","contentUrl":"https:\/\/shop.hippolyte.fi\/wp-content\/uploads\/2025\/03\/kp25-l8a1307.jpg","width":1024,"height":683},{"@type":"BreadcrumbList","@id":"https:\/\/shop.hippolyte.fi\/en\/product\/ulla-maija-alanen-horizons-of-water-kopio\/#breadcrumb","itemListElement":[{"@type":"ListItem","position":1,"name":"Etusivu","item":"https:\/\/shop.hippolyte.fi\/en\/"},{"@type":"ListItem","position":2,"name":"Shop","item":"https:\/\/shop.hippolyte.fi\/en\/shop\/"},{"@type":"ListItem","position":3,"name":"Ulla-Maija Alanen: Horizons of Water"}]},{"@type":"WebSite","@id":"https:\/\/shop.hippolyte.fi\/en\/#website","url":"https:\/\/shop.hippolyte.fi\/en\/","name":"Online shop for photographic art","description":"Verkkokaupassa myyd\u00e4\u00e4n teoksia ja valokuvataidekirjoja. OTOS-tapahtuman aikana my\u00f6s tapahtuman teoksia.","potentialAction":[{"@type":"SearchAction","target":{"@type":"EntryPoint","urlTemplate":"https:\/\/shop.hippolyte.fi\/en\/?s={search_term_string}"},"query-input":{"@type":"PropertyValueSpecification","valueRequired":true,"valueName":"search_term_string"}}],"inLanguage":"en-US"}]}},"_links":{"self":[{"href":"https:\/\/shop.hippolyte.fi\/en\/wp-json\/wp\/v2\/product\/6046","targetHints":{"allow":["GET"]}}],"collection":[{"href":"https:\/\/shop.hippolyte.fi\/en\/wp-json\/wp\/v2\/product"}],"about":[{"href":"https:\/\/shop.hippolyte.fi\/en\/wp-json\/wp\/v2\/types\/product"}],"wp:featuredmedia":[{"embeddable":true,"href":"https:\/\/shop.hippolyte.fi\/en\/wp-json\/wp\/v2\/media\/6037"}],"wp:attachment":[{"href":"https:\/\/shop.hippolyte.fi\/en\/wp-json\/wp\/v2\/media?parent=6046"}],"wp:term":[{"taxonomy":"product_brand","embeddable":true,"href":"https:\/\/shop.hippolyte.fi\/en\/wp-json\/wp\/v2\/product_brand?post=6046"},{"taxonomy":"product_cat","embeddable":true,"href":"https:\/\/shop.hippolyte.fi\/en\/wp-json\/wp\/v2\/product_cat?post=6046"},{"taxonomy":"product_tag","embeddable":true,"href":"https:\/\/shop.hippolyte.fi\/en\/wp-json\/wp\/v2\/product_tag?post=6046"},{"taxonomy":"artists","embeddable":true,"href":"https:\/\/shop.hippolyte.fi\/en\/wp-json\/wp\/v2\/artists?post=6046"},{"taxonomy":"location","embeddable":true,"href":"https:\/\/shop.hippolyte.fi\/en\/wp-json\/wp\/v2\/location?post=6046"},{"taxonomy":"publisher","embeddable":true,"href":"https:\/\/shop.hippolyte.fi\/en\/wp-json\/wp\/v2\/publisher?post=6046"},{"taxonomy":"years","embeddable":true,"href":"https:\/\/shop.hippolyte.fi\/en\/wp-json\/wp\/v2\/years?post=6046"}],"curies":[{"name":"wp","href":"https:\/\/api.w.org\/{rel}","templated":true}]}}